{"id":15354,"date":"2022-10-01T23:03:43","date_gmt":"2022-10-01T21:03:43","guid":{"rendered":"http:\/\/dev.claret.cat\/producte\/senor-del-mundo\/"},"modified":"2023-01-28T17:35:40","modified_gmt":"2023-01-28T16:35:40","slug":"senor-del-mundo-9788416128938","status":"publish","type":"product","link":"https:\/\/www.claret.cat\/es\/libro\/senor-del-mundo-9788416128938\/","title":{"rendered":"SE\u00d1OR DEL MUNDO"},"content":{"rendered":"<p>Se\u00f1or del mundo es la primera distop\u00eda publicada en el siglo XX y probablemente la primera de la historia de la literatura. Su influencia puede detectarse en grandes<br \/> obras literarias como Un mundo feliz de Huxley y 1984 de George Orwell. Asimismo ejerce su influjo en el universo f\u00edlmico reciente que recrea visiones del Anticristo, el Apocalipsis y la Segunda venida como la saga de La Profec\u00eda.<\/p>\n","protected":false},"excerpt":{"rendered":"<p>BENSON, ROBERT HUGH<\/p>\n","protected":false},"featured_media":277763,"template":"","meta":{"_acf_changed":false,"om_disable_all_campaigns":false,"rs_blank_template":"","rs_page_bg_color":"","slide_template_v7":"","inline_featured_image":false,"_monsterinsights_skip_tracking":false,"_monsterinsights_sitenote_active":false,"_monsterinsights_sitenote_note":"","_monsterinsights_sitenote_category":0},"product_brand":[],"product_cat":[90,540],"product_tag":[],"class_list":{"0":"post-15354","1":"product","2":"type-product","3":"status-publish","4":"has-post-thumbnail","6":"product_cat-altres","7":"product_cat-otros","9":"first","10":"instock","11":"taxable","12":"shipping-taxable","13":"purchasable","14":"product-type-simple"},"acf":{"autor":"BENSON, ROBERT HUGH","codart":"841612893","libros-coleccion":"","ediciones":"1","encuadernacion":"Carton\u00e9","fecha_de_publicacion":"01\/06\/2015","novedad":"0","paginas":"311","subtitulo":"","orden":"999","portada":"0","idioma":"spa","editorial":[{"ID":148036,"post_author":"3","post_date":"2022-10-14 11:55:08","post_date_gmt":"2022-10-14 09:55:08","post_content":"","post_title":"EDITORIAL STELLA MARIS","post_excerpt":"","post_status":"publish","comment_status":"closed","ping_status":"closed","post_password":"","post_name":"editorial-stella-maris","to_ping":"","pinged":"","post_modified":"2022-10-14 11:55:08","post_modified_gmt":"2022-10-14 09:55:08","post_content_filtered":"","post_parent":0,"guid":"http:\/\/dev.claret.cat\/editorial\/editorial-stella-maris\/","menu_order":0,"post_type":"editorial","post_mime_type":"","comment_count":"0","filter":"raw"}],"autores-libros":[{"ID":168202,"post_author":"3","post_date":"2022-10-14 18:17:20","post_date_gmt":"2022-10-14 16:17:20","post_content":"","post_title":"ROBERT HUGH BENSON","post_excerpt":"","post_status":"publish","comment_status":"closed","ping_status":"closed","post_password":"","post_name":"robert-hugh-benson","to_ping":"","pinged":"","post_modified":"2022-10-14 18:17:20","post_modified_gmt":"2022-10-14 16:17:20","post_content_filtered":"","post_parent":0,"guid":"http:\/\/dev.claret.cat\/autor\/robert-hugh-benson\/","menu_order":0,"post_type":"autor","post_mime_type":"","comment_count":"0","filter":"raw"}]},"aioseo_notices":[],"_links":{"self":[{"href":"https:\/\/www.claret.cat\/es\/wp-json\/wp\/v2\/product\/15354","targetHints":{"allow":["GET"]}}],"collection":[{"href":"https:\/\/www.claret.cat\/es\/wp-json\/wp\/v2\/product"}],"about":[{"href":"https:\/\/www.claret.cat\/es\/wp-json\/wp\/v2\/types\/product"}],"wp:featuredmedia":[{"embeddable":true,"href":"https:\/\/www.claret.cat\/es\/wp-json\/wp\/v2\/media\/277763"}],"wp:attachment":[{"href":"https:\/\/www.claret.cat\/es\/wp-json\/wp\/v2\/media?parent=15354"}],"wp:term":[{"taxonomy":"product_brand","embeddable":true,"href":"https:\/\/www.claret.cat\/es\/wp-json\/wp\/v2\/product_brand?post=15354"},{"taxonomy":"product_cat","embeddable":true,"href":"https:\/\/www.claret.cat\/es\/wp-json\/wp\/v2\/product_cat?post=15354"},{"taxonomy":"product_tag","embeddable":true,"href":"https:\/\/www.claret.cat\/es\/wp-json\/wp\/v2\/product_tag?post=15354"}],"curies":[{"name":"wp","href":"https:\/\/api.w.org\/{rel}","templated":true}]}}