{"id":15372,"date":"2022-10-01T23:03:59","date_gmt":"2022-10-01T21:03:59","guid":{"rendered":"http:\/\/dev.claret.cat\/producte\/cuadernos-japoneses\/"},"modified":"2023-01-28T10:46:26","modified_gmt":"2023-01-28T09:46:26","slug":"cuadernos-japoneses-9788416131228","status":"publish","type":"product","link":"https:\/\/www.claret.cat\/es\/libro\/cuadernos-japoneses-9788416131228\/","title":{"rendered":"CUADERNOS JAPONESES"},"content":{"rendered":"<p>Jap\u00f3n se hab\u00eda convertido para m\u00ed en el cofre de los deseos y, sobre todo, en un para\u00edso para los artistas. Embriagado por las viejas estampas japonesas, me adentr\u00e9 en aquel mundo de s\u00edmbolos aparentemente sencillos que ocultaba una sabidur\u00eda misteriosa. Me hab\u00eda convencido a m\u00ed mismo, y a mis editores, de que en otra vida yo hab\u00eda sido japon\u00e9s. Ellos, ceremoniosos, me hab\u00edan acogido con una reverencia: \u00abNosotros, japoneses, estamos felices de trabajar con usted, que a su vez, en otra vida, ha sido japon\u00e9s.\u00bb Adoraba a aquellas personas ir\u00f3nicas y sencillas pero entregadas a su trabajo con un rigor disimulado bajo dulces gestos melanc\u00f3licos. Me entristec\u00eda la belleza antigua de tal o cual casa de madera y papel de arroz que divisaba de tanto en tanto por mi barrio. Evocaba un pasado muy remoto.<\/p>\n","protected":false},"excerpt":{"rendered":"<p>IGORT<\/p>\n","protected":false},"featured_media":75398,"template":"","meta":{"_acf_changed":false,"om_disable_all_campaigns":false,"rs_blank_template":"","rs_page_bg_color":"","slide_template_v7":"","inline_featured_image":false,"_monsterinsights_skip_tracking":false,"_monsterinsights_sitenote_active":false,"_monsterinsights_sitenote_note":"","_monsterinsights_sitenote_category":0},"product_brand":[],"product_cat":[108],"product_tag":[],"class_list":{"0":"post-15372","1":"product","2":"type-product","3":"status-publish","4":"has-post-thumbnail","6":"product_cat-comic","8":"first","9":"instock","10":"taxable","11":"shipping-taxable","12":"purchasable","13":"product-type-simple"},"acf":{"autor":"IGORT","codart":"841613122","libros-coleccion":"","ediciones":"1","encuadernacion":"R\u00fastica","fecha_de_publicacion":"01\/04\/2016","novedad":"0","paginas":"179","subtitulo":"","orden":"999","portada":"0","idioma":"spa","editorial":[{"ID":148772,"post_author":"3","post_date":"2022-10-14 12:00:51","post_date_gmt":"2022-10-14 10:00:51","post_content":"","post_title":"SALAMANDRA, S.A., EDICIONES","post_excerpt":"","post_status":"publish","comment_status":"closed","ping_status":"closed","post_password":"","post_name":"salamandra-s-a-ediciones","to_ping":"","pinged":"","post_modified":"2022-10-14 12:00:51","post_modified_gmt":"2022-10-14 10:00:51","post_content_filtered":"","post_parent":0,"guid":"http:\/\/dev.claret.cat\/editorial\/salamandra-s-a-ediciones\/","menu_order":0,"post_type":"editorial","post_mime_type":"","comment_count":"0","filter":"raw"}],"autores-libros":[{"ID":157822,"post_author":"3","post_date":"2022-10-14 15:31:55","post_date_gmt":"2022-10-14 13:31:55","post_content":"","post_title":"IGORT","post_excerpt":"","post_status":"publish","comment_status":"closed","ping_status":"closed","post_password":"","post_name":"igort","to_ping":"","pinged":"","post_modified":"2022-10-14 15:31:55","post_modified_gmt":"2022-10-14 13:31:55","post_content_filtered":"","post_parent":0,"guid":"http:\/\/dev.claret.cat\/autor\/igort\/","menu_order":0,"post_type":"autor","post_mime_type":"","comment_count":"0","filter":"raw"}]},"aioseo_notices":[],"_links":{"self":[{"href":"https:\/\/www.claret.cat\/es\/wp-json\/wp\/v2\/product\/15372","targetHints":{"allow":["GET"]}}],"collection":[{"href":"https:\/\/www.claret.cat\/es\/wp-json\/wp\/v2\/product"}],"about":[{"href":"https:\/\/www.claret.cat\/es\/wp-json\/wp\/v2\/types\/product"}],"wp:featuredmedia":[{"embeddable":true,"href":"https:\/\/www.claret.cat\/es\/wp-json\/wp\/v2\/media\/75398"}],"wp:attachment":[{"href":"https:\/\/www.claret.cat\/es\/wp-json\/wp\/v2\/media?parent=15372"}],"wp:term":[{"taxonomy":"product_brand","embeddable":true,"href":"https:\/\/www.claret.cat\/es\/wp-json\/wp\/v2\/product_brand?post=15372"},{"taxonomy":"product_cat","embeddable":true,"href":"https:\/\/www.claret.cat\/es\/wp-json\/wp\/v2\/product_cat?post=15372"},{"taxonomy":"product_tag","embeddable":true,"href":"https:\/\/www.claret.cat\/es\/wp-json\/wp\/v2\/product_tag?post=15372"}],"curies":[{"name":"wp","href":"https:\/\/api.w.org\/{rel}","templated":true}]}}