{"id":1543,"date":"2022-07-27T20:49:30","date_gmt":"2022-07-27T18:49:30","guid":{"rendered":"http:\/\/dev.claret.cat\/producto\/psicofarmacos-que-matan-2a-edicion-9788417893675\/"},"modified":"2024-12-10T10:50:23","modified_gmt":"2024-12-10T09:50:23","slug":"psicofarmacos-que-matan-2a-edicion-9788417893675","status":"publish","type":"product","link":"https:\/\/www.claret.cat\/es\/libro\/psicofarmacos-que-matan-2a-edicion-9788417893675\/","title":{"rendered":"PSICOF\u00c1RMACOS QUE MATAN [2\u00aa EDICI\u00d3N]"},"content":{"rendered":"<p>El bestseller de Peter Gotzsche denuncia la psiquiatr\u00eda biol\u00f3gica que domina actualmente esta especialidad, y los f\u00e1rmacos que utilizan sin ton ni son los especialistas e incluso los m\u00e9dicos de familia. Adem\u00e1s de documentar las muertes que producen los antipsic\u00f3ticos, antidepresivos, etc., Gotzsche afirma: \u00abLos psiquiatras de prestigio han creado un pseudouniverso lleno de ideas err\u00f3neas. Cuentan con el apoyo y los cantos de sirena de una industria farmac\u00e9utica delictiva que ha ganado miles de millones gracias a las mentiras y a la muerte de millones de pacientes\u00bb.Ni\u00f1os y ancianos, gente normal, a todo el mundo se le recetan f\u00e1rmacos muy peligrosos, frecuentemente adictivos, y no indicados para pseutranstornos inventados por la colusi\u00f3n entre psiquiatras y laboratorios.<\/p>\n","protected":false},"excerpt":{"rendered":"<p>GOTZSCHE, PETER<\/p>\n","protected":false},"featured_media":66818,"template":"","meta":{"_acf_changed":false,"om_disable_all_campaigns":false,"rs_blank_template":"","rs_page_bg_color":"","slide_template_v7":"","inline_featured_image":false,"_monsterinsights_skip_tracking":false,"_monsterinsights_sitenote_active":false,"_monsterinsights_sitenote_note":"","_monsterinsights_sitenote_category":0},"product_brand":[],"product_cat":[368,151,401,260],"product_tag":[],"class_list":{"0":"post-1543","1":"product","2":"type-product","3":"status-publish","4":"has-post-thumbnail","6":"product_cat-contemporanea","7":"product_cat-contemporania","8":"product_cat-de-la-salud","9":"product_cat-de-la-salut","11":"first","12":"instock","13":"taxable","14":"shipping-taxable","15":"purchasable","16":"product-type-simple"},"acf":{"autor":"GOTZSCHE, PETER","codart":"841789367","ediciones":"1","encuadernacion":"R\u00fastica","fecha_de_publicacion":"01\/02\/2020","novedad":"1","paginas":"422","subtitulo":"Y DENEGACI\u00d3N ORGANIZADA","orden":"0","portada":"0","idioma":"spa","libros-coleccion":"NO FICCION","autores-libros":[{"ID":5939,"post_author":"3","post_date":"2022-07-28 17:34:43","post_date_gmt":"2022-07-28 15:34:43","post_content":"","post_title":"PETER GOTZSCHE","post_excerpt":"","post_status":"publish","comment_status":"closed","ping_status":"closed","post_password":"","post_name":"peter-gotzsche","to_ping":"","pinged":"","post_modified":"2022-07-28 17:34:43","post_modified_gmt":"2022-07-28 15:34:43","post_content_filtered":"","post_parent":0,"guid":"http:\/\/dev.claret.cat\/autor\/peter-gotzsche\/","menu_order":0,"post_type":"autor","post_mime_type":"","comment_count":"0","filter":"raw"}],"editorial":[{"ID":6300,"post_author":"3","post_date":"2022-07-28 17:49:14","post_date_gmt":"2022-07-28 15:49:14","post_content":"","post_title":"MALPASO Y CIA","post_excerpt":"","post_status":"publish","comment_status":"closed","ping_status":"closed","post_password":"","post_name":"malpaso-y-cia","to_ping":"","pinged":"","post_modified":"2022-07-28 17:49:14","post_modified_gmt":"2022-07-28 15:49:14","post_content_filtered":"","post_parent":0,"guid":"http:\/\/dev.claret.cat\/editorial\/malpaso-y-cia\/","menu_order":0,"post_type":"editorial","post_mime_type":"","comment_count":"0","filter":"raw"}]},"aioseo_notices":[],"_links":{"self":[{"href":"https:\/\/www.claret.cat\/es\/wp-json\/wp\/v2\/product\/1543","targetHints":{"allow":["GET"]}}],"collection":[{"href":"https:\/\/www.claret.cat\/es\/wp-json\/wp\/v2\/product"}],"about":[{"href":"https:\/\/www.claret.cat\/es\/wp-json\/wp\/v2\/types\/product"}],"wp:featuredmedia":[{"embeddable":true,"href":"https:\/\/www.claret.cat\/es\/wp-json\/wp\/v2\/media\/66818"}],"wp:attachment":[{"href":"https:\/\/www.claret.cat\/es\/wp-json\/wp\/v2\/media?parent=1543"}],"wp:term":[{"taxonomy":"product_brand","embeddable":true,"href":"https:\/\/www.claret.cat\/es\/wp-json\/wp\/v2\/product_brand?post=1543"},{"taxonomy":"product_cat","embeddable":true,"href":"https:\/\/www.claret.cat\/es\/wp-json\/wp\/v2\/product_cat?post=1543"},{"taxonomy":"product_tag","embeddable":true,"href":"https:\/\/www.claret.cat\/es\/wp-json\/wp\/v2\/product_tag?post=1543"}],"curies":[{"name":"wp","href":"https:\/\/api.w.org\/{rel}","templated":true}]}}