{"id":1545,"date":"2022-07-27T20:49:33","date_gmt":"2022-07-27T18:49:33","guid":{"rendered":"http:\/\/dev.claret.cat\/producto\/tots-som-la-greta-9788417922504\/"},"modified":"2023-01-28T18:33:52","modified_gmt":"2023-01-28T17:33:52","slug":"tots-som-la-greta-9788417922504","status":"publish","type":"product","link":"https:\/\/www.claret.cat\/es\/libro\/tots-som-la-greta-9788417922504\/","title":{"rendered":"TOTS SOM LA GRETA"},"content":{"rendered":"<p>Tots som la Greta, i nom\u00e9s nosaltres podem salvar el planeta. Qu\u00e8 \u00e9s el canvi clim\u00e0tic?<br \/>L&#8221;hem causat nosaltres?<br \/>Quines conseq\u00fc\u00e8ncies t\u00e9?<br \/>Som a temps de solucionar-ho? Amb tot just setze anys, la Greta no solament s&#8221;ha fet aquestes  preguntes, sin\u00f3 que ha aconseguit mobilitzar milions de joves d&#8221;arreu  del m\u00f3n per protegir el nostre planeta i projectar un futur ple d&#8221;esperan\u00e7a. Si les seves idees et resulten inspiradores, ara \u00e9s el moment d&#8221;unir-te  a la missi\u00f3 m\u00e9s important de la nostra hist\u00f2ria: salvar el planeta del canvi clim\u00e0tic.<\/p>\n","protected":false},"excerpt":{"rendered":"<p>GIANELLA, VALENTINA<\/p>\n","protected":false},"featured_media":66674,"template":"","meta":{"_acf_changed":false,"om_disable_all_campaigns":false,"rs_blank_template":"","rs_page_bg_color":"","slide_template_v7":"","inline_featured_image":false,"_monsterinsights_skip_tracking":false,"_monsterinsights_sitenote_active":false,"_monsterinsights_sitenote_note":"","_monsterinsights_sitenote_category":0},"product_brand":[],"product_cat":[193,456],"product_tag":[],"class_list":{"0":"post-1545","1":"product","2":"type-product","3":"status-publish","4":"has-post-thumbnail","6":"product_cat-del-medi-ambient","7":"product_cat-del-medio-ambiente","9":"first","10":"instock","11":"taxable","12":"shipping-taxable","13":"purchasable","14":"product-type-simple"},"acf":{"autor":"GIANELLA, VALENTINA","codart":"841792250","ediciones":"1","encuadernacion":"Carton\u00e9","fecha_de_publicacion":"01\/09\/2019","novedad":"0","paginas":"128","subtitulo":"UN MANIFEST PER A SALVAR EL PLANETA","orden":"0","portada":"0","idioma":"cat","libros-coleccion":"NO FICCI?N ILUSTRADOS","autores-libros":[{"ID":6069,"post_author":"3","post_date":"2022-07-28 17:37:29","post_date_gmt":"2022-07-28 15:37:29","post_content":"","post_title":"VALENTINA GIANELLA","post_excerpt":"","post_status":"publish","comment_status":"closed","ping_status":"closed","post_password":"","post_name":"valentina-gianella","to_ping":"","pinged":"","post_modified":"2022-07-28 17:37:29","post_modified_gmt":"2022-07-28 15:37:29","post_content_filtered":"","post_parent":0,"guid":"http:\/\/dev.claret.cat\/autor\/valentina-gianella\/","menu_order":0,"post_type":"autor","post_mime_type":"","comment_count":"0","filter":"raw"}],"editorial":[{"ID":6310,"post_author":"3","post_date":"2022-07-28 17:49:26","post_date_gmt":"2022-07-28 15:49:26","post_content":"","post_title":"MONTENA","post_excerpt":"","post_status":"publish","comment_status":"closed","ping_status":"closed","post_password":"","post_name":"montena","to_ping":"","pinged":"","post_modified":"2022-07-28 17:49:26","post_modified_gmt":"2022-07-28 15:49:26","post_content_filtered":"","post_parent":0,"guid":"http:\/\/dev.claret.cat\/editorial\/montena\/","menu_order":0,"post_type":"editorial","post_mime_type":"","comment_count":"0","filter":"raw"}]},"aioseo_notices":[],"_links":{"self":[{"href":"https:\/\/www.claret.cat\/es\/wp-json\/wp\/v2\/product\/1545","targetHints":{"allow":["GET"]}}],"collection":[{"href":"https:\/\/www.claret.cat\/es\/wp-json\/wp\/v2\/product"}],"about":[{"href":"https:\/\/www.claret.cat\/es\/wp-json\/wp\/v2\/types\/product"}],"wp:featuredmedia":[{"embeddable":true,"href":"https:\/\/www.claret.cat\/es\/wp-json\/wp\/v2\/media\/66674"}],"wp:attachment":[{"href":"https:\/\/www.claret.cat\/es\/wp-json\/wp\/v2\/media?parent=1545"}],"wp:term":[{"taxonomy":"product_brand","embeddable":true,"href":"https:\/\/www.claret.cat\/es\/wp-json\/wp\/v2\/product_brand?post=1545"},{"taxonomy":"product_cat","embeddable":true,"href":"https:\/\/www.claret.cat\/es\/wp-json\/wp\/v2\/product_cat?post=1545"},{"taxonomy":"product_tag","embeddable":true,"href":"https:\/\/www.claret.cat\/es\/wp-json\/wp\/v2\/product_tag?post=1545"}],"curies":[{"name":"wp","href":"https:\/\/api.w.org\/{rel}","templated":true}]}}