{"id":1553,"date":"2022-07-27T20:50:05","date_gmt":"2022-07-27T18:50:05","guid":{"rendered":"http:\/\/dev.claret.cat\/producto\/el-cerdo-que-queria-ser-jamon-9788418217661\/"},"modified":"2024-02-07T14:42:36","modified_gmt":"2024-02-07T13:42:36","slug":"el-cerdo-que-queria-ser-jamon-9788418217661","status":"publish","type":"product","link":"https:\/\/www.claret.cat\/es\/libro\/el-cerdo-que-queria-ser-jamon-9788418217661\/","title":{"rendered":"EL CERDO QUE QUER\u00cdA SER JAM\u00d3N"},"content":{"rendered":"<p>Cien divertidos experimentos filos\u00f3ficos para mentes inquietas<\/p>\n<p> \u00bfEst\u00e1 bien comerse un cerdo que piensa que su vida solo tiene sentido si alguien se lo come, una vez muerto y convertido en suculento jam\u00f3n? <\/p>\n<p> Julian Baggini, uno de los fil\u00f3sofos brit\u00e1nicos m\u00e1s destacados, nos propone en este libro una serie de experimentos mentales que nos van a hacer reflexionar. Se trata de peque\u00f1os relatos que plantean dilemas morales o filos\u00f3ficos de manera muy gr\u00e1fica y divertida, e invitan al lector a pensar por s\u00ed mismo las posibles respuestas. Desde la paradoja de Zen\u00f3n hasta la teor\u00eda del eterno retorno de Nietzsche, pasando por las contradicciones del multiculturalismo o los misterios que plantea la caverna de Plat\u00f3n, Baggini se pregunta si est\u00e1 bien castigar a alguien por algo que todav\u00eda no ha hecho, c\u00f3mo saber si estamos despiertos o dormidos, o si el sexo virtual debe considerarse infidelidad. <\/p>\n<p> Baggini nos brinda ejemplos cinematogr\u00e1ficos, literarios y filos\u00f3ficos que hacen de este libro un entretenido ejercicio de gimnasia mental, repleto de interrogantes que inspiran al lector a pensar y a utilizar la imaginaci\u00f3n, pues, como dice el autor, \u00abla imaginaci\u00f3n sin raz\u00f3n es mera fantas\u00eda, pero la raz\u00f3n sin imaginaci\u00f3n es est\u00e9ril\u00bb.<\/p>\n","protected":false},"excerpt":{"rendered":"<p>BAGGINI, JULIAN<\/p>\n","protected":false},"featured_media":55949,"template":"","meta":{"_acf_changed":false,"om_disable_all_campaigns":false,"rs_blank_template":"","rs_page_bg_color":"","slide_template_v7":"","inline_featured_image":false,"_monsterinsights_skip_tracking":false,"_monsterinsights_sitenote_active":false,"_monsterinsights_sitenote_note":"","_monsterinsights_sitenote_category":0},"product_brand":[],"product_cat":[173,444],"product_tag":[],"class_list":{"0":"post-1553","1":"product","2":"type-product","3":"status-publish","4":"has-post-thumbnail","6":"product_cat-logica","7":"product_cat-logica-filosofia-2_humanidades","9":"first","10":"instock","11":"taxable","12":"shipping-taxable","13":"purchasable","14":"product-type-simple"},"acf":{"autor":"BAGGINI, JULIAN","codart":"841821766","ediciones":"1","encuadernacion":"R\u00fastica","fecha_de_publicacion":"01\/04\/2022","novedad":"1","paginas":"325","subtitulo":"Y OTROS NOVENTA Y NUEVE JUEGOS PARA FIL\u00d3SOFOS DE SAL\u00d3N","orden":"0","portada":"0","idioma":"spa","libros-coleccion":"","autores-libros":[{"ID":5691,"post_author":"3","post_date":"2022-07-28 17:29:25","post_date_gmt":"2022-07-28 15:29:25","post_content":"","post_title":"JULIAN BAGGINI","post_excerpt":"","post_status":"publish","comment_status":"closed","ping_status":"closed","post_password":"","post_name":"julian-baggini","to_ping":"","pinged":"","post_modified":"2022-07-28 17:29:25","post_modified_gmt":"2022-07-28 15:29:25","post_content_filtered":"","post_parent":0,"guid":"http:\/\/dev.claret.cat\/autor\/julian-baggini\/","menu_order":0,"post_type":"autor","post_mime_type":"","comment_count":"0","filter":"raw"}],"editorial":[{"ID":6131,"post_author":"3","post_date":"2022-07-28 17:45:33","post_date_gmt":"2022-07-28 15:45:33","post_content":"","post_title":"ATICO DE LOS LIBROS","post_excerpt":"","post_status":"publish","comment_status":"closed","ping_status":"closed","post_password":"","post_name":"atico-de-los-libros","to_ping":"","pinged":"","post_modified":"2022-07-28 17:45:33","post_modified_gmt":"2022-07-28 15:45:33","post_content_filtered":"","post_parent":0,"guid":"http:\/\/dev.claret.cat\/editorial\/atico-de-los-libros\/","menu_order":0,"post_type":"editorial","post_mime_type":"","comment_count":"0","filter":"raw"}]},"aioseo_notices":[],"_links":{"self":[{"href":"https:\/\/www.claret.cat\/es\/wp-json\/wp\/v2\/product\/1553","targetHints":{"allow":["GET"]}}],"collection":[{"href":"https:\/\/www.claret.cat\/es\/wp-json\/wp\/v2\/product"}],"about":[{"href":"https:\/\/www.claret.cat\/es\/wp-json\/wp\/v2\/types\/product"}],"wp:featuredmedia":[{"embeddable":true,"href":"https:\/\/www.claret.cat\/es\/wp-json\/wp\/v2\/media\/55949"}],"wp:attachment":[{"href":"https:\/\/www.claret.cat\/es\/wp-json\/wp\/v2\/media?parent=1553"}],"wp:term":[{"taxonomy":"product_brand","embeddable":true,"href":"https:\/\/www.claret.cat\/es\/wp-json\/wp\/v2\/product_brand?post=1553"},{"taxonomy":"product_cat","embeddable":true,"href":"https:\/\/www.claret.cat\/es\/wp-json\/wp\/v2\/product_cat?post=1553"},{"taxonomy":"product_tag","embeddable":true,"href":"https:\/\/www.claret.cat\/es\/wp-json\/wp\/v2\/product_tag?post=1553"}],"curies":[{"name":"wp","href":"https:\/\/api.w.org\/{rel}","templated":true}]}}