{"id":1555,"date":"2022-07-27T20:50:11","date_gmt":"2022-07-27T18:50:11","guid":{"rendered":"http:\/\/dev.claret.cat\/producto\/educar-en-la-naturaleza-9788418285936\/"},"modified":"2023-01-28T00:55:49","modified_gmt":"2023-01-27T23:55:49","slug":"educar-en-la-naturaleza-9788418285936","status":"publish","type":"product","link":"https:\/\/www.claret.cat\/es\/libro\/educar-en-la-naturaleza-9788418285936\/","title":{"rendered":"EDUCAR EN LA NATURALEZA"},"content":{"rendered":"<p>Si hubiera una palabra para definir la relaci\u00f3n entre infancia y naturaleza, esa ser\u00eda \u00abinjusticia\u00bb. Mientras que un beb\u00e9 de un pa\u00eds desarrollado genera un impacto ambiental trece veces mayor que el de los nacidos en pa\u00edses en v\u00edas de desarrollo, estos \u00faltimos sufren las consecuencias del deterioro ambiental que las sociedades acomodadas estamos causando.<br \/> Y por supuesto a nadie escapa que en todo el mundo estamos padeciendo en vivo y en directo el resultado de a\u00f1os de desprecio y arrogancia hacia el medio ambiente.<br \/> Cada cierto tiempo nos encontramos con cat\u00e1strofes ambientales, clim\u00e1ticas, alimentarias o sanitarias. Y pese a que nos jugamos el pellejo, somos incapaces de actuar colectivamente a su favor.<br \/> Los humanos somos notablemente torpes para gestionar estas situaciones, con una sorprendente par\u00e1lisis a la hora de planificar y reaccionar para paliarlas. Aunque tambi\u00e9n es cierto que somos capaces de dar muestras de buenas pr\u00e1cticas y de acciones inteligentes. Pero \u00bfpor d\u00f3nde empezar? \u00bfC\u00f3mo reaccionar sosegadamente ante un desaf\u00edo de tal magnitud?<br \/> Katia Hueso sostiene que la \u00fanica v\u00eda para cambiar el rumbo es la educaci\u00f3n en la naturaleza, entendi\u00e9ndola no solo como una parte del curr\u00edculo, sino como algo transversal, que trascienda incluso las instituciones educativas y comience en cada hogar. Porque no hay mejor herencia para dejar a nuestros hijos que la de un mundo mejor.<\/p>\n","protected":false},"excerpt":{"rendered":"<p>HUESO, KATIA<\/p>\n","protected":false},"featured_media":65030,"template":"","meta":{"_acf_changed":false,"om_disable_all_campaigns":false,"rs_blank_template":"","rs_page_bg_color":"","slide_template_v7":"","inline_featured_image":false,"_monsterinsights_skip_tracking":false,"_monsterinsights_sitenote_active":false,"_monsterinsights_sitenote_note":"","_monsterinsights_sitenote_category":0},"product_brand":[],"product_cat":[193,456],"product_tag":[],"class_list":{"0":"post-1555","1":"product","2":"type-product","3":"status-publish","4":"has-post-thumbnail","6":"product_cat-del-medi-ambient","7":"product_cat-del-medio-ambiente","9":"first","10":"instock","11":"taxable","12":"shipping-taxable","13":"purchasable","14":"product-type-simple"},"acf":{"autor":"HUESO, KATIA","codart":"841828593","ediciones":"1","encuadernacion":"R\u00fastica","fecha_de_publicacion":"01\/03\/2021","novedad":"1","paginas":"251","subtitulo":"","orden":"0","portada":"0","idioma":"spa","libros-coleccion":"ACTUAL","autores-libros":[{"ID":5700,"post_author":"3","post_date":"2022-07-28 17:29:36","post_date_gmt":"2022-07-28 15:29:36","post_content":"","post_title":"KATIA HUESO","post_excerpt":"","post_status":"publish","comment_status":"closed","ping_status":"closed","post_password":"","post_name":"katia-hueso","to_ping":"","pinged":"","post_modified":"2022-07-28 17:29:36","post_modified_gmt":"2022-07-28 15:29:36","post_content_filtered":"","post_parent":0,"guid":"http:\/\/dev.claret.cat\/autor\/katia-hueso\/","menu_order":0,"post_type":"autor","post_mime_type":"","comment_count":"0","filter":"raw"}],"editorial":[{"ID":6331,"post_author":"3","post_date":"2022-07-28 17:49:53","post_date_gmt":"2022-07-28 15:49:53","post_content":"","post_title":"PLATAFORMA EDITORIAL","post_excerpt":"","post_status":"publish","comment_status":"closed","ping_status":"closed","post_password":"","post_name":"plataforma-editorial","to_ping":"","pinged":"","post_modified":"2022-07-28 17:49:53","post_modified_gmt":"2022-07-28 15:49:53","post_content_filtered":"","post_parent":0,"guid":"http:\/\/dev.claret.cat\/editorial\/plataforma-editorial\/","menu_order":0,"post_type":"editorial","post_mime_type":"","comment_count":"0","filter":"raw"}]},"aioseo_notices":[],"_links":{"self":[{"href":"https:\/\/www.claret.cat\/es\/wp-json\/wp\/v2\/product\/1555","targetHints":{"allow":["GET"]}}],"collection":[{"href":"https:\/\/www.claret.cat\/es\/wp-json\/wp\/v2\/product"}],"about":[{"href":"https:\/\/www.claret.cat\/es\/wp-json\/wp\/v2\/types\/product"}],"wp:featuredmedia":[{"embeddable":true,"href":"https:\/\/www.claret.cat\/es\/wp-json\/wp\/v2\/media\/65030"}],"wp:attachment":[{"href":"https:\/\/www.claret.cat\/es\/wp-json\/wp\/v2\/media?parent=1555"}],"wp:term":[{"taxonomy":"product_brand","embeddable":true,"href":"https:\/\/www.claret.cat\/es\/wp-json\/wp\/v2\/product_brand?post=1555"},{"taxonomy":"product_cat","embeddable":true,"href":"https:\/\/www.claret.cat\/es\/wp-json\/wp\/v2\/product_cat?post=1555"},{"taxonomy":"product_tag","embeddable":true,"href":"https:\/\/www.claret.cat\/es\/wp-json\/wp\/v2\/product_tag?post=1555"}],"curies":[{"name":"wp","href":"https:\/\/api.w.org\/{rel}","templated":true}]}}