{"id":15563,"date":"2022-10-01T23:06:27","date_gmt":"2022-10-01T21:06:27","guid":{"rendered":"http:\/\/dev.claret.cat\/producte\/antologia-de-textos-sobre-estimativa-y-valores\/"},"modified":"2023-10-06T09:29:45","modified_gmt":"2023-10-06T07:29:45","slug":"antologia-de-textos-sobre-estimativa-y-valores-9788430983155","status":"publish","type":"product","link":"https:\/\/www.claret.cat\/es\/libro\/antologia-de-textos-sobre-estimativa-y-valores-9788430983155\/","title":{"rendered":"ANTOLOG\u00cdA DE TEXTOS SOBRE ESTIMATIVA Y VALORES"},"content":{"rendered":"<p>Esta edici\u00f3n tiene como objetivo dar a conocer al gran p\u00fablico la filosof\u00eda de los valores de Ortega. Se incluye lo que \u00e9l public\u00f3 en vida sobre el tema, pero se a\u00f1aden textos in\u00e9ditos o poco difundidos, cuya lectura ampl\u00eda el paisaje intelectual orteguiano y permite reinterpretarlo desde otras circunstancias y en otros tiempos.<\/p>\n","protected":false},"excerpt":{"rendered":"<p>ORTEGA Y GASSET, JOS\u00c9 \/ ECHEVERR\u00cdA, JAVIER \/ ALMENDROS, LOLA S.<\/p>\n","protected":false},"featured_media":53949,"template":"","meta":{"_acf_changed":false,"om_disable_all_campaigns":false,"rs_blank_template":"","rs_page_bg_color":"","slide_template_v7":"","inline_featured_image":false,"_monsterinsights_skip_tracking":false,"_monsterinsights_sitenote_active":false,"_monsterinsights_sitenote_note":"","_monsterinsights_sitenote_category":0},"product_brand":[],"product_cat":[445],"product_tag":[],"class_list":{"0":"post-15563","1":"product","2":"type-product","3":"status-publish","4":"has-post-thumbnail","6":"product_cat-etica-filosofia-2_humanidades","8":"first","9":"instock","10":"taxable","11":"shipping-taxable","12":"purchasable","13":"product-type-simple"},"acf":{"autor":"ORTEGA Y GASSET, JOS\u00c9 \/ ECHEVERR\u00cdA, JAVIER \/ ALMENDROS, LOLA S.","codart":"843098315","libros-coleccion":"Filosof\u00eda - Los Esenciales De La Filosof","ediciones":"1","encuadernacion":"R\u00fastica","fecha_de_publicacion":"01\/04\/2022","novedad":"0","paginas":"0","subtitulo":"","orden":"0","portada":"0","idioma":"spa","editorial":[{"ID":6373,"post_author":"3","post_date":"2022-07-28 17:50:48","post_date_gmt":"2022-07-28 15:50:48","post_content":"","post_title":"Tecnos","post_excerpt":"","post_status":"publish","comment_status":"closed","ping_status":"closed","post_password":"","post_name":"tecnos","to_ping":"","pinged":"","post_modified":"2022-07-28 17:50:48","post_modified_gmt":"2022-07-28 15:50:48","post_content_filtered":"","post_parent":0,"guid":"http:\/\/dev.claret.cat\/editorial\/tecnos\/","menu_order":0,"post_type":"editorial","post_mime_type":"","comment_count":"0","filter":"raw"}],"autores-libros":[{"ID":160530,"post_author":"3","post_date":"2022-10-14 15:53:49","post_date_gmt":"2022-10-14 13:53:49","post_content":"","post_title":"JOSE ORTEGA Y GASSET","post_excerpt":"","post_status":"publish","comment_status":"closed","ping_status":"closed","post_password":"","post_name":"jose-ortega-y-gasset","to_ping":"","pinged":"","post_modified":"2022-10-14 15:53:49","post_modified_gmt":"2022-10-14 13:53:49","post_content_filtered":"","post_parent":0,"guid":"http:\/\/dev.claret.cat\/autor\/jose-ortega-y-gasset\/","menu_order":0,"post_type":"autor","post_mime_type":"","comment_count":"0","filter":"raw"},{"ID":158704,"post_author":"3","post_date":"2022-10-14 15:38:57","post_date_gmt":"2022-10-14 13:38:57","post_content":"","post_title":"JAVIER ECHEVERRIA","post_excerpt":"","post_status":"publish","comment_status":"closed","ping_status":"closed","post_password":"","post_name":"javier-echeverria","to_ping":"","pinged":"","post_modified":"2022-10-14 15:38:57","post_modified_gmt":"2022-10-14 13:38:57","post_content_filtered":"","post_parent":0,"guid":"http:\/\/dev.claret.cat\/autor\/javier-echeverria\/","menu_order":0,"post_type":"autor","post_mime_type":"","comment_count":"0","filter":"raw"},{"ID":162427,"post_author":"3","post_date":"2022-10-14 17:30:56","post_date_gmt":"2022-10-14 15:30:56","post_content":"","post_title":"LOLA S. ALMENDROS","post_excerpt":"","post_status":"publish","comment_status":"closed","ping_status":"closed","post_password":"","post_name":"lola-s-almendros","to_ping":"","pinged":"","post_modified":"2022-10-14 17:30:56","post_modified_gmt":"2022-10-14 15:30:56","post_content_filtered":"","post_parent":0,"guid":"http:\/\/dev.claret.cat\/autor\/lola-s-almendros\/","menu_order":0,"post_type":"autor","post_mime_type":"","comment_count":"0","filter":"raw"}]},"aioseo_notices":[],"_links":{"self":[{"href":"https:\/\/www.claret.cat\/es\/wp-json\/wp\/v2\/product\/15563","targetHints":{"allow":["GET"]}}],"collection":[{"href":"https:\/\/www.claret.cat\/es\/wp-json\/wp\/v2\/product"}],"about":[{"href":"https:\/\/www.claret.cat\/es\/wp-json\/wp\/v2\/types\/product"}],"wp:featuredmedia":[{"embeddable":true,"href":"https:\/\/www.claret.cat\/es\/wp-json\/wp\/v2\/media\/53949"}],"wp:attachment":[{"href":"https:\/\/www.claret.cat\/es\/wp-json\/wp\/v2\/media?parent=15563"}],"wp:term":[{"taxonomy":"product_brand","embeddable":true,"href":"https:\/\/www.claret.cat\/es\/wp-json\/wp\/v2\/product_brand?post=15563"},{"taxonomy":"product_cat","embeddable":true,"href":"https:\/\/www.claret.cat\/es\/wp-json\/wp\/v2\/product_cat?post=15563"},{"taxonomy":"product_tag","embeddable":true,"href":"https:\/\/www.claret.cat\/es\/wp-json\/wp\/v2\/product_tag?post=15563"}],"curies":[{"name":"wp","href":"https:\/\/api.w.org\/{rel}","templated":true}]}}