{"id":15590,"date":"2022-10-01T23:06:55","date_gmt":"2022-10-01T21:06:55","guid":{"rendered":"http:\/\/dev.claret.cat\/producte\/teoria-de-la-accion-humana-en-las-organizaciones\/"},"modified":"2024-05-24T04:22:06","modified_gmt":"2024-05-24T02:22:06","slug":"teoria-de-la-accion-humana-en-las-organizaciones-9788432161018","status":"publish","type":"product","link":"https:\/\/www.claret.cat\/es\/libro\/teoria-de-la-accion-humana-en-las-organizaciones-9788432161018\/","title":{"rendered":"TEOR\u00cdA DE LA ACCI\u00d3N HUMANA EN LAS ORGANIZACIONES"},"content":{"rendered":"<p>Una teor\u00eda de las decisiones humanas que conceptualiza el proceso por el cual una persona con capacidad de decidir llega a elegir una acci\u00f3n concreta en un momento determinado.<\/p>\n","protected":false},"excerpt":{"rendered":"<p>P\u00c9REZ L\u00d3PEZ, JUAN ANTONIO<\/p>\n","protected":false},"featured_media":344650,"template":"","meta":{"_acf_changed":false,"om_disable_all_campaigns":false,"rs_blank_template":"","rs_page_bg_color":"","slide_template_v7":"","inline_featured_image":false,"_monsterinsights_skip_tracking":false,"_monsterinsights_sitenote_active":false,"_monsterinsights_sitenote_note":"","_monsterinsights_sitenote_category":0},"product_brand":[],"product_cat":[182,378],"product_tag":[],"class_list":{"0":"post-15590","1":"product","2":"type-product","3":"status-publish","4":"has-post-thumbnail","6":"product_cat-social-i-economica","7":"product_cat-social-y-economica","9":"first","10":"instock","11":"taxable","12":"shipping-taxable","13":"purchasable","14":"product-type-simple"},"acf":{"autor":"P\u00c9REZ L\u00d3PEZ, JUAN ANTONIO","codart":"843216101","libros-coleccion":"FORA DE COL.LECCI\u00d3","ediciones":"2","encuadernacion":"R\u00fastica","fecha_de_publicacion":"03\/03\/2022","novedad":"1","paginas":"304","subtitulo":"LA ACCI\u00d3N PERSONAL","orden":"0","portada":"0","idioma":"spa","editorial":[{"ID":6348,"post_author":"3","post_date":"2022-07-28 17:50:16","post_date_gmt":"2022-07-28 15:50:16","post_content":"","post_title":"Rialp","post_excerpt":"","post_status":"publish","comment_status":"closed","ping_status":"closed","post_password":"","post_name":"rialp","to_ping":"","pinged":"","post_modified":"2022-07-28 17:50:16","post_modified_gmt":"2022-07-28 15:50:16","post_content_filtered":"","post_parent":0,"guid":"http:\/\/dev.claret.cat\/editorial\/rialp\/","menu_order":0,"post_type":"editorial","post_mime_type":"","comment_count":"0","filter":"raw"}],"autores-libros":[{"ID":160951,"post_author":"3","post_date":"2022-10-14 15:57:12","post_date_gmt":"2022-10-14 13:57:12","post_content":"","post_title":"JUAN ANTONIO PEREZ LOPEZ","post_excerpt":"","post_status":"publish","comment_status":"closed","ping_status":"closed","post_password":"","post_name":"juan-antonio-perez-lopez","to_ping":"","pinged":"","post_modified":"2022-10-14 15:57:12","post_modified_gmt":"2022-10-14 13:57:12","post_content_filtered":"","post_parent":0,"guid":"http:\/\/dev.claret.cat\/autor\/juan-antonio-perez-lopez\/","menu_order":0,"post_type":"autor","post_mime_type":"","comment_count":"0","filter":"raw"}]},"aioseo_notices":[],"_links":{"self":[{"href":"https:\/\/www.claret.cat\/es\/wp-json\/wp\/v2\/product\/15590","targetHints":{"allow":["GET"]}}],"collection":[{"href":"https:\/\/www.claret.cat\/es\/wp-json\/wp\/v2\/product"}],"about":[{"href":"https:\/\/www.claret.cat\/es\/wp-json\/wp\/v2\/types\/product"}],"wp:featuredmedia":[{"embeddable":true,"href":"https:\/\/www.claret.cat\/es\/wp-json\/wp\/v2\/media\/344650"}],"wp:attachment":[{"href":"https:\/\/www.claret.cat\/es\/wp-json\/wp\/v2\/media?parent=15590"}],"wp:term":[{"taxonomy":"product_brand","embeddable":true,"href":"https:\/\/www.claret.cat\/es\/wp-json\/wp\/v2\/product_brand?post=15590"},{"taxonomy":"product_cat","embeddable":true,"href":"https:\/\/www.claret.cat\/es\/wp-json\/wp\/v2\/product_cat?post=15590"},{"taxonomy":"product_tag","embeddable":true,"href":"https:\/\/www.claret.cat\/es\/wp-json\/wp\/v2\/product_tag?post=15590"}],"curies":[{"name":"wp","href":"https:\/\/api.w.org\/{rel}","templated":true}]}}