{"id":1573,"date":"2022-07-27T20:50:53","date_gmt":"2022-07-27T18:50:53","guid":{"rendered":"http:\/\/dev.claret.cat\/producto\/teologia-moral-fundamental-9788422020936\/"},"modified":"2026-02-25T18:01:26","modified_gmt":"2026-02-25T17:01:26","slug":"teologia-moral-fundamental-9788422020936","status":"publish","type":"product","link":"https:\/\/www.claret.cat\/es\/libro\/teologia-moral-fundamental-9788422020936\/","title":{"rendered":"TEOLOG\u00cdA MORAL FUNDAMENTAL"},"content":{"rendered":"<p>De acuerdo con la enc\u00edclica Veritatis splendor, este manual parte de dos ideas fundamentales. En primer lugar, el deber moral se basa en la verdad \u00faltima del ser humano. En segundo lugar, la moral cristiana remite necesariamente a la gozosa vocaci\u00f3n del cristiano que supone el seguimiento de Jesucristo. En esta edici\u00f3n de Teolog\u00eda moral fundamental, la primera parte, dedicada a los fundamentos originantes de la moral cristiana, ofrece un recorrido por su historia, desde la aportaci\u00f3n de la Sagrada Escritura y el magisterio de la Iglesia. La segunda parte recoge categor\u00edas \u00e9ticas b\u00e1sicas, como la libertad y la responsabilidad, los valores y la conciencia, el pecado, la conversi\u00f3n y la virtud. Adem\u00e1s de responder a las exigencias acad\u00e9micas y a las orientaciones recientes del papa Francisco, esta obra hace una constante referencia a la evangelizaci\u00f3n y a la necesidad de \u00abproducir frutos en la caridad para la vida del mundo\u00bb, seg\u00fan la petici\u00f3n del Concilio Vaticano II a la Teolog\u00eda moral.<\/p>\n","protected":false},"excerpt":{"rendered":"<p>FLECHA, JOS\u00c9- ROMAN<\/p>\n","protected":false},"featured_media":1007826,"template":"","meta":{"_acf_changed":false,"om_disable_all_campaigns":false,"rs_blank_template":"","rs_page_bg_color":"","slide_template_v7":"","inline_featured_image":false,"_monsterinsights_skip_tracking":false,"_monsterinsights_sitenote_active":false,"_monsterinsights_sitenote_note":"","_monsterinsights_sitenote_category":0},"product_brand":[],"product_cat":[288,514],"product_tag":[],"class_list":{"0":"post-1573","1":"product","2":"type-product","3":"status-publish","4":"has-post-thumbnail","6":"product_cat-moral-fonamental","7":"product_cat-moral-fundamental","9":"first","10":"instock","11":"taxable","12":"shipping-taxable","13":"purchasable","14":"product-type-simple"},"acf":{"autor":"FLECHA, JOS\u00c9- ROMAN","codart":"842202093","ediciones":"1","encuadernacion":"R\u00fastica","fecha_de_publicacion":"01\/03\/2010","novedad":"0","paginas":"432","subtitulo":"","orden":"0","portada":"0","idioma":"spa","libros-coleccion":"SAPIENTIA FIDEI","autores-libros":[{"ID":5649,"post_author":"3","post_date":"2022-07-28 17:28:31","post_date_gmt":"2022-07-28 15:28:31","post_content":"","post_title":"JOS\u00c9- ROMAN FLECHA","post_excerpt":"","post_status":"publish","comment_status":"closed","ping_status":"closed","post_password":"","post_name":"jose-roman-flecha","to_ping":"","pinged":"","post_modified":"2022-07-28 17:28:31","post_modified_gmt":"2022-07-28 15:28:31","post_content_filtered":"","post_parent":0,"guid":"http:\/\/dev.claret.cat\/autor\/jose-roman-flecha\/","menu_order":0,"post_type":"autor","post_mime_type":"","comment_count":"0","filter":"raw"}],"editorial":[{"ID":6142,"post_author":"3","post_date":"2022-07-28 17:45:47","post_date_gmt":"2022-07-28 15:45:47","post_content":"","post_title":"BIBLIOTECA AUTORES CRI   B.A.C","post_excerpt":"","post_status":"publish","comment_status":"closed","ping_status":"closed","post_password":"","post_name":"biblioteca-autores-cri-b-a-c","to_ping":"","pinged":"","post_modified":"2022-07-28 17:45:47","post_modified_gmt":"2022-07-28 15:45:47","post_content_filtered":"","post_parent":0,"guid":"http:\/\/dev.claret.cat\/editorial\/biblioteca-autores-cri-b-a-c\/","menu_order":0,"post_type":"editorial","post_mime_type":"","comment_count":"0","filter":"raw"}],"booktrailer":"","resenas":""},"aioseo_notices":[],"_links":{"self":[{"href":"https:\/\/www.claret.cat\/es\/wp-json\/wp\/v2\/product\/1573","targetHints":{"allow":["GET"]}}],"collection":[{"href":"https:\/\/www.claret.cat\/es\/wp-json\/wp\/v2\/product"}],"about":[{"href":"https:\/\/www.claret.cat\/es\/wp-json\/wp\/v2\/types\/product"}],"wp:featuredmedia":[{"embeddable":true,"href":"https:\/\/www.claret.cat\/es\/wp-json\/wp\/v2\/media\/1007826"}],"wp:attachment":[{"href":"https:\/\/www.claret.cat\/es\/wp-json\/wp\/v2\/media?parent=1573"}],"wp:term":[{"taxonomy":"product_brand","embeddable":true,"href":"https:\/\/www.claret.cat\/es\/wp-json\/wp\/v2\/product_brand?post=1573"},{"taxonomy":"product_cat","embeddable":true,"href":"https:\/\/www.claret.cat\/es\/wp-json\/wp\/v2\/product_cat?post=1573"},{"taxonomy":"product_tag","embeddable":true,"href":"https:\/\/www.claret.cat\/es\/wp-json\/wp\/v2\/product_tag?post=1573"}],"curies":[{"name":"wp","href":"https:\/\/api.w.org\/{rel}","templated":true}]}}