{"id":15732,"date":"2022-10-01T23:08:47","date_gmt":"2022-10-01T21:08:47","guid":{"rendered":"http:\/\/dev.claret.cat\/producte\/chispas\/"},"modified":"2023-01-28T17:20:42","modified_gmt":"2023-01-28T16:20:42","slug":"chispas-9788433998804","status":"publish","type":"product","link":"https:\/\/www.claret.cat\/es\/libro\/chispas-9788433998804\/","title":{"rendered":"CHISPAS"},"content":{"rendered":"<p>La sonrisa del carrolliano gato de Cheshire sirve de p\u00f3rtico a este libro, que contempla sin piedad y con un humor de lo m\u00e1s singular la generalizada estulticia del mundo actual, retratado en forma de vi\u00f1etas que escrutan comportamientos, actitudes y conversaciones. Por estas p\u00e1ginas desfilan los m\u00f3viles que acaparan toda la atenci\u00f3n, las hirsutas barbas h\u00edpsters y la moda de la depilaci\u00f3n corporal; los botellones y las raves; la dictadura de lo digital, de las dietas y de lo pol\u00edticamente correcto; los libros de autoayuda y la pretenciosidad art\u00edstica. Y tambi\u00e9n situaciones disparatadas como las de un par de m\u00e9nages \u00e0 trois que toman derivas imprevistas, la incansable actitud fisgona de un quisquilloso detective de hotel, la afici\u00f3n de Joyce por la escatolog\u00eda.<br \/> Mon\u00f3logos de alguien que observa, di\u00e1logos cazados al vuelo, pastiches, fragmentos, pinceladas de una realidad que suele echar chispas. Textos mordaces, tan breves como contundentes, que levantan acta de la tonter\u00eda universal sin denunciarla (es al lector a quien le toca sacar conclusiones), dibujando un triste panorama ante el que, como dice S\u00e9neca en la frase a \u00e9l atribuida que cierra el libro: \u00abHay que saber tom\u00e1rselo con humor, y entonces hasta tiene gracia.\u00bb<br \/> Luis Goytisolo sigue avanzando en el proceso de depuraci\u00f3n y concisi\u00f3n en el que lleva tiempo embarcado como narrador, y del que fue un buen ejemplo su anterior libro, Coincidencias. Aqu\u00ed, con estas Chispas, va un paso m\u00e1s all\u00e1 en su destilaci\u00f3n literaria, dando rienda suelta al erotismo y a un humor insensible al paso del tiempo.<\/p>\n","protected":false},"excerpt":{"rendered":"<p>GOYTISOLO, LUIS<\/p>\n","protected":false},"featured_media":68100,"template":"","meta":{"_acf_changed":false,"om_disable_all_campaigns":false,"rs_blank_template":"","rs_page_bg_color":"","slide_template_v7":"","inline_featured_image":false,"_monsterinsights_skip_tracking":false,"_monsterinsights_sitenote_active":false,"_monsterinsights_sitenote_note":"","_monsterinsights_sitenote_category":0},"product_brand":[],"product_cat":[87],"product_tag":[],"class_list":{"0":"post-15732","1":"product","2":"type-product","3":"status-publish","4":"has-post-thumbnail","6":"product_cat-literatura","8":"first","9":"instock","10":"taxable","11":"shipping-taxable","12":"purchasable","13":"product-type-simple"},"acf":{"autor":"GOYTISOLO, LUIS","codart":"843399880","libros-coleccion":"Narrativas hisp\u00e1nicas","ediciones":"1","encuadernacion":"R\u00fastica","fecha_de_publicacion":"01\/05\/2019","novedad":"1","paginas":"128","subtitulo":"","orden":"0","portada":"0","idioma":"spa","editorial":[{"ID":6219,"post_author":"3","post_date":"2022-07-28 17:47:26","post_date_gmt":"2022-07-28 15:47:26","post_content":"","post_title":"Editorial Anagrama S.A.","post_excerpt":"","post_status":"publish","comment_status":"closed","ping_status":"closed","post_password":"","post_name":"editorial-anagrama-s-a","to_ping":"","pinged":"","post_modified":"2022-07-28 17:47:26","post_modified_gmt":"2022-07-28 15:47:26","post_content_filtered":"","post_parent":0,"guid":"http:\/\/dev.claret.cat\/editorial\/editorial-anagrama-s-a\/","menu_order":0,"post_type":"editorial","post_mime_type":"","comment_count":"0","filter":"raw"}],"autores-libros":[{"ID":162726,"post_author":"3","post_date":"2022-10-14 17:33:19","post_date_gmt":"2022-10-14 15:33:19","post_content":"","post_title":"LUIS GOYTISOLO","post_excerpt":"","post_status":"publish","comment_status":"closed","ping_status":"closed","post_password":"","post_name":"luis-goytisolo","to_ping":"","pinged":"","post_modified":"2022-10-14 17:33:19","post_modified_gmt":"2022-10-14 15:33:19","post_content_filtered":"","post_parent":0,"guid":"http:\/\/dev.claret.cat\/autor\/luis-goytisolo\/","menu_order":0,"post_type":"autor","post_mime_type":"","comment_count":"0","filter":"raw"}]},"aioseo_notices":[],"_links":{"self":[{"href":"https:\/\/www.claret.cat\/es\/wp-json\/wp\/v2\/product\/15732","targetHints":{"allow":["GET"]}}],"collection":[{"href":"https:\/\/www.claret.cat\/es\/wp-json\/wp\/v2\/product"}],"about":[{"href":"https:\/\/www.claret.cat\/es\/wp-json\/wp\/v2\/types\/product"}],"wp:featuredmedia":[{"embeddable":true,"href":"https:\/\/www.claret.cat\/es\/wp-json\/wp\/v2\/media\/68100"}],"wp:attachment":[{"href":"https:\/\/www.claret.cat\/es\/wp-json\/wp\/v2\/media?parent=15732"}],"wp:term":[{"taxonomy":"product_brand","embeddable":true,"href":"https:\/\/www.claret.cat\/es\/wp-json\/wp\/v2\/product_brand?post=15732"},{"taxonomy":"product_cat","embeddable":true,"href":"https:\/\/www.claret.cat\/es\/wp-json\/wp\/v2\/product_cat?post=15732"},{"taxonomy":"product_tag","embeddable":true,"href":"https:\/\/www.claret.cat\/es\/wp-json\/wp\/v2\/product_tag?post=15732"}],"curies":[{"name":"wp","href":"https:\/\/api.w.org\/{rel}","templated":true}]}}