{"id":1575,"date":"2022-07-27T20:50:56","date_gmt":"2022-07-27T18:50:56","guid":{"rendered":"http:\/\/dev.claret.cat\/producto\/varon-y-mujer-los-creo-para-una-via-de-dialogo-sobre-la-cuestion-del-gender-en-la-educacion-9788422020974\/"},"modified":"2024-01-18T12:25:17","modified_gmt":"2024-01-18T11:25:17","slug":"varon-y-mujer-los-creo-para-una-via-de-dialogo-sobre-la-cuestion-del-gender-en-la-educacion-9788422020974","status":"publish","type":"product","link":"https:\/\/www.claret.cat\/es\/libro\/varon-y-mujer-los-creo-para-una-via-de-dialogo-sobre-la-cuestion-del-gender-en-la-educacion-9788422020974\/","title":{"rendered":"VARON Y MUJER LOS CREO. PARA UNA VIA DE DI\u00c1LOGO SOBRE LA CUESTI\u00d3N DEL GENDER EN LA EDUCACI\u00d3N"},"content":{"rendered":"<p>La misi\u00f3n educativa enfrenta el reto que \u00absurge de diversas formas de una ideolog\u00eda, gen\u00e9ricamente llamada gender, que \u201cniega la diferencia y la reciprocidad natural de mujer y de hombre. Esta presenta una sociedad sin diferencias de sexo, y vac\u00eda el fundamento antropol\u00f3gico de la familia. Esta ideolog\u00eda lleva a directrices legislativas y proyectos educativos que promueven una identidad personal y una intimidad afectiva totalmente desvinculadas de la diversidad biol\u00f3gica entre mujer y hombre. La identidad humana viene determinada por una opci\u00f3n individualista, que cambia con el tiempo\u201d\u00bb (n.2).<br \/>Traducci\u00f3n en lengua espa\u00f1ola revisada por la Biblioteca de Autores Cristianos, con la autorizaci\u00f3n de la Congregaci\u00f3n para la Educaci\u00f3n Cat\u00f3lica.<\/p>\n","protected":false},"excerpt":{"rendered":"<p>AA.VV<\/p>\n","protected":false},"featured_media":67670,"template":"","meta":{"_acf_changed":false,"om_disable_all_campaigns":false,"rs_blank_template":"","rs_page_bg_color":"","slide_template_v7":"","inline_featured_image":false,"_monsterinsights_skip_tracking":false,"_monsterinsights_sitenote_active":false,"_monsterinsights_sitenote_note":"","_monsterinsights_sitenote_category":0},"product_brand":[],"product_cat":[259,504,191,454,515,289],"product_tag":[],"class_list":{"0":"post-1575","1":"product","2":"type-product","3":"status-publish","4":"has-post-thumbnail","6":"product_cat-de-lensenyament","7":"product_cat-de-la-ensenanza","8":"product_cat-educacio-en-valors-pedagogia-2_humanitats","9":"product_cat-educacion-en-valores","10":"product_cat-moral-de-la-persona-bioetica-teologia-1_espiritualidad","11":"product_cat-moral-de-la-persona-bioetica","13":"first","14":"instock","15":"taxable","16":"shipping-taxable","17":"purchasable","18":"product-type-simple"},"acf":{"autor":"AA.VV","codart":"842202097","ediciones":"1","encuadernacion":"Carpeta","fecha_de_publicacion":"01\/09\/2019","novedad":"1","paginas":"46","subtitulo":"","orden":"0","portada":"0","idioma":"spa","libros-coleccion":"BAC Documentos","autores-libros":[{"ID":5198,"post_author":"3","post_date":"2022-07-28 17:16:52","post_date_gmt":"2022-07-28 15:16:52","post_content":"","post_title":"AA.VV","post_excerpt":"","post_status":"publish","comment_status":"closed","ping_status":"closed","post_password":"","post_name":"aa-vv-2","to_ping":"","pinged":"","post_modified":"2022-07-28 17:16:52","post_modified_gmt":"2022-07-28 15:16:52","post_content_filtered":"","post_parent":0,"guid":"http:\/\/dev.claret.cat\/autor\/aa-vv-2\/","menu_order":0,"post_type":"autor","post_mime_type":"","comment_count":"0","filter":"raw"}],"editorial":[{"ID":6142,"post_author":"3","post_date":"2022-07-28 17:45:47","post_date_gmt":"2022-07-28 15:45:47","post_content":"","post_title":"BIBLIOTECA AUTORES CRI   B.A.C","post_excerpt":"","post_status":"publish","comment_status":"closed","ping_status":"closed","post_password":"","post_name":"biblioteca-autores-cri-b-a-c","to_ping":"","pinged":"","post_modified":"2022-07-28 17:45:47","post_modified_gmt":"2022-07-28 15:45:47","post_content_filtered":"","post_parent":0,"guid":"http:\/\/dev.claret.cat\/editorial\/biblioteca-autores-cri-b-a-c\/","menu_order":0,"post_type":"editorial","post_mime_type":"","comment_count":"0","filter":"raw"}]},"aioseo_notices":[],"_links":{"self":[{"href":"https:\/\/www.claret.cat\/es\/wp-json\/wp\/v2\/product\/1575","targetHints":{"allow":["GET"]}}],"collection":[{"href":"https:\/\/www.claret.cat\/es\/wp-json\/wp\/v2\/product"}],"about":[{"href":"https:\/\/www.claret.cat\/es\/wp-json\/wp\/v2\/types\/product"}],"wp:featuredmedia":[{"embeddable":true,"href":"https:\/\/www.claret.cat\/es\/wp-json\/wp\/v2\/media\/67670"}],"wp:attachment":[{"href":"https:\/\/www.claret.cat\/es\/wp-json\/wp\/v2\/media?parent=1575"}],"wp:term":[{"taxonomy":"product_brand","embeddable":true,"href":"https:\/\/www.claret.cat\/es\/wp-json\/wp\/v2\/product_brand?post=1575"},{"taxonomy":"product_cat","embeddable":true,"href":"https:\/\/www.claret.cat\/es\/wp-json\/wp\/v2\/product_cat?post=1575"},{"taxonomy":"product_tag","embeddable":true,"href":"https:\/\/www.claret.cat\/es\/wp-json\/wp\/v2\/product_tag?post=1575"}],"curies":[{"name":"wp","href":"https:\/\/api.w.org\/{rel}","templated":true}]}}