{"id":15759,"date":"2022-10-01T23:09:13","date_gmt":"2022-10-01T21:09:13","guid":{"rendered":"http:\/\/dev.claret.cat\/producte\/poeta-chileno\/"},"modified":"2026-03-23T13:17:59","modified_gmt":"2026-03-23T12:17:59","slug":"poeta-chileno-9788433998934","status":"publish","type":"product","link":"https:\/\/www.claret.cat\/es\/libro\/poeta-chileno-9788433998934\/","title":{"rendered":"POETA CHILENO"},"content":{"rendered":"<p>A lo largo de buena parte de esta obra Gonzalo es un poetastro que quiere ser poeta y un padrastro que se comporta como si fuera el padre biol\u00f3gico de Vicente, un ni\u00f1o adicto a la comida para gatos que a\u00f1os despu\u00e9s se niega a estudiar en la universidad porque su sue\u00f1o principal es ser tambi\u00e9n poeta, a pesar de los consejos de Carla, su orgullosa y solitaria madre, y de Le\u00f3n, un padre mediocre dedicado a coleccionar cochecitos de juguete.<br \/>El poderoso mito de la poes\u00eda chilena un personaje secundario dice, aludiendo a los veredictos de la Academia Sueca, que los chilenos son bicampeones mundiales de poes\u00eda es revisitado y cuestionado por Pru, una periodista gringa que se convierte en testigo de ese intenso y esquivo mundo de h\u00e9roes e impostores literarios.<br \/>\u00abLa verdadera seriedad es c\u00f3mica\u00bb, dec\u00eda Nicanor Parra, y esta novela sobre poetas que desprecian las novelas lo demuestra brillantemente.<br \/>El laberinto masculino contempor\u00e1neo, los tr\u00e1gicos vaivenes del amor, las familias o familiastras fugaces, la omnipresente desconfianza en instituciones y autoridades, el deseo valiente y obcecado de pertenecer a una comunidad en parte imaginaria, el sentido de escribir y de leer en un mundo hostil que parece desmoronarse a toda velocidad&#8230; Son muchos los temas que esta obra hermosa, contundente y desenfadada pone encima de la mesa. Autor de obras que se han vuelto emblem\u00e1ticas, como Bons\u00e1i, Formas de volver a casa, Mis documentos o Facs\u00edmil, Alejandro Zambra regresa en grande a la novela con este libro que lo confirma como una de las voces fundamentales de la literatura latinoamericana en lo que va de siglo.<\/p>\n","protected":false},"excerpt":{"rendered":"<p>ZAMBRA, ALEJANDRO<\/p>\n","protected":false},"featured_media":1012607,"template":"","meta":{"_acf_changed":false,"om_disable_all_campaigns":false,"rs_blank_template":"","rs_page_bg_color":"","slide_template_v7":"","inline_featured_image":false,"_monsterinsights_skip_tracking":false,"_monsterinsights_sitenote_active":false,"_monsterinsights_sitenote_note":"","_monsterinsights_sitenote_category":0},"product_brand":[],"product_cat":[127,357],"product_tag":[],"class_list":{"0":"post-15759","1":"product","2":"type-product","3":"status-publish","4":"has-post-thumbnail","6":"product_cat-novella-contemporania","7":"product_cat-novela-contemporanea","9":"first","10":"instock","11":"taxable","12":"shipping-taxable","13":"purchasable","14":"product-type-simple"},"acf":{"autor":"ZAMBRA, ALEJANDRO","codart":"843399893","libros-coleccion":"Narrativas hisp\u00e1nicas","ediciones":"1","encuadernacion":"R\u00fastica","fecha_de_publicacion":"01\/03\/2020","novedad":"1","paginas":"424","subtitulo":"","orden":"0","portada":"0","idioma":"spa","editorial":[{"ID":6219,"post_author":"3","post_date":"2022-07-28 17:47:26","post_date_gmt":"2022-07-28 15:47:26","post_content":"","post_title":"Editorial Anagrama S.A.","post_excerpt":"","post_status":"publish","comment_status":"closed","ping_status":"closed","post_password":"","post_name":"editorial-anagrama-s-a","to_ping":"","pinged":"","post_modified":"2022-07-28 17:47:26","post_modified_gmt":"2022-07-28 15:47:26","post_content_filtered":"","post_parent":0,"guid":"http:\/\/dev.claret.cat\/editorial\/editorial-anagrama-s-a\/","menu_order":0,"post_type":"editorial","post_mime_type":"","comment_count":"0","filter":"raw"}],"autores-libros":[{"ID":149583,"post_author":"3","post_date":"2022-10-14 14:26:04","post_date_gmt":"2022-10-14 12:26:04","post_content":"","post_title":"ALEJANDRO ZAMBRA","post_excerpt":"","post_status":"publish","comment_status":"closed","ping_status":"closed","post_password":"","post_name":"alejandro-zambra","to_ping":"","pinged":"","post_modified":"2022-10-14 14:26:04","post_modified_gmt":"2022-10-14 12:26:04","post_content_filtered":"","post_parent":0,"guid":"http:\/\/dev.claret.cat\/autor\/alejandro-zambra\/","menu_order":0,"post_type":"autor","post_mime_type":"","comment_count":"0","filter":"raw"}],"booktrailer":"","resenas":""},"aioseo_notices":[],"_links":{"self":[{"href":"https:\/\/www.claret.cat\/es\/wp-json\/wp\/v2\/product\/15759","targetHints":{"allow":["GET"]}}],"collection":[{"href":"https:\/\/www.claret.cat\/es\/wp-json\/wp\/v2\/product"}],"about":[{"href":"https:\/\/www.claret.cat\/es\/wp-json\/wp\/v2\/types\/product"}],"wp:featuredmedia":[{"embeddable":true,"href":"https:\/\/www.claret.cat\/es\/wp-json\/wp\/v2\/media\/1012607"}],"wp:attachment":[{"href":"https:\/\/www.claret.cat\/es\/wp-json\/wp\/v2\/media?parent=15759"}],"wp:term":[{"taxonomy":"product_brand","embeddable":true,"href":"https:\/\/www.claret.cat\/es\/wp-json\/wp\/v2\/product_brand?post=15759"},{"taxonomy":"product_cat","embeddable":true,"href":"https:\/\/www.claret.cat\/es\/wp-json\/wp\/v2\/product_cat?post=15759"},{"taxonomy":"product_tag","embeddable":true,"href":"https:\/\/www.claret.cat\/es\/wp-json\/wp\/v2\/product_tag?post=15759"}],"curies":[{"name":"wp","href":"https:\/\/api.w.org\/{rel}","templated":true}]}}