{"id":15762,"date":"2022-10-01T23:09:16","date_gmt":"2022-10-01T21:09:16","guid":{"rendered":"http:\/\/dev.claret.cat\/producte\/los-combatientes\/"},"modified":"2023-01-28T01:27:29","modified_gmt":"2023-01-28T00:27:29","slug":"los-combatientes-9788433998941","status":"publish","type":"product","link":"https:\/\/www.claret.cat\/es\/libro\/los-combatientes-9788433998941\/","title":{"rendered":"LOS COMBATIENTES"},"content":{"rendered":"<p>Pr\u00f3logo de Elvira Navarro.<br \/> Esto va de una juventud rabiosa que ?ota entre los restos del naufragio; de un grupo de actores teatrales que se convierten en actores pol\u00edticos y deciden que la realidad solo se puede retratar a trav\u00e9s de la ridiculizaci\u00f3n, y que esta, para ser cre\u00edble y e?caz, debe empezar por uno mismo y alcanzar a nuestros maestros literarios.<br \/> Qui\u00e9nes son los combatientes: los que saltan a la comba (como los boxeadores en sus entrenamientos), los integrantes de una compa\u00f1\u00eda de teatro universitario, los j\u00f3venes que en la Espa\u00f1a del s. XXI sobreviven hart\u00e1ndose de amor ya que no pueden hartarse de pan, en palabras de la soci\u00f3loga Layla Mart\u00ednez.<br \/> Este es un libro \u2013acaso una novela, acaso una obra de teatro\u2013 que cuenta a trav\u00e9s de la ?cci\u00f3n una historia verdadera, que habla de representaci\u00f3n y realidad, de radicalismos impostados y transgresi\u00f3n aut\u00e9ntica, del arte como provocaci\u00f3n y de la provocaci\u00f3n como arte, y lo hace retando a la lectora (y tambi\u00e9n al lector) en un juego nada inocente que incorpora, a veces citando y a veces sin citar, textos ajenos.<br \/> Cristina Morales debut\u00f3 como novelista con esta obra \u2013galardonada con el Premio INJUVE 2012\u2013 que acota ya con contundencia el camino literario que la ha convertido en una de las voces m\u00e1s innovadoras, radicales y necesarias de la actual narrativa espa\u00f1ola.<\/p>\n","protected":false},"excerpt":{"rendered":"<p>MORALES, CRISTINA<\/p>\n","protected":false},"featured_media":66344,"template":"","meta":{"_acf_changed":false,"om_disable_all_campaigns":false,"rs_blank_template":"","rs_page_bg_color":"","slide_template_v7":"","inline_featured_image":false,"_monsterinsights_skip_tracking":false,"_monsterinsights_sitenote_active":false,"_monsterinsights_sitenote_note":"","_monsterinsights_sitenote_category":0},"product_brand":[],"product_cat":[127],"product_tag":[],"class_list":{"0":"post-15762","1":"product","2":"type-product","3":"status-publish","4":"has-post-thumbnail","6":"product_cat-novella-contemporania","8":"first","9":"instock","10":"taxable","11":"shipping-taxable","12":"purchasable","13":"product-type-simple"},"acf":{"autor":"MORALES, CRISTINA","codart":"843399894","libros-coleccion":"Narrativas hisp\u00e1nicas","ediciones":"1","encuadernacion":"R\u00fastica","fecha_de_publicacion":"01\/05\/2020","novedad":"1","paginas":"125","subtitulo":"","orden":"0","portada":"0","idioma":"spa","editorial":[{"ID":6219,"post_author":"3","post_date":"2022-07-28 17:47:26","post_date_gmt":"2022-07-28 15:47:26","post_content":"","post_title":"Editorial Anagrama S.A.","post_excerpt":"","post_status":"publish","comment_status":"closed","ping_status":"closed","post_password":"","post_name":"editorial-anagrama-s-a","to_ping":"","pinged":"","post_modified":"2022-07-28 17:47:26","post_modified_gmt":"2022-07-28 15:47:26","post_content_filtered":"","post_parent":0,"guid":"http:\/\/dev.claret.cat\/editorial\/editorial-anagrama-s-a\/","menu_order":0,"post_type":"editorial","post_mime_type":"","comment_count":"0","filter":"raw"}],"autores-libros":[{"ID":153372,"post_author":"3","post_date":"2022-10-14 14:56:15","post_date_gmt":"2022-10-14 12:56:15","post_content":"","post_title":"CRISTINA MORALES","post_excerpt":"","post_status":"publish","comment_status":"closed","ping_status":"closed","post_password":"","post_name":"cristina-morales","to_ping":"","pinged":"","post_modified":"2022-10-14 14:56:15","post_modified_gmt":"2022-10-14 12:56:15","post_content_filtered":"","post_parent":0,"guid":"http:\/\/dev.claret.cat\/autor\/cristina-morales\/","menu_order":0,"post_type":"autor","post_mime_type":"","comment_count":"0","filter":"raw"}]},"aioseo_notices":[],"_links":{"self":[{"href":"https:\/\/www.claret.cat\/es\/wp-json\/wp\/v2\/product\/15762","targetHints":{"allow":["GET"]}}],"collection":[{"href":"https:\/\/www.claret.cat\/es\/wp-json\/wp\/v2\/product"}],"about":[{"href":"https:\/\/www.claret.cat\/es\/wp-json\/wp\/v2\/types\/product"}],"wp:featuredmedia":[{"embeddable":true,"href":"https:\/\/www.claret.cat\/es\/wp-json\/wp\/v2\/media\/66344"}],"wp:attachment":[{"href":"https:\/\/www.claret.cat\/es\/wp-json\/wp\/v2\/media?parent=15762"}],"wp:term":[{"taxonomy":"product_brand","embeddable":true,"href":"https:\/\/www.claret.cat\/es\/wp-json\/wp\/v2\/product_brand?post=15762"},{"taxonomy":"product_cat","embeddable":true,"href":"https:\/\/www.claret.cat\/es\/wp-json\/wp\/v2\/product_cat?post=15762"},{"taxonomy":"product_tag","embeddable":true,"href":"https:\/\/www.claret.cat\/es\/wp-json\/wp\/v2\/product_tag?post=15762"}],"curies":[{"name":"wp","href":"https:\/\/api.w.org\/{rel}","templated":true}]}}