{"id":15765,"date":"2022-10-01T23:09:19","date_gmt":"2022-10-01T21:09:19","guid":{"rendered":"http:\/\/dev.claret.cat\/producte\/ultimas-tardes-con-teresa-de-jesus\/"},"modified":"2023-01-28T21:18:00","modified_gmt":"2023-01-28T20:18:00","slug":"ultimas-tardes-con-teresa-de-jesus-9788433998958","status":"publish","type":"product","link":"https:\/\/www.claret.cat\/es\/libro\/ultimas-tardes-con-teresa-de-jesus-9788433998958\/","title":{"rendered":"\u00daLTIMAS TARDES CON TERESA DE JES\u00daS"},"content":{"rendered":"<p>Corre 1562 y Teresa de Jes\u00fas, a sus cuarenta y siete a\u00f1os, est\u00e1 alojada en el palacio de Luisa de la Cerda en Toledo. Consuela a su anfitriona de la melancol\u00eda provocada por la muerte de su esposo, espera a que prospere la fundaci\u00f3n de su nuevo convento y se dedica a escribir un texto destinado a convertirse en una obra decisiva en el nacimiento del g\u00e9nero autobiogr\u00e1fico, El libro de la Vida, que deber\u00e1 complacer a sus superiores eclesi\u00e1sticos y defenderla ante sus detractores.<br \/> Pero&#8230; \u00bfy si la santa hubiera redactado en paralelo otro manuscrito, un diario m\u00e1s \u00edntimo, no destinado a complacer ni a defenderla ante nadie, sino a evocar su vida pasada y tratar de explicarse como ser humano? Eso es lo que imagina Cristina Morales, dando voz a una Teresa, si no libre de ataduras y compromisos, s\u00ed consciente de ellos y contra ellos luchando. Una Teresa que se busca en sus recuerdos y se autoexplora en su escritura: evoca su infancia con juegos de romanos y m\u00e1rtires, los padecimientos y humillaciones de su madre en sus m\u00faltiples embarazos, su vida entre la disciplina y la rebeld\u00eda, su destino como mujer en una sociedad pensada por y para los hombres&#8230;<br \/> \u00abDios m\u00edo, \u00bfdebo escribir que en mi juventud fui ruin y vanidosa y que por eso ahora Dios me premia? \u00bfDebo escribir para dar gusto al padre confesor, para dar gusto a los grandes letrados, para dar gusto a la Inquisici\u00f3n o para darme gusto a m\u00ed misma? \u00bfDebo escribir que no abrazo reforma alguna? \u00bfDebo escribir porque me lo han mandado y he hecho voto de obediencia? Dios m\u00edo, \u00bfdebo escribir?\u00bb<br \/> El resultado es la sugestiva reinvenci\u00f3n de una figura imprescindible de la literatura universal, escrita desde la libertad y la radicalidad que la propia Teresa de Jes\u00fas represent\u00f3.<\/p>\n","protected":false},"excerpt":{"rendered":"<p>MORALES, CRISTINA<\/p>\n","protected":false},"featured_media":314849,"template":"","meta":{"_acf_changed":false,"om_disable_all_campaigns":false,"rs_blank_template":"","rs_page_bg_color":"","slide_template_v7":"","inline_featured_image":false,"_monsterinsights_skip_tracking":false,"_monsterinsights_sitenote_active":false,"_monsterinsights_sitenote_note":"","_monsterinsights_sitenote_category":0},"product_brand":[],"product_cat":[90,540],"product_tag":[],"class_list":{"0":"post-15765","1":"product","2":"type-product","3":"status-publish","4":"has-post-thumbnail","6":"product_cat-altres","7":"product_cat-otros","9":"first","10":"instock","11":"taxable","12":"shipping-taxable","13":"purchasable","14":"product-type-simple"},"acf":{"autor":"MORALES, CRISTINA","codart":"843399895","libros-coleccion":"Narrativas hisp\u00e1nicas","ediciones":"1","encuadernacion":"R\u00fastica","fecha_de_publicacion":"01\/05\/2020","novedad":"1","paginas":"205","subtitulo":"","orden":"0","portada":"0","idioma":"spa","editorial":[{"ID":6219,"post_author":"3","post_date":"2022-07-28 17:47:26","post_date_gmt":"2022-07-28 15:47:26","post_content":"","post_title":"Editorial Anagrama S.A.","post_excerpt":"","post_status":"publish","comment_status":"closed","ping_status":"closed","post_password":"","post_name":"editorial-anagrama-s-a","to_ping":"","pinged":"","post_modified":"2022-07-28 17:47:26","post_modified_gmt":"2022-07-28 15:47:26","post_content_filtered":"","post_parent":0,"guid":"http:\/\/dev.claret.cat\/editorial\/editorial-anagrama-s-a\/","menu_order":0,"post_type":"editorial","post_mime_type":"","comment_count":"0","filter":"raw"}],"autores-libros":[{"ID":153372,"post_author":"3","post_date":"2022-10-14 14:56:15","post_date_gmt":"2022-10-14 12:56:15","post_content":"","post_title":"CRISTINA MORALES","post_excerpt":"","post_status":"publish","comment_status":"closed","ping_status":"closed","post_password":"","post_name":"cristina-morales","to_ping":"","pinged":"","post_modified":"2022-10-14 14:56:15","post_modified_gmt":"2022-10-14 12:56:15","post_content_filtered":"","post_parent":0,"guid":"http:\/\/dev.claret.cat\/autor\/cristina-morales\/","menu_order":0,"post_type":"autor","post_mime_type":"","comment_count":"0","filter":"raw"}]},"aioseo_notices":[],"_links":{"self":[{"href":"https:\/\/www.claret.cat\/es\/wp-json\/wp\/v2\/product\/15765","targetHints":{"allow":["GET"]}}],"collection":[{"href":"https:\/\/www.claret.cat\/es\/wp-json\/wp\/v2\/product"}],"about":[{"href":"https:\/\/www.claret.cat\/es\/wp-json\/wp\/v2\/types\/product"}],"wp:featuredmedia":[{"embeddable":true,"href":"https:\/\/www.claret.cat\/es\/wp-json\/wp\/v2\/media\/314849"}],"wp:attachment":[{"href":"https:\/\/www.claret.cat\/es\/wp-json\/wp\/v2\/media?parent=15765"}],"wp:term":[{"taxonomy":"product_brand","embeddable":true,"href":"https:\/\/www.claret.cat\/es\/wp-json\/wp\/v2\/product_brand?post=15765"},{"taxonomy":"product_cat","embeddable":true,"href":"https:\/\/www.claret.cat\/es\/wp-json\/wp\/v2\/product_cat?post=15765"},{"taxonomy":"product_tag","embeddable":true,"href":"https:\/\/www.claret.cat\/es\/wp-json\/wp\/v2\/product_tag?post=15765"}],"curies":[{"name":"wp","href":"https:\/\/api.w.org\/{rel}","templated":true}]}}