{"id":15768,"date":"2022-10-01T23:09:20","date_gmt":"2022-10-01T21:09:20","guid":{"rendered":"http:\/\/dev.claret.cat\/producte\/pequenas-mujeres-rojas\/"},"modified":"2023-01-28T22:04:01","modified_gmt":"2023-01-28T21:04:01","slug":"pequenas-mujeres-rojas-9788433998965","status":"publish","type":"product","link":"https:\/\/www.claret.cat\/es\/libro\/pequenas-mujeres-rojas-9788433998965\/","title":{"rendered":"PEQUE\u00d1AS MUJERES ROJAS"},"content":{"rendered":"<p>Paula Qui\u00f1ones llega a Azafr\u00e1n para encontrar fosas de la Guerra Civil. Nada m\u00e1s poner su pie cojo en el pueblo siente que el cielo se encapsula encima de ella y una goma invisible tira de su cuerpo para alejarla de su destino: el hotel de los Beato, situado junto a un cartel en el que se lee \u00abAzufr\u00f3n\u00bb. Ese verano Paula se cartear\u00e1 con Luz, suegra del detective Zarco y, junto con \u00e9l, uno de los personajes principales de Black, black, black: le contar\u00e1 sus amores con David Beato en un bello jard\u00edn. Tambi\u00e9n le descubrir\u00e1 sus temores respecto a la existencia de un delator y le relatar\u00e1 las leyendas familiares que alimentan el est\u00f3mago del hotel. Mientras tanto, Anal\u00eda, madre de David, cuida con amor de Jes\u00fas Beato, dulce patriarca que acaba de cumplir cien a\u00f1os, y atiende a los mensajes que este le sopla al o\u00eddo\u2026 Y, con Zarco ausente, viviendo las peripecias de Un buen detective no se casa nunca, una atm\u00f3sfera endog\u00e1mica y gelatinosa amenaza con aplastar a Paula. El western expresionista se ensucia hasta llegar al extremo de un terror habitado por animales que podr\u00edan hablar pero permanecen mudos; una ni\u00f1a que quiso ser cantante y peona caminera; y una fam\u00e9lica legi\u00f3n, piadosa  y sarc\u00e1stica, descacharrante y putrefacta, de fantasmag\u00f3ricos ni\u00f1os perdidos y mujeres muertas que reclaman, contra el signo de los tiempos, \u00ablea despacio\u2026\u00bb.<br \/>En un homenaje a Hammett y Rulfo, a Peter Pan y Alicia en el Pa\u00eds de las Maravillas, Sanz disecciona los relatos acerca de la memoria. La escritura escarba dentro y fuera, a vista de lombriz y de \u00e1guila, antes y despu\u00e9s, en un magn\u00edfico trabajo con el punto de vista que no abole la noci\u00f3n de Historia. Peque\u00f1as mujeres rojas prolonga la posibilidad de la novela pol\u00edtica: las voces de la ficci\u00f3n amplifican los miedos de quien toma la palabra y escribe, de manera que todas las voces son la misma y, a la vez, esa \u00fanica voz integra una polifon\u00eda de ecos, carcajadas, jadeos, psicofon\u00edas, gritos y onomatopeyas para imponer silencio: \u00abChissss.\u00bb Las voces se funden en un fresco sobre la violencia, cultural y econ\u00f3mica, que se encarniza contra el cuerpo de mujeres que, rotas, no son bellos fetiches, sino carne que duele. Sanz muestra, a trav\u00e9s del estilo, su sistema nervioso personal: plantea una acercamiento extremo y bello al lenguaje para visibilizar lo cruel, lo obsceno, lo que no se nombra, a trav\u00e9s de marcos no estereotipados, juguetones, subversivos, libres. Puro barroco rojo contra la anorexia intelectual.<br \/>Con peque\u00f1as mujeres rojas se cierra la trilog\u00eda del detective Arturo Zarco, un prisma en el que unos textos se transparentan en otros. Memoria del cuerpo y cuerpo de la memoria en los tiempos de una ultraderecha, local y universal, que nunca se march\u00f3. Ni esta novela ni sus hermanas son ortodoxamente negras, y, sin embargo, son m\u00e1s negras que el bet\u00fan.<\/p>\n","protected":false},"excerpt":{"rendered":"<p>SANZ, MARTA<\/p>\n","protected":false},"featured_media":66506,"template":"","meta":{"_acf_changed":false,"om_disable_all_campaigns":false,"rs_blank_template":"","rs_page_bg_color":"","slide_template_v7":"","inline_featured_image":false,"_monsterinsights_skip_tracking":false,"_monsterinsights_sitenote_active":false,"_monsterinsights_sitenote_note":"","_monsterinsights_sitenote_category":0},"product_brand":[],"product_cat":[127],"product_tag":[],"class_list":{"0":"post-15768","1":"product","2":"type-product","3":"status-publish","4":"has-post-thumbnail","6":"product_cat-novella-contemporania","8":"first","9":"instock","10":"taxable","11":"shipping-taxable","12":"purchasable","13":"product-type-simple"},"acf":{"autor":"SANZ, MARTA","codart":"843399896","libros-coleccion":"Narrativas hisp\u00e1nicas","ediciones":"1","encuadernacion":"R\u00fastica","fecha_de_publicacion":"01\/03\/2020","novedad":"1","paginas":"344","subtitulo":"","orden":"0","portada":"0","idioma":"spa","editorial":[{"ID":6219,"post_author":"3","post_date":"2022-07-28 17:47:26","post_date_gmt":"2022-07-28 15:47:26","post_content":"","post_title":"Editorial Anagrama S.A.","post_excerpt":"","post_status":"publish","comment_status":"closed","ping_status":"closed","post_password":"","post_name":"editorial-anagrama-s-a","to_ping":"","pinged":"","post_modified":"2022-07-28 17:47:26","post_modified_gmt":"2022-07-28 15:47:26","post_content_filtered":"","post_parent":0,"guid":"http:\/\/dev.claret.cat\/editorial\/editorial-anagrama-s-a\/","menu_order":0,"post_type":"editorial","post_mime_type":"","comment_count":"0","filter":"raw"}],"autores-libros":[{"ID":164220,"post_author":"3","post_date":"2022-10-14 17:45:20","post_date_gmt":"2022-10-14 15:45:20","post_content":"","post_title":"MARTA SANZ","post_excerpt":"","post_status":"publish","comment_status":"closed","ping_status":"closed","post_password":"","post_name":"marta-sanz","to_ping":"","pinged":"","post_modified":"2022-10-14 17:45:20","post_modified_gmt":"2022-10-14 15:45:20","post_content_filtered":"","post_parent":0,"guid":"http:\/\/dev.claret.cat\/autor\/marta-sanz\/","menu_order":0,"post_type":"autor","post_mime_type":"","comment_count":"0","filter":"raw"}]},"aioseo_notices":[],"_links":{"self":[{"href":"https:\/\/www.claret.cat\/es\/wp-json\/wp\/v2\/product\/15768","targetHints":{"allow":["GET"]}}],"collection":[{"href":"https:\/\/www.claret.cat\/es\/wp-json\/wp\/v2\/product"}],"about":[{"href":"https:\/\/www.claret.cat\/es\/wp-json\/wp\/v2\/types\/product"}],"wp:featuredmedia":[{"embeddable":true,"href":"https:\/\/www.claret.cat\/es\/wp-json\/wp\/v2\/media\/66506"}],"wp:attachment":[{"href":"https:\/\/www.claret.cat\/es\/wp-json\/wp\/v2\/media?parent=15768"}],"wp:term":[{"taxonomy":"product_brand","embeddable":true,"href":"https:\/\/www.claret.cat\/es\/wp-json\/wp\/v2\/product_brand?post=15768"},{"taxonomy":"product_cat","embeddable":true,"href":"https:\/\/www.claret.cat\/es\/wp-json\/wp\/v2\/product_cat?post=15768"},{"taxonomy":"product_tag","embeddable":true,"href":"https:\/\/www.claret.cat\/es\/wp-json\/wp\/v2\/product_tag?post=15768"}],"curies":[{"name":"wp","href":"https:\/\/api.w.org\/{rel}","templated":true}]}}