{"id":15800,"date":"2022-10-01T23:09:46","date_gmt":"2022-10-01T21:09:46","guid":{"rendered":"http:\/\/dev.claret.cat\/producte\/els-salms\/"},"modified":"2024-05-23T15:25:13","modified_gmt":"2024-05-23T13:25:13","slug":"els-salms-9788478263714","status":"publish","type":"product","link":"https:\/\/www.claret.cat\/es\/libro\/els-salms-9788478263714\/","title":{"rendered":"ELS SALMS"},"content":{"rendered":"<p>Presentats per Hilari Raguer La finalitat d\u2019aquesta edici\u00f3 manual \u00e9s de posar el llibre dels Salms a l\u2019abast del poble catal\u00e0, en una forma assequible en tots sentits, de cara a la preg\u00e0ria personal i tamb\u00e9, eventualment, per a \u00fas de comunitats cristianes. El pare Hilari Raguer ha precedit el text d\u2019unes ratlles de presentaci\u00f3 per a cada un d\u2019ells.<\/p>\n","protected":false},"excerpt":{"rendered":"<p>RAGUER, HILARI<\/p>\n","protected":false},"featured_media":352723,"template":"","meta":{"_acf_changed":false,"om_disable_all_campaigns":false,"rs_blank_template":"","rs_page_bg_color":"","slide_template_v7":"","inline_featured_image":false,"_monsterinsights_skip_tracking":false,"_monsterinsights_sitenote_active":false,"_monsterinsights_sitenote_note":"","_monsterinsights_sitenote_category":0},"product_brand":[],"product_cat":[345,79,396,247,383,198],"product_tag":[],"class_list":{"0":"post-15800","1":"product","2":"type-product","3":"status-publish","4":"has-post-thumbnail","6":"product_cat-espiritualidad","7":"product_cat-espiritualitat","8":"product_cat-oracion","9":"product_cat-pregaria","10":"product_cat-salmos-y-libros-poeticos","11":"product_cat-salms-i-llibres-poetics","13":"first","14":"outofstock","15":"taxable","16":"shipping-taxable","17":"purchasable","18":"product-type-simple"},"acf":{"autor":"RAGUER, HILARI","codart":"847826371","libros-coleccion":"El gra de blat","ediciones":"4","encuadernacion":"R\u00fastica","fecha_de_publicacion":"18\/03\/2008","novedad":"0","paginas":"216","subtitulo":"PRESENTADA PER HILARI REGUER","orden":"999","portada":"0","idioma":"cat","editorial":[{"ID":8266,"post_author":"3","post_date":"2022-09-30 09:21:36","post_date_gmt":"2022-09-30 07:21:36","post_content":"","post_title":"PUBLICACIONS DE L'ABADIA DE MONTSERRAT","post_excerpt":"","post_status":"publish","comment_status":"closed","ping_status":"closed","post_password":"","post_name":"publicacions-de-labadia-de-montserrat-5","to_ping":"","pinged":"","post_modified":"2022-09-30 09:21:36","post_modified_gmt":"2022-09-30 07:21:36","post_content_filtered":"","post_parent":0,"guid":"http:\/\/dev.claret.cat\/editorial\/publicacions-de-labadia-de-montserrat-5\/","menu_order":0,"post_type":"editorial","post_mime_type":"","comment_count":"0","filter":"raw"}],"autores-libros":[{"ID":157587,"post_author":"3","post_date":"2022-10-14 15:30:01","post_date_gmt":"2022-10-14 13:30:01","post_content":"","post_title":"HILARI (pres) RAGUER","post_excerpt":"","post_status":"publish","comment_status":"closed","ping_status":"closed","post_password":"","post_name":"hilari-pres-raguer","to_ping":"","pinged":"","post_modified":"2022-10-14 15:30:01","post_modified_gmt":"2022-10-14 13:30:01","post_content_filtered":"","post_parent":0,"guid":"http:\/\/dev.claret.cat\/autor\/hilari-pres-raguer\/","menu_order":0,"post_type":"autor","post_mime_type":"","comment_count":"0","filter":"raw"}]},"aioseo_notices":[],"_links":{"self":[{"href":"https:\/\/www.claret.cat\/es\/wp-json\/wp\/v2\/product\/15800","targetHints":{"allow":["GET"]}}],"collection":[{"href":"https:\/\/www.claret.cat\/es\/wp-json\/wp\/v2\/product"}],"about":[{"href":"https:\/\/www.claret.cat\/es\/wp-json\/wp\/v2\/types\/product"}],"wp:featuredmedia":[{"embeddable":true,"href":"https:\/\/www.claret.cat\/es\/wp-json\/wp\/v2\/media\/352723"}],"wp:attachment":[{"href":"https:\/\/www.claret.cat\/es\/wp-json\/wp\/v2\/media?parent=15800"}],"wp:term":[{"taxonomy":"product_brand","embeddable":true,"href":"https:\/\/www.claret.cat\/es\/wp-json\/wp\/v2\/product_brand?post=15800"},{"taxonomy":"product_cat","embeddable":true,"href":"https:\/\/www.claret.cat\/es\/wp-json\/wp\/v2\/product_cat?post=15800"},{"taxonomy":"product_tag","embeddable":true,"href":"https:\/\/www.claret.cat\/es\/wp-json\/wp\/v2\/product_tag?post=15800"}],"curies":[{"name":"wp","href":"https:\/\/api.w.org\/{rel}","templated":true}]}}