{"id":15912,"date":"2022-10-01T23:11:05","date_gmt":"2022-10-01T21:11:05","guid":{"rendered":"http:\/\/dev.claret.cat\/producte\/biblia-la-palabra-b-blp-067-imitacion-piel-bicolo-est\/"},"modified":"2025-11-12T12:35:29","modified_gmt":"2025-11-12T11:35:29","slug":"biblia-la-palabra-bblp-067-imitacion-piel-bicolo-est-9788480832403","status":"publish","type":"product","link":"https:\/\/www.claret.cat\/es\/libro\/biblia-la-palabra-bblp-067-imitacion-piel-bicolo-est-9788480832403\/","title":{"rendered":"BIBLIA &#8216;LA PALABRA&#8217; (B\/BLP 067, IMITACION PIEL, BICOLO EST)"},"content":{"rendered":"<p>Biblia traducci\u00f3n La Palabra<br \/>Una traducci\u00f3n: fiel a los textos fuente en hebreo, arameo y griego; clara, puesto que es tan formal como es posible y tan din\u00e1mica como es necesario, lo que hace que la comprensi\u00f3n del texto sea f\u00e1cil; y, bella, ya que es un texto muy cuidado, elegante y de muy buen nivel literario. <br \/>\u00b7 Tama\u00f1o grande<br \/>\u00b7 Encuadernaci\u00f3n en imitaci\u00f3n piel<br \/>\u00b7 Canto dorado<br \/>\u00b7 Bicolor<\/p>\n","protected":false},"excerpt":{"rendered":"<p>WARREN WIERSBE<\/p>\n","protected":false},"featured_media":1065600,"template":"","meta":{"_acf_changed":false,"om_disable_all_campaigns":false,"rs_blank_template":"","rs_page_bg_color":"","slide_template_v7":"","inline_featured_image":false,"_monsterinsights_skip_tracking":false,"_monsterinsights_sitenote_active":false,"_monsterinsights_sitenote_note":"","_monsterinsights_sitenote_category":0},"product_brand":[],"product_cat":[75,341],"product_tag":[],"class_list":{"0":"post-15912","1":"product","2":"type-product","3":"status-publish","4":"has-post-thumbnail","6":"product_cat-biblia","7":"product_cat-biblia-es","9":"first","10":"outofstock","11":"taxable","12":"shipping-taxable","13":"purchasable","14":"product-type-simple"},"acf":{"autor":"WARREN WIERSBE","codart":"848083240","libros-coleccion":"","ediciones":"1","encuadernacion":"Carpeta","fecha_de_publicacion":"01\/03\/2012","novedad":"0","paginas":"0","subtitulo":"EL MENSAJE DE DIOS P\u00c0RA M\u00cd","orden":"0","portada":"0","idioma":"spa","editorial":[{"ID":6366,"post_author":"3","post_date":"2022-07-28 17:50:39","post_date_gmt":"2022-07-28 15:50:39","post_content":"","post_title":"Sociedad B\u00edblica","post_excerpt":"","post_status":"publish","comment_status":"closed","ping_status":"closed","post_password":"","post_name":"sociedad-biblica","to_ping":"","pinged":"","post_modified":"2022-07-28 17:50:39","post_modified_gmt":"2022-07-28 15:50:39","post_content_filtered":"","post_parent":0,"guid":"http:\/\/dev.claret.cat\/editorial\/sociedad-biblica\/","menu_order":0,"post_type":"editorial","post_mime_type":"","comment_count":"0","filter":"raw"}],"autores-libros":[{"ID":171237,"post_author":"3","post_date":"2022-10-14 22:41:46","post_date_gmt":"2022-10-14 20:41:46","post_content":"","post_title":"WARREN WIERSBE","post_excerpt":"","post_status":"publish","comment_status":"closed","ping_status":"closed","post_password":"","post_name":"warren-wiersbe","to_ping":"","pinged":"","post_modified":"2022-10-14 22:41:46","post_modified_gmt":"2022-10-14 20:41:46","post_content_filtered":"","post_parent":0,"guid":"http:\/\/dev.claret.cat\/autor\/warren-wiersbe\/","menu_order":0,"post_type":"autor","post_mime_type":"","comment_count":"0","filter":"raw"}],"booktrailer":"","resenas":""},"aioseo_notices":[],"_links":{"self":[{"href":"https:\/\/www.claret.cat\/es\/wp-json\/wp\/v2\/product\/15912","targetHints":{"allow":["GET"]}}],"collection":[{"href":"https:\/\/www.claret.cat\/es\/wp-json\/wp\/v2\/product"}],"about":[{"href":"https:\/\/www.claret.cat\/es\/wp-json\/wp\/v2\/types\/product"}],"wp:featuredmedia":[{"embeddable":true,"href":"https:\/\/www.claret.cat\/es\/wp-json\/wp\/v2\/media\/1065600"}],"wp:attachment":[{"href":"https:\/\/www.claret.cat\/es\/wp-json\/wp\/v2\/media?parent=15912"}],"wp:term":[{"taxonomy":"product_brand","embeddable":true,"href":"https:\/\/www.claret.cat\/es\/wp-json\/wp\/v2\/product_brand?post=15912"},{"taxonomy":"product_cat","embeddable":true,"href":"https:\/\/www.claret.cat\/es\/wp-json\/wp\/v2\/product_cat?post=15912"},{"taxonomy":"product_tag","embeddable":true,"href":"https:\/\/www.claret.cat\/es\/wp-json\/wp\/v2\/product_tag?post=15912"}],"curies":[{"name":"wp","href":"https:\/\/api.w.org\/{rel}","templated":true}]}}