{"id":1601,"date":"2022-07-27T20:51:53","date_gmt":"2022-07-27T18:51:53","guid":{"rendered":"http:\/\/dev.claret.cat\/producto\/las-siete-pausas-sagradas-9788427726383\/"},"modified":"2023-01-28T04:09:20","modified_gmt":"2023-01-28T03:09:20","slug":"las-siete-pausas-sagradas-9788427726383","status":"publish","type":"product","link":"https:\/\/www.claret.cat\/es\/libro\/las-siete-pausas-sagradas-9788427726383\/","title":{"rendered":"LAS SIETE PAUSAS SAGRADAS"},"content":{"rendered":"<p>Tienes en tus manos una obra de meditaciones basada en los temas de las horas a las que los monjes se han mantenido fieles a lo largo de los a\u00f1os. Pretende ser una gu\u00eda para quienes anhelan vivir cada d\u00eda con mayor atenci\u00f3n, sobre todo, para quienes est\u00e1n buscando maneras de oraci\u00f3n en sinton\u00eda con el tiempo presente. Cada hora tiene su propio estado de \u00e1nimo y su gracia especial. Puedes aprender a entrar en el esp\u00edritu de las horas dondequiera que est\u00e9s. Sin importar lo que est\u00e9s realizando, puedes hacer una pausa para tocar la gracia de esa hora. Vivir en armon\u00eda con las horas requiere una pr\u00e1ctica fiel en el arte de la atenci\u00f3n total.  \u00danicamente as\u00ed se puede captar la hermosura de cada una de las horas y la enorme sabidur\u00eda que encierra el moverse al ritmo natural de los d\u00edas y las noches. La danza diaria y nocturna de las horas es una forma universal de honrar el giro de la tierra, as\u00ed como los misterios sagrados que emanan de nuestra herencia cristiana.<\/p>\n","protected":false},"excerpt":{"rendered":"<p>WIEDERKEHR, MACRINA<\/p>\n","protected":false},"featured_media":67642,"template":"","meta":{"_acf_changed":false,"om_disable_all_campaigns":false,"rs_blank_template":"","rs_page_bg_color":"","slide_template_v7":"","inline_featured_image":false,"_monsterinsights_skip_tracking":false,"_monsterinsights_sitenote_active":false,"_monsterinsights_sitenote_note":"","_monsterinsights_sitenote_category":0},"product_brand":[],"product_cat":[499,251],"product_tag":[],"class_list":{"0":"post-1601","1":"product","2":"type-product","3":"status-publish","4":"has-post-thumbnail","6":"product_cat-de-las-horas","7":"product_cat-de-les-hores","9":"first","10":"instock","11":"taxable","12":"shipping-taxable","13":"purchasable","14":"product-type-simple"},"acf":{"autor":"WIEDERKEHR, MACRINA","codart":"842772638","ediciones":"1","encuadernacion":"R\u00fastica","fecha_de_publicacion":"01\/08\/2019","novedad":"1","paginas":"180","subtitulo":"VIVIR LAS HORAS PLENAMENTE CONSCIENTE","orden":"0","portada":"0","idioma":"spa","libros-coleccion":"","autores-libros":[{"ID":5764,"post_author":"3","post_date":"2022-07-28 17:30:58","post_date_gmt":"2022-07-28 15:30:58","post_content":"","post_title":"MACRINA WIEDERKEHR","post_excerpt":"","post_status":"publish","comment_status":"closed","ping_status":"closed","post_password":"","post_name":"macrina-wiederkehr","to_ping":"","pinged":"","post_modified":"2022-07-28 17:30:58","post_modified_gmt":"2022-07-28 15:30:58","post_content_filtered":"","post_parent":0,"guid":"http:\/\/dev.claret.cat\/autor\/macrina-wiederkehr\/","menu_order":0,"post_type":"autor","post_mime_type":"","comment_count":"0","filter":"raw"}],"editorial":[{"ID":6312,"post_author":"3","post_date":"2022-07-28 17:49:29","post_date_gmt":"2022-07-28 15:49:29","post_content":"","post_title":"NARCEA DE EDICIONES","post_excerpt":"","post_status":"publish","comment_status":"closed","ping_status":"closed","post_password":"","post_name":"narcea-de-ediciones","to_ping":"","pinged":"","post_modified":"2022-07-28 17:49:29","post_modified_gmt":"2022-07-28 15:49:29","post_content_filtered":"","post_parent":0,"guid":"http:\/\/dev.claret.cat\/editorial\/narcea-de-ediciones\/","menu_order":0,"post_type":"editorial","post_mime_type":"","comment_count":"0","filter":"raw"}]},"aioseo_notices":[],"_links":{"self":[{"href":"https:\/\/www.claret.cat\/es\/wp-json\/wp\/v2\/product\/1601","targetHints":{"allow":["GET"]}}],"collection":[{"href":"https:\/\/www.claret.cat\/es\/wp-json\/wp\/v2\/product"}],"about":[{"href":"https:\/\/www.claret.cat\/es\/wp-json\/wp\/v2\/types\/product"}],"wp:featuredmedia":[{"embeddable":true,"href":"https:\/\/www.claret.cat\/es\/wp-json\/wp\/v2\/media\/67642"}],"wp:attachment":[{"href":"https:\/\/www.claret.cat\/es\/wp-json\/wp\/v2\/media?parent=1601"}],"wp:term":[{"taxonomy":"product_brand","embeddable":true,"href":"https:\/\/www.claret.cat\/es\/wp-json\/wp\/v2\/product_brand?post=1601"},{"taxonomy":"product_cat","embeddable":true,"href":"https:\/\/www.claret.cat\/es\/wp-json\/wp\/v2\/product_cat?post=1601"},{"taxonomy":"product_tag","embeddable":true,"href":"https:\/\/www.claret.cat\/es\/wp-json\/wp\/v2\/product_tag?post=1601"}],"curies":[{"name":"wp","href":"https:\/\/api.w.org\/{rel}","templated":true}]}}