{"id":1605,"date":"2022-07-27T20:51:59","date_gmt":"2022-07-27T18:51:59","guid":{"rendered":"http:\/\/dev.claret.cat\/producto\/hacia-una-escuela-ecohumanista-9788427728479\/"},"modified":"2023-01-28T07:41:18","modified_gmt":"2023-01-28T06:41:18","slug":"hacia-una-escuela-ecohumanista-9788427728479","status":"publish","type":"product","link":"https:\/\/www.claret.cat\/es\/libro\/hacia-una-escuela-ecohumanista-9788427728479\/","title":{"rendered":"HACIA UNA ESCUELA ECOHUMANISTA"},"content":{"rendered":"<p>La pr\u00e1ctica docente no es un mero y fr\u00edo transmitir. Este libro quiere contribuir a impregnar nuestra ense\u00f1anza de un humanismo activo porque la educaci\u00f3n juega alg\u00fan papel decisivo en abrir paso a los sentimientos, a la creatividad, a la \u00e9tica. Aprender Historia o Matem\u00e1ticas puede resultar una pesada carga o un ejercicio de liberaci\u00f3n; puede quitarnos el sue\u00f1o o motivarnos, puede abrirnos perspectivas o encerrarnos en una sola. Puede, en definitiva, ejercer su papel en sumirnos en el conformismo m\u00e1s banal o en despertar conciencia y valor. Es ah\u00ed, en ese n\u00facleo an\u00edmico y vital, donde la educaci\u00f3n ofrece todo su valor a\u00f1adido y su raz\u00f3n de ser, donde se alza a otro nivel, al nivel \u00f3ptimo que todos deseamos. La adulteraci\u00f3n de los valores democr\u00e1ticos b\u00e1sicos y de los derechos humanos y la emergencia clim\u00e1tica son cuestiones que est\u00e1n condicionando nuestras vidas. La pandemia es solo una consecuencia m\u00e1s de nuestro divorcio con la naturaleza y de nuestra sacralizaci\u00f3n de la eficacia, el beneficio y la rapidez. Di\u00e1logos, silencios, reflexi\u00f3n, est\u00e1n mal vistos. Hay que correr. Hay que funcionar. Hay que optimizar. Por encima de todo, esta inmensa m\u00e1quina devoradora de recursos que hemos creado tiene que seguir adelante sin hacerse preguntas. La ense\u00f1anza deber\u00eda resistirse a entrar en este juego, porque su raz\u00f3n de existir, si la entendemos como una formaci\u00f3n integral del ser humano, como una tarea de base \u00e9tica, se basa en la curiosidad, en las preguntas, en el an\u00e1lisis cr\u00edtico. En este sentido, los profesores vitales y proactivos adquieren el inmenso valor de ayudar a configurar un futuro con esperanza.<\/p>\n","protected":false},"excerpt":{"rendered":"<p>MARRAS\u00c9, JOSEP MANEL<\/p>\n","protected":false},"featured_media":64622,"template":"","meta":{"_acf_changed":false,"om_disable_all_campaigns":false,"rs_blank_template":"","rs_page_bg_color":"","slide_template_v7":"","inline_featured_image":false,"_monsterinsights_skip_tracking":false,"_monsterinsights_sitenote_active":false,"_monsterinsights_sitenote_note":"","_monsterinsights_sitenote_category":0},"product_brand":[],"product_cat":[193,456],"product_tag":[],"class_list":{"0":"post-1605","1":"product","2":"type-product","3":"status-publish","4":"has-post-thumbnail","6":"product_cat-del-medi-ambient","7":"product_cat-del-medio-ambiente","9":"first","10":"instock","11":"taxable","12":"shipping-taxable","13":"purchasable","14":"product-type-simple"},"acf":{"autor":"MARRAS\u00c9, JOSEP MANEL","codart":"842772847","ediciones":"1","encuadernacion":"R\u00fastica","fecha_de_publicacion":"01\/06\/2021","novedad":"1","paginas":"160","subtitulo":"EDUCAR PARA UN FUTURO CON ESPERANZA","orden":"0","portada":"0","idioma":"spa","libros-coleccion":"Educaci\u00f3n Hoy Estudios","autores-libros":[{"ID":5667,"post_author":"3","post_date":"2022-07-28 17:28:54","post_date_gmt":"2022-07-28 15:28:54","post_content":"","post_title":"JOSEP MANEL MARRAS\u00c9","post_excerpt":"","post_status":"publish","comment_status":"closed","ping_status":"closed","post_password":"","post_name":"josep-manel-marrase","to_ping":"","pinged":"","post_modified":"2022-07-28 17:28:54","post_modified_gmt":"2022-07-28 15:28:54","post_content_filtered":"","post_parent":0,"guid":"http:\/\/dev.claret.cat\/autor\/josep-manel-marrase\/","menu_order":0,"post_type":"autor","post_mime_type":"","comment_count":"0","filter":"raw"}],"editorial":[{"ID":6312,"post_author":"3","post_date":"2022-07-28 17:49:29","post_date_gmt":"2022-07-28 15:49:29","post_content":"","post_title":"NARCEA DE EDICIONES","post_excerpt":"","post_status":"publish","comment_status":"closed","ping_status":"closed","post_password":"","post_name":"narcea-de-ediciones","to_ping":"","pinged":"","post_modified":"2022-07-28 17:49:29","post_modified_gmt":"2022-07-28 15:49:29","post_content_filtered":"","post_parent":0,"guid":"http:\/\/dev.claret.cat\/editorial\/narcea-de-ediciones\/","menu_order":0,"post_type":"editorial","post_mime_type":"","comment_count":"0","filter":"raw"}]},"aioseo_notices":[],"_links":{"self":[{"href":"https:\/\/www.claret.cat\/es\/wp-json\/wp\/v2\/product\/1605","targetHints":{"allow":["GET"]}}],"collection":[{"href":"https:\/\/www.claret.cat\/es\/wp-json\/wp\/v2\/product"}],"about":[{"href":"https:\/\/www.claret.cat\/es\/wp-json\/wp\/v2\/types\/product"}],"wp:featuredmedia":[{"embeddable":true,"href":"https:\/\/www.claret.cat\/es\/wp-json\/wp\/v2\/media\/64622"}],"wp:attachment":[{"href":"https:\/\/www.claret.cat\/es\/wp-json\/wp\/v2\/media?parent=1605"}],"wp:term":[{"taxonomy":"product_brand","embeddable":true,"href":"https:\/\/www.claret.cat\/es\/wp-json\/wp\/v2\/product_brand?post=1605"},{"taxonomy":"product_cat","embeddable":true,"href":"https:\/\/www.claret.cat\/es\/wp-json\/wp\/v2\/product_cat?post=1605"},{"taxonomy":"product_tag","embeddable":true,"href":"https:\/\/www.claret.cat\/es\/wp-json\/wp\/v2\/product_tag?post=1605"}],"curies":[{"name":"wp","href":"https:\/\/api.w.org\/{rel}","templated":true}]}}