{"id":16221,"date":"2022-10-01T23:14:55","date_gmt":"2022-10-01T21:14:55","guid":{"rendered":"http:\/\/dev.claret.cat\/producte\/metodo-12-basicos-para-educar\/"},"modified":"2024-05-23T06:31:14","modified_gmt":"2024-05-23T04:31:14","slug":"metodo-12-basicos-para-educar-9788490234228","status":"publish","type":"product","link":"https:\/\/www.claret.cat\/es\/libro\/metodo-12-basicos-para-educar-9788490234228\/","title":{"rendered":"M\u00c9TODO 12 B\u00c1SICOS PARA EDUCAR"},"content":{"rendered":"<p>El libro que tienes entre manos, es fruto de m\u00e1s de veinte a\u00f1os de experiencia profesional de los autores y sobre todo de su experiencia como padres. Como su nombre indica, el M\u00e9todo \u00ab12 B\u00e1sicos para educar\u00bb, apoyado en los nuevos avances sobre inteligencias m\u00faltiples y en la psicolog\u00eda de las fortalezas, selecciona doce elementos esenciales para incorporar en la tarea educativa de los padres. Propone un m\u00e9todo que ayudar\u00e1 a redescubrir la preciosa responsabilidad de educar y c\u00f3mo hacerlo, desde unas pautas sencillas y con ejemplos cotidianos para que la relaci\u00f3n con los hijos resulte siempre educativa. Todo ello sin pretender ser un manual de instrucciones, ni recetas m\u00e1gicas, como dice el primer b\u00e1sico, pero s\u00ed con el prop\u00f3sito de invitar a la reflexi\u00f3n sobre algunos puntos, ya probados, que favorecer\u00e1n la educaci\u00f3n de los hijos.<\/p>\n","protected":false},"excerpt":{"rendered":"<p>PRIETO, LUIS FELIPE; L\u00d3PEZ, MYRIAM<\/p>\n","protected":false},"featured_media":359277,"template":"","meta":{"_acf_changed":false,"om_disable_all_campaigns":false,"rs_blank_template":"","rs_page_bg_color":"","slide_template_v7":"","inline_featured_image":false,"_monsterinsights_skip_tracking":false,"_monsterinsights_sitenote_active":false,"_monsterinsights_sitenote_note":"","_monsterinsights_sitenote_category":0},"product_brand":[],"product_cat":[100,550],"product_tag":[],"class_list":{"0":"post-16221","1":"product","2":"type-product","3":"status-publish","4":"has-post-thumbnail","6":"product_cat-escola-de-pares","7":"product_cat-escuela-de-padres-3_infantil-juvenil-spa-spa","9":"first","10":"instock","11":"taxable","12":"shipping-taxable","13":"purchasable","14":"product-type-simple"},"acf":{"autor":"PRIETO, LUIS FELIPE; L\u00d3PEZ, MYRIAM","codart":"849023422","libros-coleccion":"","ediciones":"1","encuadernacion":"R\u00fastica","fecha_de_publicacion":"14\/03\/2017","novedad":"1","paginas":"108","subtitulo":"C\u00d3MO LOGRAR QUE LA RELACI\u00d3N CON TUS HIJOS RESULTE SIEMPRE EDUCATIVO","orden":"0","portada":"0","idioma":"spa","editorial":[{"ID":6155,"post_author":"3","post_date":"2022-07-28 17:46:04","post_date_gmt":"2022-07-28 15:46:04","post_content":"","post_title":"Central Catequ\u00edstica Salesiana","post_excerpt":"","post_status":"publish","comment_status":"closed","ping_status":"closed","post_password":"","post_name":"central-catequistica-salesiana","to_ping":"","pinged":"","post_modified":"2022-07-28 17:46:04","post_modified_gmt":"2022-07-28 15:46:04","post_content_filtered":"","post_parent":0,"guid":"http:\/\/dev.claret.cat\/editorial\/central-catequistica-salesiana\/","menu_order":0,"post_type":"editorial","post_mime_type":"","comment_count":"0","filter":"raw"}],"autores-libros":[{"ID":162710,"post_author":"3","post_date":"2022-10-14 17:33:11","post_date_gmt":"2022-10-14 15:33:11","post_content":"","post_title":"LUIS FELIPE PRIETO","post_excerpt":"","post_status":"publish","comment_status":"closed","ping_status":"closed","post_password":"","post_name":"luis-felipe-prieto","to_ping":"","pinged":"","post_modified":"2022-10-14 17:33:11","post_modified_gmt":"2022-10-14 15:33:11","post_content_filtered":"","post_parent":0,"guid":"http:\/\/dev.claret.cat\/autor\/luis-felipe-prieto\/","menu_order":0,"post_type":"autor","post_mime_type":"","comment_count":"0","filter":"raw"},{"ID":165531,"post_author":"3","post_date":"2022-10-14 17:55:55","post_date_gmt":"2022-10-14 15:55:55","post_content":"","post_title":"MYRIAM L\u00d3PEZ","post_excerpt":"","post_status":"publish","comment_status":"closed","ping_status":"closed","post_password":"","post_name":"myriam-lopez","to_ping":"","pinged":"","post_modified":"2022-10-14 17:55:55","post_modified_gmt":"2022-10-14 15:55:55","post_content_filtered":"","post_parent":0,"guid":"http:\/\/dev.claret.cat\/autor\/myriam-lopez\/","menu_order":0,"post_type":"autor","post_mime_type":"","comment_count":"0","filter":"raw"}]},"aioseo_notices":[],"_links":{"self":[{"href":"https:\/\/www.claret.cat\/es\/wp-json\/wp\/v2\/product\/16221","targetHints":{"allow":["GET"]}}],"collection":[{"href":"https:\/\/www.claret.cat\/es\/wp-json\/wp\/v2\/product"}],"about":[{"href":"https:\/\/www.claret.cat\/es\/wp-json\/wp\/v2\/types\/product"}],"wp:featuredmedia":[{"embeddable":true,"href":"https:\/\/www.claret.cat\/es\/wp-json\/wp\/v2\/media\/359277"}],"wp:attachment":[{"href":"https:\/\/www.claret.cat\/es\/wp-json\/wp\/v2\/media?parent=16221"}],"wp:term":[{"taxonomy":"product_brand","embeddable":true,"href":"https:\/\/www.claret.cat\/es\/wp-json\/wp\/v2\/product_brand?post=16221"},{"taxonomy":"product_cat","embeddable":true,"href":"https:\/\/www.claret.cat\/es\/wp-json\/wp\/v2\/product_cat?post=16221"},{"taxonomy":"product_tag","embeddable":true,"href":"https:\/\/www.claret.cat\/es\/wp-json\/wp\/v2\/product_tag?post=16221"}],"curies":[{"name":"wp","href":"https:\/\/api.w.org\/{rel}","templated":true}]}}