{"id":16239,"date":"2022-10-01T23:15:08","date_gmt":"2022-10-01T21:15:08","guid":{"rendered":"http:\/\/dev.claret.cat\/producte\/educar-en-valores-y-actitudes\/"},"modified":"2024-05-23T06:28:57","modified_gmt":"2024-05-23T04:28:57","slug":"educar-en-valores-y-actitudes-9788490234303","status":"publish","type":"product","link":"https:\/\/www.claret.cat\/es\/libro\/educar-en-valores-y-actitudes-9788490234303\/","title":{"rendered":"EDUCAR EN VALORES Y ACTITUDES"},"content":{"rendered":"<p>Las personas, desde los primeros a\u00f1os de vida, necesitamos enriquecernos con comportamientos valiosos que ayudan a construir nuestra personalidad y ejercen una acci\u00f3n educativa preventiva.  Estas p\u00e1ginas facilitan recursos para que los educadores muestren el rostro amable y atractivo de actitudes y comportamientos que dignifican y enriquecen a quienes los viven. Cuando somos capaces de vivir de acuerdo a la dignidad que tenemos como personas, contribuimos a construir un mundo m\u00e1s humano, bello, alegre y pac\u00edfico.  Se ofrecen ideas que favorecen la reflexi\u00f3n personal y grupal, para que cada uno pueda interiorizarlas en su proceso de maduraci\u00f3n personal. Cuando mejoramos, ayudamos a que nuestro entorno sea un lugar donde el c\u00f3mo ser tenga m\u00e1s valor que el cu\u00e1nto tener.  Los autores, proponen actividades, relatos, textos, pel\u00edculas y reflexiones de pensadores para que los educadores puedan hacer m\u00e1s grata y eficaz la ense\u00f1anza de valores y actitudes que ayuden a mejorar como personas<\/p>\n","protected":false},"excerpt":{"rendered":"<p>CERRO, SEBASTI\u00c1N; MA\u00d1\u00da, JOS\u00c9 MANUEL<\/p>\n","protected":false},"featured_media":359289,"template":"","meta":{"_acf_changed":false,"om_disable_all_campaigns":false,"rs_blank_template":"","rs_page_bg_color":"","slide_template_v7":"","inline_featured_image":false,"_monsterinsights_skip_tracking":false,"_monsterinsights_sitenote_active":false,"_monsterinsights_sitenote_note":"","_monsterinsights_sitenote_category":0},"product_brand":[],"product_cat":[100,550],"product_tag":[],"class_list":{"0":"post-16239","1":"product","2":"type-product","3":"status-publish","4":"has-post-thumbnail","6":"product_cat-escola-de-pares","7":"product_cat-escuela-de-padres-3_infantil-juvenil-spa-spa","9":"first","10":"instock","11":"taxable","12":"shipping-taxable","13":"purchasable","14":"product-type-simple"},"acf":{"autor":"CERRO, SEBASTI\u00c1N; MA\u00d1\u00da, JOS\u00c9 MANUEL","codart":"849023430","libros-coleccion":"Materiales para educadores","ediciones":"1","encuadernacion":"R\u00fastica","fecha_de_publicacion":"12\/04\/2017","novedad":"1","paginas":"124","subtitulo":"RECURSOS PARA LA ESCUELA Y EL TIEMPO LIBRE","orden":"0","portada":"0","idioma":"spa","editorial":[{"ID":6155,"post_author":"3","post_date":"2022-07-28 17:46:04","post_date_gmt":"2022-07-28 15:46:04","post_content":"","post_title":"Central Catequ\u00edstica Salesiana","post_excerpt":"","post_status":"publish","comment_status":"closed","ping_status":"closed","post_password":"","post_name":"central-catequistica-salesiana","to_ping":"","pinged":"","post_modified":"2022-07-28 17:46:04","post_modified_gmt":"2022-07-28 15:46:04","post_content_filtered":"","post_parent":0,"guid":"http:\/\/dev.claret.cat\/editorial\/central-catequistica-salesiana\/","menu_order":0,"post_type":"editorial","post_mime_type":"","comment_count":"0","filter":"raw"}],"autores-libros":[{"ID":160417,"post_author":"3","post_date":"2022-10-14 15:52:54","post_date_gmt":"2022-10-14 13:52:54","post_content":"","post_title":"JOSE MANUEL MA\u00d1U","post_excerpt":"","post_status":"publish","comment_status":"closed","ping_status":"closed","post_password":"","post_name":"jose-manuel-manu","to_ping":"","pinged":"","post_modified":"2022-10-14 15:52:54","post_modified_gmt":"2022-10-14 13:52:54","post_content_filtered":"","post_parent":0,"guid":"http:\/\/dev.claret.cat\/autor\/jose-manuel-manu\/","menu_order":0,"post_type":"autor","post_mime_type":"","comment_count":"0","filter":"raw"},{"ID":8437,"post_author":"3","post_date":"2022-09-30 09:48:34","post_date_gmt":"2022-09-30 07:48:34","post_content":"","post_title":"SEBASTI\u00c1N CERRO","post_excerpt":"","post_status":"publish","comment_status":"closed","ping_status":"closed","post_password":"","post_name":"sebastian-cerro","to_ping":"","pinged":"","post_modified":"2022-09-30 09:48:34","post_modified_gmt":"2022-09-30 07:48:34","post_content_filtered":"","post_parent":0,"guid":"http:\/\/dev.claret.cat\/autor\/sebastian-cerro\/","menu_order":0,"post_type":"autor","post_mime_type":"","comment_count":"0","filter":"raw"}]},"aioseo_notices":[],"_links":{"self":[{"href":"https:\/\/www.claret.cat\/es\/wp-json\/wp\/v2\/product\/16239","targetHints":{"allow":["GET"]}}],"collection":[{"href":"https:\/\/www.claret.cat\/es\/wp-json\/wp\/v2\/product"}],"about":[{"href":"https:\/\/www.claret.cat\/es\/wp-json\/wp\/v2\/types\/product"}],"wp:featuredmedia":[{"embeddable":true,"href":"https:\/\/www.claret.cat\/es\/wp-json\/wp\/v2\/media\/359289"}],"wp:attachment":[{"href":"https:\/\/www.claret.cat\/es\/wp-json\/wp\/v2\/media?parent=16239"}],"wp:term":[{"taxonomy":"product_brand","embeddable":true,"href":"https:\/\/www.claret.cat\/es\/wp-json\/wp\/v2\/product_brand?post=16239"},{"taxonomy":"product_cat","embeddable":true,"href":"https:\/\/www.claret.cat\/es\/wp-json\/wp\/v2\/product_cat?post=16239"},{"taxonomy":"product_tag","embeddable":true,"href":"https:\/\/www.claret.cat\/es\/wp-json\/wp\/v2\/product_tag?post=16239"}],"curies":[{"name":"wp","href":"https:\/\/api.w.org\/{rel}","templated":true}]}}