{"id":1627,"date":"2022-07-27T20:52:42","date_gmt":"2022-07-27T18:52:42","guid":{"rendered":"http:\/\/dev.claret.cat\/producto\/diccionario-bergoglio-9788428557740\/"},"modified":"2024-05-02T08:16:49","modified_gmt":"2024-05-02T06:16:49","slug":"diccionario-bergoglio-9788428557740","status":"publish","type":"product","link":"https:\/\/www.claret.cat\/es\/libro\/diccionario-bergoglio-9788428557740\/","title":{"rendered":"DICCIONARIO BERGOGLIO"},"content":{"rendered":"<p>\u00abAlzh\u00e9imer espiritual\u00bb, \u00abmisericordia\u00bb, \u00abconversi\u00f3n ecol\u00f3gica\u00bb, \u00abbalconear\u00bb, \u00abpsicolog\u00eda de la tumba\u00bb , \u00abcultura del descarte\u00bb, \u00abmartalismo\u00bb, \u00abprimerear\u00bb o \u00abrevoluci\u00f3n de la ternura\u00bb son algunas de los t\u00e9rminos de este \u00abDiccionario Bergoglio\u00bb, que recoge los conceptos que sustentan el caparaz\u00f3n de uno de los papados m\u00e1s esperanzadores en la historia de la Iglesia. Un papado lleno de gestos peculiares e im\u00e1genes simb\u00f3licas del papa Francisco, de los cuales Francesc Torralba recupera los principios y las ideas de un pontificado que trasciende lo aparente y nos muestra su forma de pensar, en el que siempre est\u00e1 presente el pr\u00f3jimo.<\/p>\n","protected":false},"excerpt":{"rendered":"<p>TORRALBA, FRANCESC<\/p>\n","protected":false},"featured_media":336219,"template":"","meta":{"_acf_changed":false,"om_disable_all_campaigns":false,"rs_blank_template":"","rs_page_bg_color":"","slide_template_v7":"","inline_featured_image":false,"_monsterinsights_skip_tracking":false,"_monsterinsights_sitenote_active":false,"_monsterinsights_sitenote_note":"","_monsterinsights_sitenote_category":0},"product_brand":[],"product_cat":[281,416],"product_tag":[],"class_list":{"0":"post-1627","1":"product","2":"type-product","3":"status-publish","4":"has-post-thumbnail","6":"product_cat-escatologia","7":"product_cat-escatologia-teologia-1_espiritualidad","9":"first","10":"instock","11":"taxable","12":"shipping-taxable","13":"purchasable","14":"product-type-simple"},"acf":{"autor":"TORRALBA, FRANCESC","codart":"842855774","ediciones":"1","encuadernacion":"R\u00fastica","fecha_de_publicacion":"17\/10\/2019","novedad":"1","paginas":"344","subtitulo":"LAS PALABRAS CLAVE DE UN PONTIFICADO","orden":"0","portada":"0","idioma":"spa","libros-coleccion":"","autores-libros":[{"ID":5483,"post_author":"3","post_date":"2022-07-28 17:24:57","post_date_gmt":"2022-07-28 15:24:57","post_content":"","post_title":"FRANCESC TORRALBA","post_excerpt":"","post_status":"publish","comment_status":"closed","ping_status":"closed","post_password":"","post_name":"francesc-torralba","to_ping":"","pinged":"","post_modified":"2022-07-28 17:24:57","post_modified_gmt":"2022-07-28 15:24:57","post_content_filtered":"","post_parent":0,"guid":"http:\/\/dev.claret.cat\/autor\/francesc-torralba\/","menu_order":0,"post_type":"autor","post_mime_type":"","comment_count":"0","filter":"raw"}],"editorial":[{"ID":6356,"post_author":"3","post_date":"2022-07-28 17:50:26","post_date_gmt":"2022-07-28 15:50:26","post_content":"","post_title":"SAN PABLO COMUNICACI\u00d3N","post_excerpt":"","post_status":"publish","comment_status":"closed","ping_status":"closed","post_password":"","post_name":"san-pablo-comunicacion","to_ping":"","pinged":"","post_modified":"2022-07-28 17:50:26","post_modified_gmt":"2022-07-28 15:50:26","post_content_filtered":"","post_parent":0,"guid":"http:\/\/dev.claret.cat\/editorial\/san-pablo-comunicacion\/","menu_order":0,"post_type":"editorial","post_mime_type":"","comment_count":"0","filter":"raw"}]},"aioseo_notices":[],"_links":{"self":[{"href":"https:\/\/www.claret.cat\/es\/wp-json\/wp\/v2\/product\/1627","targetHints":{"allow":["GET"]}}],"collection":[{"href":"https:\/\/www.claret.cat\/es\/wp-json\/wp\/v2\/product"}],"about":[{"href":"https:\/\/www.claret.cat\/es\/wp-json\/wp\/v2\/types\/product"}],"wp:featuredmedia":[{"embeddable":true,"href":"https:\/\/www.claret.cat\/es\/wp-json\/wp\/v2\/media\/336219"}],"wp:attachment":[{"href":"https:\/\/www.claret.cat\/es\/wp-json\/wp\/v2\/media?parent=1627"}],"wp:term":[{"taxonomy":"product_brand","embeddable":true,"href":"https:\/\/www.claret.cat\/es\/wp-json\/wp\/v2\/product_brand?post=1627"},{"taxonomy":"product_cat","embeddable":true,"href":"https:\/\/www.claret.cat\/es\/wp-json\/wp\/v2\/product_cat?post=1627"},{"taxonomy":"product_tag","embeddable":true,"href":"https:\/\/www.claret.cat\/es\/wp-json\/wp\/v2\/product_tag?post=1627"}],"curies":[{"name":"wp","href":"https:\/\/api.w.org\/{rel}","templated":true}]}}