{"id":1633,"date":"2022-07-27T20:52:53","date_gmt":"2022-07-27T18:52:53","guid":{"rendered":"http:\/\/dev.claret.cat\/producto\/compendio-catecismo-de-la-iglesia-catolica-8428819866\/"},"modified":"2025-12-09T19:55:10","modified_gmt":"2025-12-09T18:55:10","slug":"compendio-catecismo-de-la-iglesia-catolica-9788428819862","status":"publish","type":"product","link":"https:\/\/www.claret.cat\/es\/libro\/compendio-catecismo-de-la-iglesia-catolica-9788428819862\/","title":{"rendered":"COMPENDIO. CATECISMO DE LA IGLESIA CAT\u00d2LICA"},"content":{"rendered":"<p>El Compendio que ahora presento a la Iglesia Universal es una s\u00edntesis fiel y segura del Catecismo de la Iglesia Cat\u00f3lica. Contiene, de modo conciso, todos los elementos esenciales y fundamentales de la fe de la Iglesia, a fin de constituir, como ya dispon\u00eda mi Predecesor, una especie de vadem\u00e9cum que permita a las personas, creyentes o no, abarcar con una mirada de conjunto el panorama completo de la fe cat\u00f3lica. Refleja fielmente en su estructura, en los contenidos y en el lenguaje, el Catecismo de la Iglesia Cat\u00f3lica, que encontrar\u00e1 en esta s\u00edntesis una ayuda y un est\u00edmulo para ser mejor conocido y en mayor profundidad. Papa Benedicto XVI 28 de junio de 2005. A los cuarenta a\u00f1os de la conclusi\u00f3n del Concilio Vaticano 11 y en el a\u00f1o de la Eucarist\u00eda, el Compendio podr\u00e1 suponer un ulterior instrumento para satisfacer tanto el hambre de verdad de los fieles de toda edad y condici\u00f3n, como la necesidad de todos aquellos que, sin serlo, tienen sed de verdad y de justicia. Su publicaci\u00f3n tendr\u00e1 lugar en la Solemnidad de los Santos Ap\u00f3stoles Pedro y Pablo, columnas de la Iglesia universal y evangelizadores ejemplares en el mundo antiguo. Estos ap\u00f3stoles vieron lo que predicaron y dieron testimonio de la verdad de Cristo hasta el martirio. Imit\u00e1ndolos en su labor misionera, dirigimos nuestra oraci\u00f3n al Se\u00f1or para que la Iglesia siga siempre las ense\u00f1anzas de los Ap\u00f3stoles, de quienes ha recibido el primer anuncio gozoso de la fe. Cardenal Joseph Ratzinger 20 de marzo de 2005<\/p>\n","protected":false},"excerpt":{"rendered":"<p>RATZINGER,JOSEPH<\/p>\n","protected":false},"featured_media":379752,"template":"","meta":{"_acf_changed":false,"om_disable_all_campaigns":false,"rs_blank_template":"","rs_page_bg_color":"","slide_template_v7":"","inline_featured_image":false,"_monsterinsights_skip_tracking":false,"_monsterinsights_sitenote_active":false,"_monsterinsights_sitenote_note":"","_monsterinsights_sitenote_category":0},"product_brand":[],"product_cat":[237,488,225,483,409,271,288,514],"product_tag":[],"class_list":{"0":"post-1633","1":"product","2":"type-product","3":"status-publish","4":"has-post-thumbnail","6":"product_cat-cami-de-perfeccionament","7":"product_cat-camino-de-perfeccionamiento","8":"product_cat-catecismes","9":"product_cat-catecismos","10":"product_cat-en-general-pastoral-1_espiritualidad","11":"product_cat-en-general","12":"product_cat-moral-fonamental","13":"product_cat-moral-fundamental","15":"first","16":"instock","17":"taxable","18":"shipping-taxable","19":"purchasable","20":"product-type-simple"},"acf":{"autor":"RATZINGER,JOSEPH","codart":"842881986","ediciones":"1","encuadernacion":"Carton\u00e9","fecha_de_publicacion":"24\/10\/2005","novedad":"0","paginas":"251","subtitulo":"","orden":"999","portada":"0","idioma":"spa","libros-coleccion":"","autores-libros":[{"ID":5673,"post_author":"3","post_date":"2022-07-28 17:29:02","post_date_gmt":"2022-07-28 15:29:02","post_content":"","post_title":"JOSEPH RATZINGER","post_excerpt":"","post_status":"publish","comment_status":"closed","ping_status":"closed","post_password":"","post_name":"joseph-ratzinger","to_ping":"","pinged":"","post_modified":"2022-07-28 17:29:02","post_modified_gmt":"2022-07-28 15:29:02","post_content_filtered":"","post_parent":0,"guid":"http:\/\/dev.claret.cat\/autor\/joseph-ratzinger\/","menu_order":0,"post_type":"autor","post_mime_type":"","comment_count":"0","filter":"raw"}],"editorial":[{"ID":6335,"post_author":"3","post_date":"2022-07-28 17:49:59","post_date_gmt":"2022-07-28 15:49:59","post_content":"","post_title":"PPC altres","post_excerpt":"","post_status":"publish","comment_status":"closed","ping_status":"closed","post_password":"","post_name":"ppc-altres","to_ping":"","pinged":"","post_modified":"2022-07-28 17:49:59","post_modified_gmt":"2022-07-28 15:49:59","post_content_filtered":"","post_parent":0,"guid":"http:\/\/dev.claret.cat\/editorial\/ppc-altres\/","menu_order":0,"post_type":"editorial","post_mime_type":"","comment_count":"0","filter":"raw"}],"booktrailer":"","resenas":""},"aioseo_notices":[],"_links":{"self":[{"href":"https:\/\/www.claret.cat\/es\/wp-json\/wp\/v2\/product\/1633","targetHints":{"allow":["GET"]}}],"collection":[{"href":"https:\/\/www.claret.cat\/es\/wp-json\/wp\/v2\/product"}],"about":[{"href":"https:\/\/www.claret.cat\/es\/wp-json\/wp\/v2\/types\/product"}],"wp:featuredmedia":[{"embeddable":true,"href":"https:\/\/www.claret.cat\/es\/wp-json\/wp\/v2\/media\/379752"}],"wp:attachment":[{"href":"https:\/\/www.claret.cat\/es\/wp-json\/wp\/v2\/media?parent=1633"}],"wp:term":[{"taxonomy":"product_brand","embeddable":true,"href":"https:\/\/www.claret.cat\/es\/wp-json\/wp\/v2\/product_brand?post=1633"},{"taxonomy":"product_cat","embeddable":true,"href":"https:\/\/www.claret.cat\/es\/wp-json\/wp\/v2\/product_cat?post=1633"},{"taxonomy":"product_tag","embeddable":true,"href":"https:\/\/www.claret.cat\/es\/wp-json\/wp\/v2\/product_tag?post=1633"}],"curies":[{"name":"wp","href":"https:\/\/api.w.org\/{rel}","templated":true}]}}