{"id":16344,"date":"2022-10-01T23:16:19","date_gmt":"2022-10-01T21:16:19","guid":{"rendered":"http:\/\/dev.claret.cat\/producte\/liderazgo-virtuoso\/"},"modified":"2023-01-28T22:12:13","modified_gmt":"2023-01-28T21:12:13","slug":"liderazgo-virtuoso-9788490615850","status":"publish","type":"product","link":"https:\/\/www.claret.cat\/es\/libro\/liderazgo-virtuoso-9788490615850\/","title":{"rendered":"LIDERAZGO VIRTUOSO"},"content":{"rendered":"<p>Vivir el liderazgo y el virtuosismo sin que resulten incompatibles. Esta obra es fruto de la infatigable actividad del autor que ha impartido en distintos pa\u00edses su seminario acerca de Liderazgo y Excelencia a directivos del sector privado y p\u00fablico, a formadores, a altos funcionarios y a estudiantes de MBA. A partir de las vidas y del ejemplo de diversos de los pol\u00edticos, pensadores y l\u00edderes religiosos m\u00e1s significativos de la actualidad, am\u00e9n de la experiencia personal del autor, este libro demuestra que liderazgo y virtud no \u00fanicamente son compatibles, sino que son verdaderamente sin\u00f3nimos. Novedoso en cuanto su conceptualizaci\u00f3n, cl\u00e1sico por sus referencias, Liderazgo virtuoso muestra un m\u00e9todo conciso y pr\u00e1ctico para conseguir un aut\u00e9ntico crecimiento interior, pensado especialmente para todos aquellos inmersos en las preocupaciones profesionales pero que quieren dotar sus vidas de un prop\u00f3sito trascendente. De esta forma, esta obra quiere convertirse en una aut\u00e9ntica gu\u00eda para la b\u00fasqueda de la excelencia moral.<\/p>\n","protected":false},"excerpt":{"rendered":"<p>HAVARD, ALEXANDRE<\/p>\n","protected":false},"featured_media":72490,"template":"","meta":{"_acf_changed":false,"om_disable_all_campaigns":false,"rs_blank_template":"","rs_page_bg_color":"","slide_template_v7":"","inline_featured_image":false,"_monsterinsights_skip_tracking":false,"_monsterinsights_sitenote_active":false,"_monsterinsights_sitenote_note":"","_monsterinsights_sitenote_category":0},"product_brand":[],"product_cat":[79,83],"product_tag":[],"class_list":{"0":"post-16344","1":"product","2":"type-product","3":"status-publish","4":"has-post-thumbnail","6":"product_cat-espiritualitat","7":"product_cat-filosofia","9":"first","10":"instock","11":"taxable","12":"shipping-taxable","13":"purchasable","14":"product-type-simple"},"acf":{"autor":"HAVARD, ALEXANDRE","codart":"849061585","libros-coleccion":"Palabra hoy","ediciones":"1","encuadernacion":"Carpeta","fecha_de_publicacion":"01\/06\/2017","novedad":"1","paginas":"221","subtitulo":"","orden":"0","portada":"0","idioma":"spa","editorial":[{"ID":148621,"post_author":"3","post_date":"2022-10-14 11:59:41","post_date_gmt":"2022-10-14 09:59:41","post_content":"","post_title":"PALABRA","post_excerpt":"","post_status":"publish","comment_status":"closed","ping_status":"closed","post_password":"","post_name":"palabra","to_ping":"","pinged":"","post_modified":"2022-10-14 11:59:41","post_modified_gmt":"2022-10-14 09:59:41","post_content_filtered":"","post_parent":0,"guid":"http:\/\/dev.claret.cat\/editorial\/palabra\/","menu_order":0,"post_type":"editorial","post_mime_type":"","comment_count":"0","filter":"raw"}],"autores-libros":[{"ID":149713,"post_author":"3","post_date":"2022-10-14 14:27:07","post_date_gmt":"2022-10-14 12:27:07","post_content":"","post_title":"ALEXANDRE HAVARD","post_excerpt":"","post_status":"publish","comment_status":"closed","ping_status":"closed","post_password":"","post_name":"alexandre-havard","to_ping":"","pinged":"","post_modified":"2022-10-14 14:27:07","post_modified_gmt":"2022-10-14 12:27:07","post_content_filtered":"","post_parent":0,"guid":"http:\/\/dev.claret.cat\/autor\/alexandre-havard\/","menu_order":0,"post_type":"autor","post_mime_type":"","comment_count":"0","filter":"raw"}]},"aioseo_notices":[],"_links":{"self":[{"href":"https:\/\/www.claret.cat\/es\/wp-json\/wp\/v2\/product\/16344","targetHints":{"allow":["GET"]}}],"collection":[{"href":"https:\/\/www.claret.cat\/es\/wp-json\/wp\/v2\/product"}],"about":[{"href":"https:\/\/www.claret.cat\/es\/wp-json\/wp\/v2\/types\/product"}],"wp:featuredmedia":[{"embeddable":true,"href":"https:\/\/www.claret.cat\/es\/wp-json\/wp\/v2\/media\/72490"}],"wp:attachment":[{"href":"https:\/\/www.claret.cat\/es\/wp-json\/wp\/v2\/media?parent=16344"}],"wp:term":[{"taxonomy":"product_brand","embeddable":true,"href":"https:\/\/www.claret.cat\/es\/wp-json\/wp\/v2\/product_brand?post=16344"},{"taxonomy":"product_cat","embeddable":true,"href":"https:\/\/www.claret.cat\/es\/wp-json\/wp\/v2\/product_cat?post=16344"},{"taxonomy":"product_tag","embeddable":true,"href":"https:\/\/www.claret.cat\/es\/wp-json\/wp\/v2\/product_tag?post=16344"}],"curies":[{"name":"wp","href":"https:\/\/api.w.org\/{rel}","templated":true}]}}