{"id":1642,"date":"2022-07-27T20:53:15","date_gmt":"2022-07-27T18:53:15","guid":{"rendered":"http:\/\/dev.claret.cat\/producto\/formacion-y-prevencion-9788428834759\/"},"modified":"2024-05-02T05:53:54","modified_gmt":"2024-05-02T03:53:54","slug":"formacion-y-prevencion-9788428834759","status":"publish","type":"product","link":"https:\/\/www.claret.cat\/es\/libro\/formacion-y-prevencion-9788428834759\/","title":{"rendered":"FORMACI\u00d3N Y PREVENCI\u00d3N"},"content":{"rendered":"<p>La existencia de abusos sexuales en el seno de la Iglesia es un hecho. Estas pr\u00e1cticas, de por s\u00ed inadmisibles, crecen en gravedad cuando se ejercen sobre menores y personas vulnerables. Es urgente e inaplazable ir fomentando una cultura de la prevenci\u00f3n del abuso sexual y, en este cometido, la formaci\u00f3n de las personas es la piedra angular, especialmente cuando estas ejercen relaciones de autoridad sobre los dem\u00e1s.Los procesos formativos de los candidatos al sacerdocio y a la vida religiosa han de contemplar tanto una sincera y profunda formaci\u00f3n humana como espacios de acompa\u00f1amiento que propicien una integraci\u00f3n y maduraci\u00f3n de la dimensi\u00f3n afectivo sexual de los candidatos.La calidad en una instituci\u00f3n formativa se mide por el cuidado integral de aquellos que pastoralmente se les conf\u00eda, as\u00ed como por la formaci\u00f3n y selecci\u00f3n de los formadores en el tema del cuidado pastoral.<\/p>\n","protected":false},"excerpt":{"rendered":"<p>PORTILLO TREVIZO, DANIEL (COORD.)<\/p>\n","protected":false},"featured_media":337997,"template":"","meta":{"_acf_changed":false,"om_disable_all_campaigns":false,"rs_blank_template":"","rs_page_bg_color":"","slide_template_v7":"","inline_featured_image":false,"_monsterinsights_skip_tracking":false,"_monsterinsights_sitenote_active":false,"_monsterinsights_sitenote_note":"","_monsterinsights_sitenote_category":0},"product_brand":[],"product_cat":[519,293,283,511],"product_tag":[],"class_list":{"0":"post-1642","1":"product","2":"type-product","3":"status-publish","4":"has-post-thumbnail","6":"product_cat-derecho-canonico-eclesial","7":"product_cat-dret-canonic-eclesial","8":"product_cat-eclesiologia-teologia","9":"product_cat-eclesiologia-teologia-1_espiritualidad","11":"first","12":"instock","13":"taxable","14":"shipping-taxable","15":"purchasable","16":"product-type-simple"},"acf":{"autor":"PORTILLO TREVIZO, DANIEL (COORD.)","codart":"842883475","ediciones":"1","encuadernacion":"R\u00fastica","fecha_de_publicacion":"11\/11\/2019","novedad":"1","paginas":"296","subtitulo":"LA PREVENCI\u00d3N DE LOS ABUSOS SEXUALES EN LOS PROCESOS FORMATIVOS DE LA IGLESIA","orden":"0","portada":"0","idioma":"spa","libros-coleccion":"","autores-libros":[{"ID":5372,"post_author":"3","post_date":"2022-07-28 17:22:33","post_date_gmt":"2022-07-28 15:22:33","post_content":"","post_title":"DANIEL (COORD.) PORTILLO TREVIZO","post_excerpt":"","post_status":"publish","comment_status":"closed","ping_status":"closed","post_password":"","post_name":"daniel-coord-portillo-trevizo","to_ping":"","pinged":"","post_modified":"2022-07-28 17:22:33","post_modified_gmt":"2022-07-28 15:22:33","post_content_filtered":"","post_parent":0,"guid":"http:\/\/dev.claret.cat\/autor\/daniel-coord-portillo-trevizo\/","menu_order":0,"post_type":"autor","post_mime_type":"","comment_count":"0","filter":"raw"}],"editorial":[{"ID":6335,"post_author":"3","post_date":"2022-07-28 17:49:59","post_date_gmt":"2022-07-28 15:49:59","post_content":"","post_title":"PPC altres","post_excerpt":"","post_status":"publish","comment_status":"closed","ping_status":"closed","post_password":"","post_name":"ppc-altres","to_ping":"","pinged":"","post_modified":"2022-07-28 17:49:59","post_modified_gmt":"2022-07-28 15:49:59","post_content_filtered":"","post_parent":0,"guid":"http:\/\/dev.claret.cat\/editorial\/ppc-altres\/","menu_order":0,"post_type":"editorial","post_mime_type":"","comment_count":"0","filter":"raw"}]},"aioseo_notices":[],"_links":{"self":[{"href":"https:\/\/www.claret.cat\/es\/wp-json\/wp\/v2\/product\/1642","targetHints":{"allow":["GET"]}}],"collection":[{"href":"https:\/\/www.claret.cat\/es\/wp-json\/wp\/v2\/product"}],"about":[{"href":"https:\/\/www.claret.cat\/es\/wp-json\/wp\/v2\/types\/product"}],"wp:featuredmedia":[{"embeddable":true,"href":"https:\/\/www.claret.cat\/es\/wp-json\/wp\/v2\/media\/337997"}],"wp:attachment":[{"href":"https:\/\/www.claret.cat\/es\/wp-json\/wp\/v2\/media?parent=1642"}],"wp:term":[{"taxonomy":"product_brand","embeddable":true,"href":"https:\/\/www.claret.cat\/es\/wp-json\/wp\/v2\/product_brand?post=1642"},{"taxonomy":"product_cat","embeddable":true,"href":"https:\/\/www.claret.cat\/es\/wp-json\/wp\/v2\/product_cat?post=1642"},{"taxonomy":"product_tag","embeddable":true,"href":"https:\/\/www.claret.cat\/es\/wp-json\/wp\/v2\/product_tag?post=1642"}],"curies":[{"name":"wp","href":"https:\/\/api.w.org\/{rel}","templated":true}]}}