{"id":16422,"date":"2022-10-01T23:17:20","date_gmt":"2022-10-01T21:17:20","guid":{"rendered":"http:\/\/dev.claret.cat\/producte\/lofici-que-mes-magrada\/"},"modified":"2023-05-12T14:20:31","modified_gmt":"2023-05-12T12:20:31","slug":"lofici-que-mes-magrada-9788494175732","status":"publish","type":"product","link":"https:\/\/www.claret.cat\/es\/libro\/lofici-que-mes-magrada-9788494175732\/","title":{"rendered":"L&#8217;OFICI QUE M\u00c9S M&#8217;AGRADA"},"content":{"rendered":"<p>L&#8217;ofici que m\u00e9s m&#8221;agrada \u00e9s ple de la m\u00e0gia i la vitalitat amb qu\u00e8 Joan Salvat-Papasseit feia ballar la seva ploma. Et convidem a un viatge per l&#8217;antologia po\u00e8tica d&#8217;un dels autors m\u00e9s brillants de la literatura catalana contempor\u00e0nia. La seva poesia et contaminar\u00e0 d&#8217;entusiasme, et despertar\u00e0 un somriure al rostre i et far\u00e0 bullir la sang de ganes de viure. Obre la ment, crea, il\u00b7lusiona&#8217;t i estima. L&#8217;ofici que m\u00e9s m&#8221;agrada \u00e9s molt m\u00e9s que un recull de poemes, \u00e9s tota una experi\u00e8ncia; un cant a la vida que enyora el futur, no pas el passat; i que aposta per un dem\u00e0 millor en termes de pau, amor i igualtat social.<br \/>Aquesta tria de poemes inicialment adre\u00e7ada als m\u00e9s menuts anima a desenvolupar l&#8217;intel\u00b7lecte i la imaginaci\u00f3 de petits i grans. Salvat-Papasseit transmet el seu gust pels petits plaers de la vida i afronta, amb optimisme, el proc\u00e9s que ens condueix a fer-nos grans.<br \/> Una antologia que convida a despertar la curiositat; gaudir del temps per un mateix; valorar els oficis, a la fam\u00edlia i als amics; esperar el primer pet\u00f3 o celebrar una revetlla de Sant Joan. Els seus versos inciten a introduir-se en la cultura de l&#8217;esfor\u00e7, el treball en equip, la formaci\u00f3, l&#8217;amor i la lluita per una societat m\u00e9s justa.<br \/> Les il\u00b7lustracions d&#8217;Eli M. Rufat omplen de vida i doten cada poema d&#8217;un significat molt especial. La seva bellesa i l&#8217;atractiu dels versos faran irresistible la lectura en fam\u00edlia.<\/p>\n","protected":false},"excerpt":{"rendered":"<p>SALVAT-PAPASSEIT, JOAN<\/p>\n","protected":false},"featured_media":69346,"template":"","meta":{"_acf_changed":false,"om_disable_all_campaigns":false,"rs_blank_template":"","rs_page_bg_color":"","slide_template_v7":"","inline_featured_image":false,"_monsterinsights_skip_tracking":false,"_monsterinsights_sitenote_active":false,"_monsterinsights_sitenote_note":"","_monsterinsights_sitenote_category":0},"product_brand":[],"product_cat":[86,352],"product_tag":[],"class_list":{"0":"post-16422","1":"product","2":"type-product","3":"status-publish","4":"has-post-thumbnail","6":"product_cat-infantil","7":"product_cat-infantil-3_infantil-juvenil-spa","9":"first","10":"instock","11":"taxable","12":"shipping-taxable","13":"purchasable","14":"product-type-simple"},"acf":{"autor":"SALVAT-PAPASSEIT, JOAN","codart":"849417573","libros-coleccion":"Vag\u00f3 de versos","ediciones":"1","encuadernacion":"R\u00fastica","fecha_de_publicacion":"01\/03\/2014","novedad":"1","paginas":"0","subtitulo":"","orden":"0","portada":"0","idioma":"cat","editorial":[{"ID":147439,"post_author":"3","post_date":"2022-10-14 11:50:35","post_date_gmt":"2022-10-14 09:50:35","post_content":"","post_title":"Andana Editorial","post_excerpt":"","post_status":"publish","comment_status":"closed","ping_status":"closed","post_password":"","post_name":"andana-editorial","to_ping":"","pinged":"","post_modified":"2022-10-14 11:50:35","post_modified_gmt":"2022-10-14 09:50:35","post_content_filtered":"","post_parent":0,"guid":"http:\/\/dev.claret.cat\/editorial\/andana-editorial\/","menu_order":0,"post_type":"editorial","post_mime_type":"","comment_count":"0","filter":"raw"}],"autores-libros":[{"ID":159419,"post_author":"3","post_date":"2022-10-14 15:44:41","post_date_gmt":"2022-10-14 13:44:41","post_content":"","post_title":"JOAN SALVAT-PAPASSEIT","post_excerpt":"","post_status":"publish","comment_status":"closed","ping_status":"closed","post_password":"","post_name":"joan-salvat-papasseit","to_ping":"","pinged":"","post_modified":"2022-10-14 15:44:41","post_modified_gmt":"2022-10-14 13:44:41","post_content_filtered":"","post_parent":0,"guid":"http:\/\/dev.claret.cat\/autor\/joan-salvat-papasseit\/","menu_order":0,"post_type":"autor","post_mime_type":"","comment_count":"0","filter":"raw"}]},"aioseo_notices":[],"_links":{"self":[{"href":"https:\/\/www.claret.cat\/es\/wp-json\/wp\/v2\/product\/16422","targetHints":{"allow":["GET"]}}],"collection":[{"href":"https:\/\/www.claret.cat\/es\/wp-json\/wp\/v2\/product"}],"about":[{"href":"https:\/\/www.claret.cat\/es\/wp-json\/wp\/v2\/types\/product"}],"wp:featuredmedia":[{"embeddable":true,"href":"https:\/\/www.claret.cat\/es\/wp-json\/wp\/v2\/media\/69346"}],"wp:attachment":[{"href":"https:\/\/www.claret.cat\/es\/wp-json\/wp\/v2\/media?parent=16422"}],"wp:term":[{"taxonomy":"product_brand","embeddable":true,"href":"https:\/\/www.claret.cat\/es\/wp-json\/wp\/v2\/product_brand?post=16422"},{"taxonomy":"product_cat","embeddable":true,"href":"https:\/\/www.claret.cat\/es\/wp-json\/wp\/v2\/product_cat?post=16422"},{"taxonomy":"product_tag","embeddable":true,"href":"https:\/\/www.claret.cat\/es\/wp-json\/wp\/v2\/product_tag?post=16422"}],"curies":[{"name":"wp","href":"https:\/\/api.w.org\/{rel}","templated":true}]}}