{"id":16473,"date":"2022-10-01T23:17:56","date_gmt":"2022-10-01T21:17:56","guid":{"rendered":"http:\/\/dev.claret.cat\/producte\/selma\/"},"modified":"2025-11-03T10:23:05","modified_gmt":"2025-11-03T09:23:05","slug":"selma-9788494186677","status":"publish","type":"product","link":"https:\/\/www.claret.cat\/es\/libro\/selma-9788494186677\/","title":{"rendered":"SELMA"},"content":{"rendered":"<p>Per saber qu\u00e8 \u00e9s Ia felicitat cal parlar amb Ia Selma. Ella respondr\u00e0 com sap: tranquil\u00b7lament. La vida \u00e9s quelcom senziII, diu Selma, i Ia felicitat tamb\u00e9. Petits ritus que semblen insignificants conformen Ia seva exist\u00e8ncia afable. Amb tra\u00e7os esquem\u00e0tics i burletes, fons  dilu\u00cfts i moltes lectures possibles, Selma ens regala una lli\u00e7\u00f3 de vida.<\/p>\n","protected":false},"excerpt":{"rendered":"<p>BAUER, JUTTA<\/p>\n","protected":false},"featured_media":1063146,"template":"","meta":{"_acf_changed":false,"om_disable_all_campaigns":false,"rs_blank_template":"","rs_page_bg_color":"","slide_template_v7":"","inline_featured_image":false,"_monsterinsights_skip_tracking":false,"_monsterinsights_sitenote_active":false,"_monsterinsights_sitenote_note":"","_monsterinsights_sitenote_category":0},"product_brand":[],"product_cat":[86,352],"product_tag":[],"class_list":{"0":"post-16473","1":"product","2":"type-product","3":"status-publish","4":"has-post-thumbnail","6":"product_cat-infantil","7":"product_cat-infantil-3_infantil-juvenil-spa","9":"first","10":"outofstock","11":"taxable","12":"shipping-taxable","13":"purchasable","14":"product-type-simple"},"acf":{"autor":"BAUER, JUTTA","codart":"849418667","libros-coleccion":"INFANTIL","ediciones":"1","encuadernacion":"Carton\u00e9","fecha_de_publicacion":"01\/10\/2016","novedad":"0","paginas":"35","subtitulo":"","orden":"0","portada":"0","idioma":"cat","editorial":[{"ID":148464,"post_author":"3","post_date":"2022-10-14 11:58:27","post_date_gmt":"2022-10-14 09:58:27","post_content":"","post_title":"LOS CUATRO AZULES","post_excerpt":"","post_status":"publish","comment_status":"closed","ping_status":"closed","post_password":"","post_name":"los-cuatro-azules","to_ping":"","pinged":"","post_modified":"2022-10-14 11:58:27","post_modified_gmt":"2022-10-14 09:58:27","post_content_filtered":"","post_parent":0,"guid":"http:\/\/dev.claret.cat\/editorial\/los-cuatro-azules\/","menu_order":0,"post_type":"editorial","post_mime_type":"","comment_count":"0","filter":"raw"}],"autores-libros":[{"ID":161380,"post_author":"3","post_date":"2022-10-14 17:17:45","post_date_gmt":"2022-10-14 15:17:45","post_content":"","post_title":"JUTTA BAUER","post_excerpt":"","post_status":"publish","comment_status":"closed","ping_status":"closed","post_password":"","post_name":"jutta-bauer","to_ping":"","pinged":"","post_modified":"2022-10-14 17:17:45","post_modified_gmt":"2022-10-14 15:17:45","post_content_filtered":"","post_parent":0,"guid":"http:\/\/dev.claret.cat\/autor\/jutta-bauer\/","menu_order":0,"post_type":"autor","post_mime_type":"","comment_count":"0","filter":"raw"}],"booktrailer":"","resenas":""},"aioseo_notices":[],"_links":{"self":[{"href":"https:\/\/www.claret.cat\/es\/wp-json\/wp\/v2\/product\/16473","targetHints":{"allow":["GET"]}}],"collection":[{"href":"https:\/\/www.claret.cat\/es\/wp-json\/wp\/v2\/product"}],"about":[{"href":"https:\/\/www.claret.cat\/es\/wp-json\/wp\/v2\/types\/product"}],"wp:featuredmedia":[{"embeddable":true,"href":"https:\/\/www.claret.cat\/es\/wp-json\/wp\/v2\/media\/1063146"}],"wp:attachment":[{"href":"https:\/\/www.claret.cat\/es\/wp-json\/wp\/v2\/media?parent=16473"}],"wp:term":[{"taxonomy":"product_brand","embeddable":true,"href":"https:\/\/www.claret.cat\/es\/wp-json\/wp\/v2\/product_brand?post=16473"},{"taxonomy":"product_cat","embeddable":true,"href":"https:\/\/www.claret.cat\/es\/wp-json\/wp\/v2\/product_cat?post=16473"},{"taxonomy":"product_tag","embeddable":true,"href":"https:\/\/www.claret.cat\/es\/wp-json\/wp\/v2\/product_tag?post=16473"}],"curies":[{"name":"wp","href":"https:\/\/api.w.org\/{rel}","templated":true}]}}