{"id":1652,"date":"2022-07-27T20:53:51","date_gmt":"2022-07-27T18:53:51","guid":{"rendered":"http:\/\/dev.claret.cat\/producto\/la-opciontierra-9788429317626\/"},"modified":"2024-05-24T09:01:49","modified_gmt":"2024-05-24T07:01:49","slug":"la-opciontierra-9788429317626","status":"publish","type":"product","link":"https:\/\/www.claret.cat\/es\/libro\/la-opciontierra-9788429317626\/","title":{"rendered":"LA OPCI\u00d3N-TIERRA"},"content":{"rendered":"<p>Las amenazas que se han abatido sobre la Tierra a partir del calentamiento global, de la p\u00e9rdida de biodiversidad y del hecho perverso del foso que no termina de agrandarse entre ricos y pobres han hecho del planeta Tierra el gran objeto de la solicitud y el amor humanos.<br \/>Por primera vez en la historia, el final de la especie humana, y tal vez de una gran parte de la biosfera, no ser\u00e1 una intervenci\u00f3n divina, sino consecuencia de la acci\u00f3n irresponsable de los seres humanos.<br \/>Tal como est\u00e1, el mundo no puede continuar. Tenemos que cambiar nuestras mentes, nuestros corazones, nuestro modo de producci\u00f3n y de consumo, si queremos tener un futuro de esperanza. La soluci\u00f3n de la Tierra no cae del cielo, sino que resulta de una coalici\u00f3n de fuerzas en torno a unos valores \u00e9ticos, unos fines human\u00edsticos y un nuevo sentido de ser.<br \/>El prop\u00f3sito de este libro es ayudar a transformar la posible tragedia en una crisis que nos purifique a todos y pueda hacernos m\u00e1s sensibles a la vida, m\u00e1s compasivos con los seres que sufren y m\u00e1s espirituales, m\u00e1s abiertos al misterio del universo y de Dios.<\/p>\n","protected":false},"excerpt":{"rendered":"<p>BOFF, LEONARDO<\/p>\n","protected":false},"featured_media":339788,"template":"","meta":{"_acf_changed":false,"om_disable_all_campaigns":false,"rs_blank_template":"","rs_page_bg_color":"","slide_template_v7":"","inline_featured_image":false,"_monsterinsights_skip_tracking":false,"_monsterinsights_sitenote_active":false,"_monsterinsights_sitenote_note":"","_monsterinsights_sitenote_category":0},"product_brand":[],"product_cat":[411,273,291,517,506,264,437,163],"product_tag":[],"class_list":{"0":"post-1652","1":"product","2":"type-product","3":"status-publish","4":"has-post-thumbnail","6":"product_cat-frontera-pastoral-1_espiritualidad","7":"product_cat-frontera","8":"product_cat-moral-social-i-politica","9":"product_cat-moral-social-y-politica","10":"product_cat-sociales-y-obrera","11":"product_cat-socials-i-obrera","12":"product_cat-valores-y-convivencia","13":"product_cat-valors-i-convivencia","15":"first","16":"instock","17":"taxable","18":"shipping-taxable","19":"purchasable","20":"product-type-simple"},"acf":{"autor":"BOFF, LEONARDO","codart":"842931762","ediciones":"1","encuadernacion":"R\u00fastica","fecha_de_publicacion":"30\/06\/2008","novedad":"0","paginas":"223","subtitulo":"LA SOLUCI\u00d3N PARA LA TIERRA NO CAE DEL CIELO","orden":"999","portada":"0","idioma":"spa","libros-coleccion":"El Pozo de Siquem","autores-libros":[{"ID":5720,"post_author":"3","post_date":"2022-07-28 17:30:01","post_date_gmt":"2022-07-28 15:30:01","post_content":"","post_title":"LEONARDO BOFF","post_excerpt":"","post_status":"publish","comment_status":"closed","ping_status":"closed","post_password":"","post_name":"leonardo-boff","to_ping":"","pinged":"","post_modified":"2022-07-28 17:30:01","post_modified_gmt":"2022-07-28 15:30:01","post_content_filtered":"","post_parent":0,"guid":"http:\/\/dev.claret.cat\/autor\/leonardo-boff\/","menu_order":0,"post_type":"autor","post_mime_type":"","comment_count":"0","filter":"raw"}],"editorial":[{"ID":6351,"post_author":"3","post_date":"2022-07-28 17:50:19","post_date_gmt":"2022-07-28 15:50:19","post_content":"","post_title":"Sal Terrae","post_excerpt":"","post_status":"publish","comment_status":"closed","ping_status":"closed","post_password":"","post_name":"sal-terrae","to_ping":"","pinged":"","post_modified":"2022-07-28 17:50:19","post_modified_gmt":"2022-07-28 15:50:19","post_content_filtered":"","post_parent":0,"guid":"http:\/\/dev.claret.cat\/editorial\/sal-terrae\/","menu_order":0,"post_type":"editorial","post_mime_type":"","comment_count":"0","filter":"raw"}]},"aioseo_notices":[],"_links":{"self":[{"href":"https:\/\/www.claret.cat\/es\/wp-json\/wp\/v2\/product\/1652","targetHints":{"allow":["GET"]}}],"collection":[{"href":"https:\/\/www.claret.cat\/es\/wp-json\/wp\/v2\/product"}],"about":[{"href":"https:\/\/www.claret.cat\/es\/wp-json\/wp\/v2\/types\/product"}],"wp:featuredmedia":[{"embeddable":true,"href":"https:\/\/www.claret.cat\/es\/wp-json\/wp\/v2\/media\/339788"}],"wp:attachment":[{"href":"https:\/\/www.claret.cat\/es\/wp-json\/wp\/v2\/media?parent=1652"}],"wp:term":[{"taxonomy":"product_brand","embeddable":true,"href":"https:\/\/www.claret.cat\/es\/wp-json\/wp\/v2\/product_brand?post=1652"},{"taxonomy":"product_cat","embeddable":true,"href":"https:\/\/www.claret.cat\/es\/wp-json\/wp\/v2\/product_cat?post=1652"},{"taxonomy":"product_tag","embeddable":true,"href":"https:\/\/www.claret.cat\/es\/wp-json\/wp\/v2\/product_tag?post=1652"}],"curies":[{"name":"wp","href":"https:\/\/api.w.org\/{rel}","templated":true}]}}