{"id":16531,"date":"2022-10-01T23:18:41","date_gmt":"2022-10-01T21:18:41","guid":{"rendered":"http:\/\/dev.claret.cat\/producte\/rinxols-dor\/"},"modified":"2026-03-03T11:30:33","modified_gmt":"2026-03-03T10:30:33","slug":"rinxols-dor-9788491011156","status":"publish","type":"product","link":"https:\/\/www.claret.cat\/es\/libro\/rinxols-dor-9788491011156\/","title":{"rendered":"R\u00cdNXOLS D&#8221;OR"},"content":{"rendered":"<p>Una nova adaptaci\u00f3 del conte cl\u00e0ssic de la R\u00ednxols d?or en una proposta est\u00e8tica i sensorial de formes en relleu. Una col\u00b7lecci\u00f3 pensada perqu\u00e8 els nens i nenes descobreixin una nova manera d?interactuar amb els cl\u00e0ssics de sempre.<\/p>\n","protected":false},"excerpt":{"rendered":"<p>DENEUX, XAVIER<\/p>\n","protected":false},"featured_media":1087269,"template":"","meta":{"_acf_changed":false,"om_disable_all_campaigns":false,"rs_blank_template":"","rs_page_bg_color":"","slide_template_v7":"","inline_featured_image":false,"_monsterinsights_skip_tracking":false,"_monsterinsights_sitenote_active":false,"_monsterinsights_sitenote_note":"","_monsterinsights_sitenote_category":0},"product_brand":[],"product_cat":[86,352],"product_tag":[],"class_list":{"0":"post-16531","1":"product","2":"type-product","3":"status-publish","4":"has-post-thumbnail","6":"product_cat-infantil","7":"product_cat-infantil-3_infantil-juvenil-spa","9":"first","10":"outofstock","11":"taxable","12":"shipping-taxable","13":"purchasable","14":"product-type-simple"},"acf":{"autor":"DENEUX, XAVIER","codart":"849101115","libros-coleccion":"","ediciones":"1","encuadernacion":"Carpeta","fecha_de_publicacion":"01\/10\/2016","novedad":"0","paginas":"16","subtitulo":"","orden":"999","portada":"0","idioma":"cat","editorial":[{"ID":147649,"post_author":"3","post_date":"2022-10-14 11:52:11","post_date_gmt":"2022-10-14 09:52:11","post_content":"","post_title":"COMBEL EDITORIAL","post_excerpt":"","post_status":"publish","comment_status":"closed","ping_status":"closed","post_password":"","post_name":"combel-editorial","to_ping":"","pinged":"","post_modified":"2022-10-14 11:52:11","post_modified_gmt":"2022-10-14 09:52:11","post_content_filtered":"","post_parent":0,"guid":"http:\/\/dev.claret.cat\/editorial\/combel-editorial\/","menu_order":0,"post_type":"editorial","post_mime_type":"","comment_count":"0","filter":"raw"}],"autores-libros":[{"ID":171433,"post_author":"3","post_date":"2022-10-14 22:43:22","post_date_gmt":"2022-10-14 20:43:22","post_content":"","post_title":"XAVIER DENEUX","post_excerpt":"","post_status":"publish","comment_status":"closed","ping_status":"closed","post_password":"","post_name":"xavier-deneux","to_ping":"","pinged":"","post_modified":"2022-10-14 22:43:22","post_modified_gmt":"2022-10-14 20:43:22","post_content_filtered":"","post_parent":0,"guid":"http:\/\/dev.claret.cat\/autor\/xavier-deneux\/","menu_order":0,"post_type":"autor","post_mime_type":"","comment_count":"0","filter":"raw"}],"booktrailer":"","resenas":""},"aioseo_notices":[],"_links":{"self":[{"href":"https:\/\/www.claret.cat\/es\/wp-json\/wp\/v2\/product\/16531","targetHints":{"allow":["GET"]}}],"collection":[{"href":"https:\/\/www.claret.cat\/es\/wp-json\/wp\/v2\/product"}],"about":[{"href":"https:\/\/www.claret.cat\/es\/wp-json\/wp\/v2\/types\/product"}],"wp:featuredmedia":[{"embeddable":true,"href":"https:\/\/www.claret.cat\/es\/wp-json\/wp\/v2\/media\/1087269"}],"wp:attachment":[{"href":"https:\/\/www.claret.cat\/es\/wp-json\/wp\/v2\/media?parent=16531"}],"wp:term":[{"taxonomy":"product_brand","embeddable":true,"href":"https:\/\/www.claret.cat\/es\/wp-json\/wp\/v2\/product_brand?post=16531"},{"taxonomy":"product_cat","embeddable":true,"href":"https:\/\/www.claret.cat\/es\/wp-json\/wp\/v2\/product_cat?post=16531"},{"taxonomy":"product_tag","embeddable":true,"href":"https:\/\/www.claret.cat\/es\/wp-json\/wp\/v2\/product_tag?post=16531"}],"curies":[{"name":"wp","href":"https:\/\/api.w.org\/{rel}","templated":true}]}}