{"id":1656,"date":"2022-07-27T20:53:58","date_gmt":"2022-07-27T18:53:58","guid":{"rendered":"http:\/\/dev.claret.cat\/producto\/apocalipsis-hoy-9788429328677\/"},"modified":"2026-04-01T16:41:29","modified_gmt":"2026-04-01T14:41:29","slug":"apocalipsis-hoy-9788429328677","status":"publish","type":"product","link":"https:\/\/www.claret.cat\/es\/libro\/apocalipsis-hoy-9788429328677\/","title":{"rendered":"\u00bfAPOCALIPSIS HOY?"},"content":{"rendered":"<p>Muchos signos econ\u00f3micos, pol\u00edticos y sociales, podr\u00edan hacernos penar que el peor de los momentos est\u00e1 a punto de llegar. Una paleta de horrores que no son sino una peque\u00f1a gama dentro de una enorme variedad de tonalidades colores que ilustran una realidad bastante alejada del desastre absoluto.<\/p>\n","protected":false},"excerpt":{"rendered":"<p>GONZ\u00c1LEZ FAUS, JOS\u00c9 IGNACIO<\/p>\n","protected":false},"featured_media":1081744,"template":"","meta":{"_acf_changed":false,"om_disable_all_campaigns":false,"rs_blank_template":"","rs_page_bg_color":"","slide_template_v7":"","inline_featured_image":false,"_monsterinsights_skip_tracking":false,"_monsterinsights_sitenote_active":false,"_monsterinsights_sitenote_note":"","_monsterinsights_sitenote_category":0},"product_brand":[],"product_cat":[291,517],"product_tag":[],"class_list":{"0":"post-1656","1":"product","2":"type-product","3":"status-publish","4":"has-post-thumbnail","6":"product_cat-moral-social-i-politica","7":"product_cat-moral-social-y-politica","9":"first","10":"instock","11":"taxable","12":"shipping-taxable","13":"purchasable","14":"product-type-simple"},"acf":{"autor":"GONZ\u00c1LEZ FAUS, JOS\u00c9 IGNACIO","codart":"842932867","ediciones":"1","encuadernacion":"R\u00fastica","fecha_de_publicacion":"01\/09\/2019","novedad":"1","paginas":"278","subtitulo":"CONTRA LA ENTROP\u00cdA SOCIAL","orden":"0","portada":"0","idioma":"spa","libros-coleccion":"PRESENCIA TEOL\u00d3GICA","autores-libros":[{"ID":5517,"post_author":"3","post_date":"2022-07-28 17:25:41","post_date_gmt":"2022-07-28 15:25:41","post_content":"","post_title":"GONZ\u00c1LEZ FAUS, JOS\u00c9 IGNACIO","post_excerpt":"","post_status":"publish","comment_status":"closed","ping_status":"closed","post_password":"","post_name":"gonzalez-faus-jose-ignacio","to_ping":"","pinged":"","post_modified":"2022-07-28 17:25:41","post_modified_gmt":"2022-07-28 15:25:41","post_content_filtered":"","post_parent":0,"guid":"http:\/\/dev.claret.cat\/autor\/gonzalez-faus-jose-ignacio\/","menu_order":0,"post_type":"autor","post_mime_type":"","comment_count":"0","filter":"raw"}],"editorial":[{"ID":6355,"post_author":"3","post_date":"2022-07-28 17:50:25","post_date_gmt":"2022-07-28 15:50:25","post_content":"","post_title":"Salterrae","post_excerpt":"","post_status":"publish","comment_status":"closed","ping_status":"closed","post_password":"","post_name":"salterrae","to_ping":"","pinged":"","post_modified":"2022-07-28 17:50:25","post_modified_gmt":"2022-07-28 15:50:25","post_content_filtered":"","post_parent":0,"guid":"http:\/\/dev.claret.cat\/editorial\/salterrae\/","menu_order":0,"post_type":"editorial","post_mime_type":"","comment_count":"0","filter":"raw"}],"booktrailer":"","resenas":""},"aioseo_notices":[],"_links":{"self":[{"href":"https:\/\/www.claret.cat\/es\/wp-json\/wp\/v2\/product\/1656","targetHints":{"allow":["GET"]}}],"collection":[{"href":"https:\/\/www.claret.cat\/es\/wp-json\/wp\/v2\/product"}],"about":[{"href":"https:\/\/www.claret.cat\/es\/wp-json\/wp\/v2\/types\/product"}],"wp:featuredmedia":[{"embeddable":true,"href":"https:\/\/www.claret.cat\/es\/wp-json\/wp\/v2\/media\/1081744"}],"wp:attachment":[{"href":"https:\/\/www.claret.cat\/es\/wp-json\/wp\/v2\/media?parent=1656"}],"wp:term":[{"taxonomy":"product_brand","embeddable":true,"href":"https:\/\/www.claret.cat\/es\/wp-json\/wp\/v2\/product_brand?post=1656"},{"taxonomy":"product_cat","embeddable":true,"href":"https:\/\/www.claret.cat\/es\/wp-json\/wp\/v2\/product_cat?post=1656"},{"taxonomy":"product_tag","embeddable":true,"href":"https:\/\/www.claret.cat\/es\/wp-json\/wp\/v2\/product_tag?post=1656"}],"curies":[{"name":"wp","href":"https:\/\/api.w.org\/{rel}","templated":true}]}}