{"id":16639,"date":"2022-10-01T23:20:02","date_gmt":"2022-10-01T21:20:02","guid":{"rendered":"http:\/\/dev.claret.cat\/producte\/el-libro-secreto-de-jeshua\/"},"modified":"2025-12-19T12:57:43","modified_gmt":"2025-12-19T11:57:43","slug":"el-libro-secreto-de-jeshua-9788494525926","status":"publish","type":"product","link":"https:\/\/www.claret.cat\/es\/libro\/el-libro-secreto-de-jeshua-9788494525926\/","title":{"rendered":"EL LIBRO SECRETO DE JESHUA"},"content":{"rendered":"<p>Este es el primer tomo de una obra esperada desde hace mucho tiempo: La restituci\u00f3n de la vida integral del Jes\u00fas el Cristo a trav\u00e9s de la consulta detallada de la Memoria Ak\u00a0shica. Tras varios a\u00f1os de trabajo, Daniel Meurois, del que ya publicamos obras como? Las primeras ense\u00a4anzas del Cristo? y \u00bfEl Testamento de las Tres Mar\u00edas? Nos ofrece aqu\u00a1, en forma de relato-testimonio, una verdadera epopeya inici\u00e1tica tan fascinante como inspiradora.<\/p>\n","protected":false},"excerpt":{"rendered":"<p>MEUROIS, DANIEL<\/p>\n","protected":false},"featured_media":1071431,"template":"","meta":{"_acf_changed":false,"om_disable_all_campaigns":false,"rs_blank_template":"","rs_page_bg_color":"","slide_template_v7":"","inline_featured_image":false,"_monsterinsights_skip_tracking":false,"_monsterinsights_sitenote_active":false,"_monsterinsights_sitenote_note":"","_monsterinsights_sitenote_category":0},"product_brand":[],"product_cat":[127,130,357,360,542,92],"product_tag":[],"class_list":{"0":"post-16639","1":"product","2":"type-product","3":"status-publish","4":"has-post-thumbnail","6":"product_cat-novella-contemporania","7":"product_cat-novella-historica-i-ficcio","8":"product_cat-novela-contemporanea","9":"product_cat-novela-historica-y-ficcion","10":"product_cat-vida-religiosa-1_espiritualidad-spa","11":"product_cat-vida-religiosa","13":"first","14":"instock","15":"taxable","16":"shipping-taxable","17":"purchasable","18":"product-type-simple"},"acf":{"autor":"MEUROIS, DANIEL","codart":"849452592","libros-coleccion":"","ediciones":"1","encuadernacion":"R\u00fastica","fecha_de_publicacion":"01\/06\/2016","novedad":"0","paginas":"452","subtitulo":"","orden":"999","portada":"0","idioma":"spa","editorial":[{"ID":147819,"post_author":"3","post_date":"2022-10-14 11:53:27","post_date_gmt":"2022-10-14 09:53:27","post_content":"","post_title":"Ediciones Isthar Luna Sol","post_excerpt":"","post_status":"publish","comment_status":"closed","ping_status":"closed","post_password":"","post_name":"ediciones-isthar-luna-sol","to_ping":"","pinged":"","post_modified":"2022-10-14 11:53:27","post_modified_gmt":"2022-10-14 09:53:27","post_content_filtered":"","post_parent":0,"guid":"http:\/\/dev.claret.cat\/editorial\/ediciones-isthar-luna-sol\/","menu_order":0,"post_type":"editorial","post_mime_type":"","comment_count":"0","filter":"raw"}],"autores-libros":[{"ID":153614,"post_author":"3","post_date":"2022-10-14 14:58:09","post_date_gmt":"2022-10-14 12:58:09","post_content":"","post_title":"DANIEL MEUROIS","post_excerpt":"","post_status":"publish","comment_status":"closed","ping_status":"closed","post_password":"","post_name":"daniel-meurois","to_ping":"","pinged":"","post_modified":"2022-10-14 14:58:09","post_modified_gmt":"2022-10-14 12:58:09","post_content_filtered":"","post_parent":0,"guid":"http:\/\/dev.claret.cat\/autor\/daniel-meurois\/","menu_order":0,"post_type":"autor","post_mime_type":"","comment_count":"0","filter":"raw"}],"booktrailer":"","resenas":""},"aioseo_notices":[],"_links":{"self":[{"href":"https:\/\/www.claret.cat\/es\/wp-json\/wp\/v2\/product\/16639","targetHints":{"allow":["GET"]}}],"collection":[{"href":"https:\/\/www.claret.cat\/es\/wp-json\/wp\/v2\/product"}],"about":[{"href":"https:\/\/www.claret.cat\/es\/wp-json\/wp\/v2\/types\/product"}],"wp:featuredmedia":[{"embeddable":true,"href":"https:\/\/www.claret.cat\/es\/wp-json\/wp\/v2\/media\/1071431"}],"wp:attachment":[{"href":"https:\/\/www.claret.cat\/es\/wp-json\/wp\/v2\/media?parent=16639"}],"wp:term":[{"taxonomy":"product_brand","embeddable":true,"href":"https:\/\/www.claret.cat\/es\/wp-json\/wp\/v2\/product_brand?post=16639"},{"taxonomy":"product_cat","embeddable":true,"href":"https:\/\/www.claret.cat\/es\/wp-json\/wp\/v2\/product_cat?post=16639"},{"taxonomy":"product_tag","embeddable":true,"href":"https:\/\/www.claret.cat\/es\/wp-json\/wp\/v2\/product_tag?post=16639"}],"curies":[{"name":"wp","href":"https:\/\/api.w.org\/{rel}","templated":true}]}}