{"id":16642,"date":"2022-10-01T23:20:04","date_gmt":"2022-10-01T21:20:04","guid":{"rendered":"http:\/\/dev.claret.cat\/producte\/recuperando-mi-autoestima\/"},"modified":"2023-01-28T18:05:57","modified_gmt":"2023-01-28T17:05:57","slug":"recuperando-mi-autoestima-9788494525957","status":"publish","type":"product","link":"https:\/\/www.claret.cat\/es\/libro\/recuperando-mi-autoestima-9788494525957\/","title":{"rendered":"RECUPERANDO MI AUTOESTIMA"},"content":{"rendered":"<p>&#8216;Recuperando mi AUTOESTIMA? es una exploraci\u00f3n del sentimiento de culpabilidad en una obra terap\u00e9utica que actuar\u00e1 a la manera de un remedio homeop\u00e1tico.<\/p>\n<p>Conocemos la historia de Judas, de Pilatos o de Barrab\u00e1s? pero nadie ha pensado en aquel hombre que hace 2000 a\u00f1os, cumpli\u00f3 con el deber de clavar los clavos en el cuerpo vivo de Jes\u00fas.<\/p>\n<p>Daniel Meurois nos restituye el camino audaz y emocionante de ese hombre en un relato ver\u00eddico, ya que en ninguna biblioteca humana se encuentran los rastros de esta historia.<\/p>\n<p>En la Memoria del Tiempo o Archivo Ak\u00e1sico es donde el autor se inspira para narrar el recorrido inici\u00e1tico que se prolonga a trav\u00e9s de siglos para alcanzarnos a cada uno de nosotros.<\/p>\n<p>Esta narraci\u00f3n alcanza la amplitud de una profunda reflexi\u00f3n sobre el sentimiento de culpabilidad, analizando tambi\u00e9n las nociones de Karma y de destino. \u00bfSomos totalmente libres? \u00bfExisten necesidades para las que somos meros actores? \u00bfC\u00f3mo liberarnos de los pesos con que la vida se ocupa de cargarnos? \u00bfQui\u00e9n es v\u00edctima finalmente y de qu\u00e9?<\/p>\n<p>Aprendamos a respirar la vida de forma diferente y, en este esfuerzo, aprendamos de nuevo a amarnos.<\/p>\n","protected":false},"excerpt":{"rendered":"<p>MEUROIS, DANIEL<\/p>\n","protected":false},"featured_media":73486,"template":"","meta":{"_acf_changed":false,"om_disable_all_campaigns":false,"rs_blank_template":"","rs_page_bg_color":"","slide_template_v7":"","inline_featured_image":false,"_monsterinsights_skip_tracking":false,"_monsterinsights_sitenote_active":false,"_monsterinsights_sitenote_note":"","_monsterinsights_sitenote_category":0},"product_brand":[],"product_cat":[90,81],"product_tag":[],"class_list":{"0":"post-16642","1":"product","2":"type-product","3":"status-publish","4":"has-post-thumbnail","6":"product_cat-altres","7":"product_cat-psicologia","9":"first","10":"instock","11":"taxable","12":"shipping-taxable","13":"purchasable","14":"product-type-simple"},"acf":{"autor":"MEUROIS, DANIEL","codart":"849452595","libros-coleccion":"SUSHI BOOKS","ediciones":"1","encuadernacion":"R\u00fastica","fecha_de_publicacion":"01\/12\/2016","novedad":"1","paginas":"324","subtitulo":"","orden":"0","portada":"0","idioma":"spa","editorial":[{"ID":147819,"post_author":"3","post_date":"2022-10-14 11:53:27","post_date_gmt":"2022-10-14 09:53:27","post_content":"","post_title":"Ediciones Isthar Luna Sol","post_excerpt":"","post_status":"publish","comment_status":"closed","ping_status":"closed","post_password":"","post_name":"ediciones-isthar-luna-sol","to_ping":"","pinged":"","post_modified":"2022-10-14 11:53:27","post_modified_gmt":"2022-10-14 09:53:27","post_content_filtered":"","post_parent":0,"guid":"http:\/\/dev.claret.cat\/editorial\/ediciones-isthar-luna-sol\/","menu_order":0,"post_type":"editorial","post_mime_type":"","comment_count":"0","filter":"raw"}],"autores-libros":[{"ID":153614,"post_author":"3","post_date":"2022-10-14 14:58:09","post_date_gmt":"2022-10-14 12:58:09","post_content":"","post_title":"DANIEL MEUROIS","post_excerpt":"","post_status":"publish","comment_status":"closed","ping_status":"closed","post_password":"","post_name":"daniel-meurois","to_ping":"","pinged":"","post_modified":"2022-10-14 14:58:09","post_modified_gmt":"2022-10-14 12:58:09","post_content_filtered":"","post_parent":0,"guid":"http:\/\/dev.claret.cat\/autor\/daniel-meurois\/","menu_order":0,"post_type":"autor","post_mime_type":"","comment_count":"0","filter":"raw"}]},"aioseo_notices":[],"_links":{"self":[{"href":"https:\/\/www.claret.cat\/es\/wp-json\/wp\/v2\/product\/16642","targetHints":{"allow":["GET"]}}],"collection":[{"href":"https:\/\/www.claret.cat\/es\/wp-json\/wp\/v2\/product"}],"about":[{"href":"https:\/\/www.claret.cat\/es\/wp-json\/wp\/v2\/types\/product"}],"wp:featuredmedia":[{"embeddable":true,"href":"https:\/\/www.claret.cat\/es\/wp-json\/wp\/v2\/media\/73486"}],"wp:attachment":[{"href":"https:\/\/www.claret.cat\/es\/wp-json\/wp\/v2\/media?parent=16642"}],"wp:term":[{"taxonomy":"product_brand","embeddable":true,"href":"https:\/\/www.claret.cat\/es\/wp-json\/wp\/v2\/product_brand?post=16642"},{"taxonomy":"product_cat","embeddable":true,"href":"https:\/\/www.claret.cat\/es\/wp-json\/wp\/v2\/product_cat?post=16642"},{"taxonomy":"product_tag","embeddable":true,"href":"https:\/\/www.claret.cat\/es\/wp-json\/wp\/v2\/product_tag?post=16642"}],"curies":[{"name":"wp","href":"https:\/\/api.w.org\/{rel}","templated":true}]}}