{"id":16771,"date":"2022-10-01T23:21:35","date_gmt":"2022-10-01T21:21:35","guid":{"rendered":"http:\/\/dev.claret.cat\/producte\/mago-el-hada-y-el-pollo-magico-the-wizard-the-fairy-and-the-magic-chiken\/"},"modified":"2023-01-28T20:46:59","modified_gmt":"2023-01-28T19:46:59","slug":"mago-el-hada-y-el-pollo-magicothe-wizard-the-fairy-and-the-magic-chiken-9788491452430","status":"publish","type":"product","link":"https:\/\/www.claret.cat\/es\/libro\/mago-el-hada-y-el-pollo-magicothe-wizard-the-fairy-and-the-magic-chiken-9788491452430\/","title":{"rendered":"MAGO, EL HADA Y EL POLLO M\u00c1GICO\/THE WIZARD, THE FAIRY, AND THE MAGIC CHIKEN"},"content":{"rendered":"<p>El Mago, el Hada y el Pollo M\u00e1gico son tres hechiceros de primera categor\u00eda. Pueden convertir un cerdo en una bicicleta, una bicicleta en un plato de sopa y un plato de sopa en una rana que canta! Pero a pesar de que cada uno de ellos se considera mejor que los otros dos, comparten un mismo defecto: ninguno sabe trabajar en equipo. Eso ser\u00e1 precisamente lo que deber\u00e1n aprender en el transcurso de esta divertida narraci\u00f3n de Helen Lester, ilustrada por Lynn Munsinger.<\/p>\n","protected":false},"excerpt":{"rendered":"<p>MUNSINGER, LYNN\/LESTER, HELEN<\/p>\n","protected":false},"featured_media":68638,"template":"","meta":{"_acf_changed":false,"om_disable_all_campaigns":false,"rs_blank_template":"","rs_page_bg_color":"","slide_template_v7":"","inline_featured_image":false,"_monsterinsights_skip_tracking":false,"_monsterinsights_sitenote_active":false,"_monsterinsights_sitenote_note":"","_monsterinsights_sitenote_category":0},"product_brand":[],"product_cat":[16],"product_tag":[],"class_list":{"0":"post-16771","1":"product","2":"type-product","3":"status-publish","4":"has-post-thumbnail","6":"product_cat-sense-categoria","8":"first","9":"instock","10":"taxable","11":"shipping-taxable","12":"purchasable","13":"product-type-simple"},"acf":{"autor":"MUNSINGER, LYNN\/LESTER, HELEN","codart":"849145243","libros-coleccion":"PICARONA INFANTIL","ediciones":"1","encuadernacion":"Carton\u00e9","fecha_de_publicacion":"01\/03\/2019","novedad":"1","paginas":"40","subtitulo":"BILING\u00dcE","orden":"0","portada":"0","idioma":"spa","editorial":[{"ID":147839,"post_author":"3","post_date":"2022-10-14 11:53:36","post_date_gmt":"2022-10-14 09:53:36","post_content":"","post_title":"EDICIONES OBELISCO","post_excerpt":"","post_status":"publish","comment_status":"closed","ping_status":"closed","post_password":"","post_name":"ediciones-obelisco","to_ping":"","pinged":"","post_modified":"2022-10-14 11:53:36","post_modified_gmt":"2022-10-14 09:53:36","post_content_filtered":"","post_parent":0,"guid":"http:\/\/dev.claret.cat\/editorial\/ediciones-obelisco\/","menu_order":0,"post_type":"editorial","post_mime_type":"","comment_count":"0","filter":"raw"}],"autores-libros":[{"ID":157451,"post_author":"3","post_date":"2022-10-14 15:28:56","post_date_gmt":"2022-10-14 13:28:56","post_content":"","post_title":"HELEN LESTER","post_excerpt":"","post_status":"publish","comment_status":"closed","ping_status":"closed","post_password":"","post_name":"helen-lester","to_ping":"","pinged":"","post_modified":"2022-10-14 15:28:56","post_modified_gmt":"2022-10-14 13:28:56","post_content_filtered":"","post_parent":0,"guid":"http:\/\/dev.claret.cat\/autor\/helen-lester\/","menu_order":0,"post_type":"autor","post_mime_type":"","comment_count":"0","filter":"raw"},{"ID":162841,"post_author":"3","post_date":"2022-10-14 17:34:14","post_date_gmt":"2022-10-14 15:34:14","post_content":"","post_title":"LYNN MUNSINGER","post_excerpt":"","post_status":"publish","comment_status":"closed","ping_status":"closed","post_password":"","post_name":"lynn-munsinger","to_ping":"","pinged":"","post_modified":"2022-10-14 17:34:14","post_modified_gmt":"2022-10-14 15:34:14","post_content_filtered":"","post_parent":0,"guid":"http:\/\/dev.claret.cat\/autor\/lynn-munsinger\/","menu_order":0,"post_type":"autor","post_mime_type":"","comment_count":"0","filter":"raw"}]},"aioseo_notices":[],"_links":{"self":[{"href":"https:\/\/www.claret.cat\/es\/wp-json\/wp\/v2\/product\/16771","targetHints":{"allow":["GET"]}}],"collection":[{"href":"https:\/\/www.claret.cat\/es\/wp-json\/wp\/v2\/product"}],"about":[{"href":"https:\/\/www.claret.cat\/es\/wp-json\/wp\/v2\/types\/product"}],"wp:featuredmedia":[{"embeddable":true,"href":"https:\/\/www.claret.cat\/es\/wp-json\/wp\/v2\/media\/68638"}],"wp:attachment":[{"href":"https:\/\/www.claret.cat\/es\/wp-json\/wp\/v2\/media?parent=16771"}],"wp:term":[{"taxonomy":"product_brand","embeddable":true,"href":"https:\/\/www.claret.cat\/es\/wp-json\/wp\/v2\/product_brand?post=16771"},{"taxonomy":"product_cat","embeddable":true,"href":"https:\/\/www.claret.cat\/es\/wp-json\/wp\/v2\/product_cat?post=16771"},{"taxonomy":"product_tag","embeddable":true,"href":"https:\/\/www.claret.cat\/es\/wp-json\/wp\/v2\/product_tag?post=16771"}],"curies":[{"name":"wp","href":"https:\/\/api.w.org\/{rel}","templated":true}]}}