{"id":16774,"date":"2022-10-01T23:21:37","date_gmt":"2022-10-01T21:21:37","guid":{"rendered":"http:\/\/dev.claret.cat\/producte\/bruixot-la-fada-i-el-pollastre-magic-el-the-wizard-the-fairy-and-the-magic\/"},"modified":"2023-01-28T10:08:02","modified_gmt":"2023-01-28T09:08:02","slug":"bruixot-la-fada-i-el-pollastre-magic-el-the-wizard-the-fairy-and-the-magic-9788491452447","status":"publish","type":"product","link":"https:\/\/www.claret.cat\/es\/libro\/bruixot-la-fada-i-el-pollastre-magic-el-the-wizard-the-fairy-and-the-magic-9788491452447\/","title":{"rendered":"BRUIXOT, LA FADA I EL POLLASTRE M\u00c1GIC, EL \/ THE WIZARD, THE FAIRY, AND THE MAGIC"},"content":{"rendered":"<p>El Bruixot, la Fada i el Pollastre M\u00e0gic s\u00f3n tres mags de primera categoria. Poden convertir un porc en una bicicleta, una bicicleta en un plat de sopa i un plat de sopa en una granota que canta! I malgrat que cada un d ells es considera millor que els altres dos, comparteixen un mateix defecte: no saben treballar en equip! Aix\u00f2 precisament ser\u00e0 el que hauran d aprendre en el transcurs d aquesta divertida narraci\u00f3 de la veterana autora Helen Lester, amb il lustracions de Lynn Munsinger. HELEN LESTER \u00e9s una veterana autora nord-americana de contes infantils. Ha treballat com a mestra d escola i els seus alumnes han estat una influ\u00e8ncia decisiva per crear els seus personatges principals. A m\u00e9s d escriure, Lester viatja per tot el m\u00f3n visitant escoles i encoratjant els m\u00e9s petits a llegir i escriure. LYNN MUNSINGER \u00e9s una prol\u00edfica il lustradora nord-americana de contes infantils, amb m\u00e9s de noranta t\u00edtols al seu curr\u00edculum. Ha estat col laboradora habitual de la veterana escriptora de literatura infantil Helen Lester.<\/p>\n","protected":false},"excerpt":{"rendered":"<p>MUNSINGER, LYNN\/LESTER, HELEN<\/p>\n","protected":false},"featured_media":68640,"template":"","meta":{"_acf_changed":false,"om_disable_all_campaigns":false,"rs_blank_template":"","rs_page_bg_color":"","slide_template_v7":"","inline_featured_image":false,"_monsterinsights_skip_tracking":false,"_monsterinsights_sitenote_active":false,"_monsterinsights_sitenote_note":"","_monsterinsights_sitenote_category":0},"product_brand":[],"product_cat":[86],"product_tag":[],"class_list":{"0":"post-16774","1":"product","2":"type-product","3":"status-publish","4":"has-post-thumbnail","6":"product_cat-infantil","8":"first","9":"instock","10":"taxable","11":"shipping-taxable","12":"purchasable","13":"product-type-simple"},"acf":{"autor":"MUNSINGER, LYNN\/LESTER, HELEN","codart":"849145244","libros-coleccion":"PICARONA INFANTIL","ediciones":"1","encuadernacion":"Carton\u00e9","fecha_de_publicacion":"01\/03\/2019","novedad":"1","paginas":"40","subtitulo":"","orden":"0","portada":"0","idioma":"cat","editorial":[{"ID":147839,"post_author":"3","post_date":"2022-10-14 11:53:36","post_date_gmt":"2022-10-14 09:53:36","post_content":"","post_title":"EDICIONES OBELISCO","post_excerpt":"","post_status":"publish","comment_status":"closed","ping_status":"closed","post_password":"","post_name":"ediciones-obelisco","to_ping":"","pinged":"","post_modified":"2022-10-14 11:53:36","post_modified_gmt":"2022-10-14 09:53:36","post_content_filtered":"","post_parent":0,"guid":"http:\/\/dev.claret.cat\/editorial\/ediciones-obelisco\/","menu_order":0,"post_type":"editorial","post_mime_type":"","comment_count":"0","filter":"raw"}],"autores-libros":[{"ID":157451,"post_author":"3","post_date":"2022-10-14 15:28:56","post_date_gmt":"2022-10-14 13:28:56","post_content":"","post_title":"HELEN LESTER","post_excerpt":"","post_status":"publish","comment_status":"closed","ping_status":"closed","post_password":"","post_name":"helen-lester","to_ping":"","pinged":"","post_modified":"2022-10-14 15:28:56","post_modified_gmt":"2022-10-14 13:28:56","post_content_filtered":"","post_parent":0,"guid":"http:\/\/dev.claret.cat\/autor\/helen-lester\/","menu_order":0,"post_type":"autor","post_mime_type":"","comment_count":"0","filter":"raw"},{"ID":162841,"post_author":"3","post_date":"2022-10-14 17:34:14","post_date_gmt":"2022-10-14 15:34:14","post_content":"","post_title":"LYNN MUNSINGER","post_excerpt":"","post_status":"publish","comment_status":"closed","ping_status":"closed","post_password":"","post_name":"lynn-munsinger","to_ping":"","pinged":"","post_modified":"2022-10-14 17:34:14","post_modified_gmt":"2022-10-14 15:34:14","post_content_filtered":"","post_parent":0,"guid":"http:\/\/dev.claret.cat\/autor\/lynn-munsinger\/","menu_order":0,"post_type":"autor","post_mime_type":"","comment_count":"0","filter":"raw"}]},"aioseo_notices":[],"_links":{"self":[{"href":"https:\/\/www.claret.cat\/es\/wp-json\/wp\/v2\/product\/16774","targetHints":{"allow":["GET"]}}],"collection":[{"href":"https:\/\/www.claret.cat\/es\/wp-json\/wp\/v2\/product"}],"about":[{"href":"https:\/\/www.claret.cat\/es\/wp-json\/wp\/v2\/types\/product"}],"wp:featuredmedia":[{"embeddable":true,"href":"https:\/\/www.claret.cat\/es\/wp-json\/wp\/v2\/media\/68640"}],"wp:attachment":[{"href":"https:\/\/www.claret.cat\/es\/wp-json\/wp\/v2\/media?parent=16774"}],"wp:term":[{"taxonomy":"product_brand","embeddable":true,"href":"https:\/\/www.claret.cat\/es\/wp-json\/wp\/v2\/product_brand?post=16774"},{"taxonomy":"product_cat","embeddable":true,"href":"https:\/\/www.claret.cat\/es\/wp-json\/wp\/v2\/product_cat?post=16774"},{"taxonomy":"product_tag","embeddable":true,"href":"https:\/\/www.claret.cat\/es\/wp-json\/wp\/v2\/product_tag?post=16774"}],"curies":[{"name":"wp","href":"https:\/\/api.w.org\/{rel}","templated":true}]}}