{"id":1679,"date":"2022-07-27T20:54:49","date_gmt":"2022-07-27T18:54:49","guid":{"rendered":"http:\/\/dev.claret.cat\/producto\/los-hechos-de-los-apostoles-112-9788430120475\/"},"modified":"2024-08-27T17:35:28","modified_gmt":"2024-08-27T15:35:28","slug":"los-hechos-de-los-apostoles-112-9788430120475","status":"publish","type":"product","link":"https:\/\/www.claret.cat\/es\/libro\/los-hechos-de-los-apostoles-112-9788430120475\/","title":{"rendered":"LOS HECHOS DE LOS AP\u00d3STOLES (1-12)"},"content":{"rendered":"<p>El libro de los Hechos de los ap\u00f3stoles es el \u00fanico documento antiguo que nos narra los principios del movimiento de Jesucristo y la fulgurante carrera del ap\u00f3stol Pablo. Los Hechos se interrogan acerca de los or\u00edgenes del cristianismo y las razones de la ruptura entre jud\u00edos y cristianos. As\u00ed mismo alumbran los tanteos de la misi\u00f3n cristiana en un mercado religioso altamente competitivo, proporcionando informaci\u00f3n acerca de las vidas de los primeros cristianos y el nacimiento de sus comunidades. Adem\u00e1s, pretenden explicar el asombroso \u00e9xito de este movimiento a pesar de las enormes dificultades que encontr\u00f3.<br \/>Despu\u00e9s de una introducci\u00f3n general al libro de los Hechos, en la que se examinan el autor, estructura, g\u00e9nero literario, etc., este primer volumen ofrece la traducci\u00f3n y un minucioso an\u00e1lisis y comentario de los cap\u00edtulos 1-12. El contenido se completa con una abundante bibliograf\u00eda sobre cada pasaje, as\u00ed como unos interesant\u00edsimos excursus que abordan cuestiones como la ascensi\u00f3n de Jes\u00fas, Pentecost\u00e9s, el Esp\u00edritu Santo, la comuni\u00f3n de bienes o el nombre de \u00abcristianos\u00bb.<br \/>Este comentario est\u00e1 dirigido a cualquier persona interesada en una lectura detallada del libro de los Hechos, as\u00ed como a sacerdotes, historiadores y pastores, quienes encontrar\u00e1n una gran cantidad de informaci\u00f3n hist\u00f3rica, una lectura teol\u00f3gica s\u00f3lida y pistas para la meditaci\u00f3n sobre el texto.<\/p>\n","protected":false},"excerpt":{"rendered":"<p>MARGUERAT, DANIEL<\/p>\n","protected":false},"featured_media":342283,"template":"","meta":{"_acf_changed":false,"om_disable_all_campaigns":false,"rs_blank_template":"","rs_page_bg_color":"","slide_template_v7":"","inline_featured_image":false,"_monsterinsights_skip_tracking":false,"_monsterinsights_sitenote_active":false,"_monsterinsights_sitenote_note":"","_monsterinsights_sitenote_category":0},"product_brand":[],"product_cat":[205,466],"product_tag":[],"class_list":{"0":"post-1679","1":"product","2":"type-product","3":"status-publish","4":"has-post-thumbnail","6":"product_cat-fets-dels-apostols","7":"product_cat-hechos-de-los-apostoles","9":"first","10":"instock","11":"taxable","12":"shipping-taxable","13":"purchasable","14":"product-type-simple"},"acf":{"autor":"MARGUERAT, DANIEL","codart":"843012047","ediciones":"1","encuadernacion":"Carton\u00e9","fecha_de_publicacion":"26\/09\/2019","novedad":"1","paginas":"610","subtitulo":"","orden":"0","portada":"0","idioma":"spa","libros-coleccion":"BIBLIOTECA DE ESTUDIOS B\u00cdBLICOS","autores-libros":[{"ID":5378,"post_author":"3","post_date":"2022-07-28 17:22:41","post_date_gmt":"2022-07-28 15:22:41","post_content":"","post_title":"DANIEL MARGUERAT","post_excerpt":"","post_status":"publish","comment_status":"closed","ping_status":"closed","post_password":"","post_name":"daniel-marguerat","to_ping":"","pinged":"","post_modified":"2022-07-28 17:22:41","post_modified_gmt":"2022-07-28 15:22:41","post_content_filtered":"","post_parent":0,"guid":"http:\/\/dev.claret.cat\/autor\/daniel-marguerat\/","menu_order":0,"post_type":"autor","post_mime_type":"","comment_count":"0","filter":"raw"}],"editorial":[{"ID":6364,"post_author":"3","post_date":"2022-07-28 17:50:36","post_date_gmt":"2022-07-28 15:50:36","post_content":"","post_title":"S\u00edgueme","post_excerpt":"","post_status":"publish","comment_status":"closed","ping_status":"closed","post_password":"","post_name":"sigueme","to_ping":"","pinged":"","post_modified":"2022-07-28 17:50:36","post_modified_gmt":"2022-07-28 15:50:36","post_content_filtered":"","post_parent":0,"guid":"http:\/\/dev.claret.cat\/editorial\/sigueme\/","menu_order":0,"post_type":"editorial","post_mime_type":"","comment_count":"0","filter":"raw"}]},"aioseo_notices":[],"_links":{"self":[{"href":"https:\/\/www.claret.cat\/es\/wp-json\/wp\/v2\/product\/1679","targetHints":{"allow":["GET"]}}],"collection":[{"href":"https:\/\/www.claret.cat\/es\/wp-json\/wp\/v2\/product"}],"about":[{"href":"https:\/\/www.claret.cat\/es\/wp-json\/wp\/v2\/types\/product"}],"wp:featuredmedia":[{"embeddable":true,"href":"https:\/\/www.claret.cat\/es\/wp-json\/wp\/v2\/media\/342283"}],"wp:attachment":[{"href":"https:\/\/www.claret.cat\/es\/wp-json\/wp\/v2\/media?parent=1679"}],"wp:term":[{"taxonomy":"product_brand","embeddable":true,"href":"https:\/\/www.claret.cat\/es\/wp-json\/wp\/v2\/product_brand?post=1679"},{"taxonomy":"product_cat","embeddable":true,"href":"https:\/\/www.claret.cat\/es\/wp-json\/wp\/v2\/product_cat?post=1679"},{"taxonomy":"product_tag","embeddable":true,"href":"https:\/\/www.claret.cat\/es\/wp-json\/wp\/v2\/product_tag?post=1679"}],"curies":[{"name":"wp","href":"https:\/\/api.w.org\/{rel}","templated":true}]}}