{"id":1686,"date":"2022-07-27T20:55:13","date_gmt":"2022-07-27T18:55:13","guid":{"rendered":"http:\/\/dev.claret.cat\/producto\/introduccion-a-la-metafisica-8432136034\/"},"modified":"2024-10-31T11:41:13","modified_gmt":"2024-10-31T10:41:13","slug":"introduccion-a-la-metafisica-9788432136030","status":"publish","type":"product","link":"https:\/\/www.claret.cat\/es\/libro\/introduccion-a-la-metafisica-9788432136030\/","title":{"rendered":"INTRODUCCI\u00d3N A LA METAF\u00cdSICA"},"content":{"rendered":"<p>La Biblioteca del Cincuentenario comenz\u00f3 su andadura en 1998, y est\u00e1 publicando una selecci\u00f3n de t\u00edtulos editados por Rialp en los primeros 50 a\u00f1os de su existencia. La Biblioteca re\u00fane aquellos libros que a juicio de los editores son demasiado buenos para ser olvidados. Introducci\u00f3n a la Metaf\u00edsica aborda, con la t\u00e9cnica del ensayo, y a la vez con rigor, los principales temas de la metaf\u00edsica realista. El autor realiza un esfuerzo fruct\u00edfero y consigue hacer accesible al lector la doctrina filos\u00f3fica de Arist\u00f3teles y Tom\u00e1s de Aquino.<\/p>\n","protected":false},"excerpt":{"rendered":"<p>G\u00d3MEZ P\u00c9REZ,RAFAEL<\/p>\n","protected":false},"featured_media":342920,"template":"","meta":{"_acf_changed":false,"om_disable_all_campaigns":false,"rs_blank_template":"","rs_page_bg_color":"","slide_template_v7":"","inline_featured_image":false,"_monsterinsights_skip_tracking":false,"_monsterinsights_sitenote_active":false,"_monsterinsights_sitenote_note":"","_monsterinsights_sitenote_category":0},"product_brand":[],"product_cat":[165,438,167,374],"product_tag":[],"class_list":{"0":"post-1686","1":"product","2":"type-product","3":"status-publish","4":"has-post-thumbnail","6":"product_cat-historia-i-corrents-filosofia-2_humanitats","7":"product_cat-historia-y-corrientes-filosofia-2_humanidades","8":"product_cat-metafisica","9":"product_cat-metafisica-filosofia-2_humanidades","11":"first","12":"instock","13":"taxable","14":"shipping-taxable","15":"purchasable","16":"product-type-simple"},"acf":{"autor":"G\u00d3MEZ P\u00c9REZ,RAFAEL","codart":"843213603","ediciones":"1","encuadernacion":"R\u00fastica","fecha_de_publicacion":"24\/11\/2006","novedad":"0","paginas":"272","subtitulo":"","orden":"999","portada":"0","idioma":"spa","libros-coleccion":"Biblioteca del cincuentenario","autores-libros":[{"ID":5962,"post_author":"3","post_date":"2022-07-28 17:35:14","post_date_gmt":"2022-07-28 15:35:14","post_content":"","post_title":"RAFAEL G\u00d3MEZ P\u00c9REZ","post_excerpt":"","post_status":"publish","comment_status":"closed","ping_status":"closed","post_password":"","post_name":"rafael-gomez-perez","to_ping":"","pinged":"","post_modified":"2022-07-28 17:35:14","post_modified_gmt":"2022-07-28 15:35:14","post_content_filtered":"","post_parent":0,"guid":"http:\/\/dev.claret.cat\/autor\/rafael-gomez-perez\/","menu_order":0,"post_type":"autor","post_mime_type":"","comment_count":"0","filter":"raw"}],"editorial":[{"ID":6348,"post_author":"3","post_date":"2022-07-28 17:50:16","post_date_gmt":"2022-07-28 15:50:16","post_content":"","post_title":"Rialp","post_excerpt":"","post_status":"publish","comment_status":"closed","ping_status":"closed","post_password":"","post_name":"rialp","to_ping":"","pinged":"","post_modified":"2022-07-28 17:50:16","post_modified_gmt":"2022-07-28 15:50:16","post_content_filtered":"","post_parent":0,"guid":"http:\/\/dev.claret.cat\/editorial\/rialp\/","menu_order":0,"post_type":"editorial","post_mime_type":"","comment_count":"0","filter":"raw"}]},"aioseo_notices":[],"_links":{"self":[{"href":"https:\/\/www.claret.cat\/es\/wp-json\/wp\/v2\/product\/1686","targetHints":{"allow":["GET"]}}],"collection":[{"href":"https:\/\/www.claret.cat\/es\/wp-json\/wp\/v2\/product"}],"about":[{"href":"https:\/\/www.claret.cat\/es\/wp-json\/wp\/v2\/types\/product"}],"wp:featuredmedia":[{"embeddable":true,"href":"https:\/\/www.claret.cat\/es\/wp-json\/wp\/v2\/media\/342920"}],"wp:attachment":[{"href":"https:\/\/www.claret.cat\/es\/wp-json\/wp\/v2\/media?parent=1686"}],"wp:term":[{"taxonomy":"product_brand","embeddable":true,"href":"https:\/\/www.claret.cat\/es\/wp-json\/wp\/v2\/product_brand?post=1686"},{"taxonomy":"product_cat","embeddable":true,"href":"https:\/\/www.claret.cat\/es\/wp-json\/wp\/v2\/product_cat?post=1686"},{"taxonomy":"product_tag","embeddable":true,"href":"https:\/\/www.claret.cat\/es\/wp-json\/wp\/v2\/product_tag?post=1686"}],"curies":[{"name":"wp","href":"https:\/\/api.w.org\/{rel}","templated":true}]}}