{"id":16885,"date":"2022-10-01T23:22:52","date_gmt":"2022-10-01T21:22:52","guid":{"rendered":"http:\/\/dev.claret.cat\/producte\/tot-ha-de-canviar-cat\/"},"modified":"2023-01-28T01:23:17","modified_gmt":"2023-01-28T00:23:17","slug":"tot-ha-de-canviar-cat-9788417925581","status":"publish","type":"product","link":"https:\/\/www.claret.cat\/es\/libro\/tot-ha-de-canviar-cat-9788417925581\/","title":{"rendered":"TOT HA DE CANVIAR &#8211; CAT"},"content":{"rendered":"<p>Tot ha de canviar! reuneix destacats comentaristes de tot el m\u00f3n per presentar una an\u00e0lisi rica i matisada de possibilitats progressives arran de la pand\u00e8mia Covid-19. En aquestes p\u00e0gines hi trobareu veus influents, que van des de Roger Waters a Noam Chomsky, Slavojiek a Saskia Sassen. Gael Garc\u00eda Bernal, Brian Eno i Larry Charles examinen les conseq\u00fc\u00e8ncies m\u00e9s culturals i art\u00edstiques de la pand\u00e8mia, tocant temes d&#8217;amor, joc, com\u00e8dia i temps. Les seves paraules se situen al costat d&#8217;an\u00e0lisis de les paradoxes i les possibilitats del deute, l&#8217;internacionalisme i la solidaritat per part d&#8217;Astra Taylor, David Graeber, Vijay Prashad i Stephanie Kelton. Les creixents mesures de vigil\u00e0ncia i control en nom de la salut p\u00fablica s\u00f3n una preocupaci\u00f3 per a molts dels col\u00b7laboradors d&#8217;aquest llibre, inclosos Shoshana Zuboff i Evgeny Morozov, aix\u00ed com les oportunitats que presenta la crisi per a l&#8217;explotaci\u00f3 per part de financers, tecn\u00f2crates i l&#8217;extrema dreta. En contra del retorn a la normalitat i, de fet, a la noci\u00f3 que mai hi havia tal cosa, aquestes converses insisteixen en que cal un canvi sist\u00e8mic urgent per fer front no nom\u00e9s a les pand\u00e8mies derivades de la destrucci\u00f3 humana de la natura, sin\u00f3 tamb\u00e9 a les incessants febleses de capitalisme global contemporani.<br \/>Col\u00b7laboradors: Tariq Ali, David Adler, Gael Garc\u00eda Bernal, Larry Charles, Noam Chomsky, Brian Eno, Daniel Ellsberg, Kenneth Goldsmith, David Graeber, Johann Hari, Maja Kantar, Stephanie Kelton, Stefania Maurizi, Evgeny Morozov, Maja Pelev, Vijay Prashad , Angela Richter, Saskia Sassen, Sara Savanov;, Jeremy Scahill, Richard Sennett, John Shipton, Astra Taylor, Ece Temelkuran, Yanis Varoufakis, Roger Waters, Slavojek, and Shoshana Zuboff. <br \/>\u00c9s un recull, urgent, de di\u00e0legs el tema del qual abasta l&#8217;ampli espectre de transformacions socials i pol\u00edtiques mundials que afirmen que s\u00f3n necess\u00e0ries per evitar l&#8217;extinci\u00f3 humana en un futur proper. Res no pot ser gaire m\u00e9s urgent que aix\u00f2. El llibre reuneix pensadors progressistes per reflexionar sobre el m\u00f3n que s&#8217;ha fracturat arrel del coronavirus. Cada pensador aborda un tema, des de l&#8217;amor i la tecnologia fins a l&#8217;internacionalisme i la creaci\u00f3 de diners i deutes, amb el missatge d&#8217;organitzar el m\u00f3n d&#8217;una manera que benefici\u00ef tothom per igual i acabi amb l&#8217;explotaci\u00f3 dels pobres pels rics. India Today<\/p>\n","protected":false},"excerpt":{"rendered":"<p>\u00c1VILA RENATA \/ HORVAT SR\u00c9CKO<\/p>\n","protected":false},"featured_media":64914,"template":"","meta":{"_acf_changed":false,"om_disable_all_campaigns":false,"rs_blank_template":"","rs_page_bg_color":"","slide_template_v7":"","inline_featured_image":false,"_monsterinsights_skip_tracking":false,"_monsterinsights_sitenote_active":false,"_monsterinsights_sitenote_note":"","_monsterinsights_sitenote_category":0},"product_brand":[],"product_cat":[90],"product_tag":[],"class_list":{"0":"post-16885","1":"product","2":"type-product","3":"status-publish","4":"has-post-thumbnail","6":"product_cat-altres","8":"first","9":"instock","10":"taxable","11":"shipping-taxable","12":"purchasable","13":"product-type-simple"},"acf":{"autor":"\u00c1VILA RENATA \/ HORVAT SR\u00c9CKO","codart":"841792558","libros-coleccion":"Ciclog\u00e8nesi","ediciones":"1","encuadernacion":"Carpeta","fecha_de_publicacion":"01\/03\/2021","novedad":"1","paginas":"296","subtitulo":"EL M\u00d3N DESPR\u00c9S DE LA COVID-19","orden":"0","portada":"0","idioma":"cat","editorial":[{"ID":148732,"post_author":"3","post_date":"2022-10-14 12:00:33","post_date_gmt":"2022-10-14 10:00:33","post_content":"","post_title":"RAYO VERDE EDITORIAL","post_excerpt":"","post_status":"publish","comment_status":"closed","ping_status":"closed","post_password":"","post_name":"rayo-verde-editorial","to_ping":"","pinged":"","post_modified":"2022-10-14 12:00:33","post_modified_gmt":"2022-10-14 10:00:33","post_content_filtered":"","post_parent":0,"guid":"http:\/\/dev.claret.cat\/editorial\/rayo-verde-editorial\/","menu_order":0,"post_type":"editorial","post_mime_type":"","comment_count":"0","filter":"raw"}],"autores-libros":[{"ID":151276,"post_author":"3","post_date":"2022-10-14 14:39:36","post_date_gmt":"2022-10-14 12:39:36","post_content":"","post_title":"\u00c1VILA RENATA","post_excerpt":"","post_status":"publish","comment_status":"closed","ping_status":"closed","post_password":"","post_name":"avila-renata","to_ping":"","pinged":"","post_modified":"2022-10-14 14:39:36","post_modified_gmt":"2022-10-14 12:39:36","post_content_filtered":"","post_parent":0,"guid":"http:\/\/dev.claret.cat\/autor\/avila-renata\/","menu_order":0,"post_type":"autor","post_mime_type":"","comment_count":"0","filter":"raw"},{"ID":157652,"post_author":"3","post_date":"2022-10-14 15:30:32","post_date_gmt":"2022-10-14 13:30:32","post_content":"","post_title":"HORVAT SR\u00c9CKO","post_excerpt":"","post_status":"publish","comment_status":"closed","ping_status":"closed","post_password":"","post_name":"horvat-srecko","to_ping":"","pinged":"","post_modified":"2022-10-14 15:30:32","post_modified_gmt":"2022-10-14 13:30:32","post_content_filtered":"","post_parent":0,"guid":"http:\/\/dev.claret.cat\/autor\/horvat-srecko\/","menu_order":0,"post_type":"autor","post_mime_type":"","comment_count":"0","filter":"raw"}]},"aioseo_notices":[],"_links":{"self":[{"href":"https:\/\/www.claret.cat\/es\/wp-json\/wp\/v2\/product\/16885","targetHints":{"allow":["GET"]}}],"collection":[{"href":"https:\/\/www.claret.cat\/es\/wp-json\/wp\/v2\/product"}],"about":[{"href":"https:\/\/www.claret.cat\/es\/wp-json\/wp\/v2\/types\/product"}],"wp:featuredmedia":[{"embeddable":true,"href":"https:\/\/www.claret.cat\/es\/wp-json\/wp\/v2\/media\/64914"}],"wp:attachment":[{"href":"https:\/\/www.claret.cat\/es\/wp-json\/wp\/v2\/media?parent=16885"}],"wp:term":[{"taxonomy":"product_brand","embeddable":true,"href":"https:\/\/www.claret.cat\/es\/wp-json\/wp\/v2\/product_brand?post=16885"},{"taxonomy":"product_cat","embeddable":true,"href":"https:\/\/www.claret.cat\/es\/wp-json\/wp\/v2\/product_cat?post=16885"},{"taxonomy":"product_tag","embeddable":true,"href":"https:\/\/www.claret.cat\/es\/wp-json\/wp\/v2\/product_tag?post=16885"}],"curies":[{"name":"wp","href":"https:\/\/api.w.org\/{rel}","templated":true}]}}