{"id":16888,"date":"2022-10-01T23:22:54","date_gmt":"2022-10-01T21:22:54","guid":{"rendered":"http:\/\/dev.claret.cat\/producte\/todo-debe-cambiar\/"},"modified":"2023-01-28T19:12:32","modified_gmt":"2023-01-28T18:12:32","slug":"todo-debe-cambiar-9788417925598","status":"publish","type":"product","link":"https:\/\/www.claret.cat\/es\/libro\/todo-debe-cambiar-9788417925598\/","title":{"rendered":"\u00a1TODO DEBE CAMBIAR!"},"content":{"rendered":"<p>En estas p\u00e1ginas encontrar\u00e1 voces influyentes, que van desde Roger Waters a Noam Chomsky, Slavoj ?i?ek a Saskia Sassen. Gael Garc\u00eda Bernal, Brian Eno y Larry Charles examinan las consecuencias m\u00e1s culturales y art\u00edsticas de la pandemia, tocando temas de amor, juego, comedia y tiempo. Sus palabras se sit\u00faan junto a an\u00e1lisis de las paradojas y las posibilidades de la deuda, el internacionalismo y la solidaridad por parte de Astra Taylor, David Graeber, Vijay Prashad y Stephanie Kelton.Las crecientes medidas de vigilancia y control en nombre de la salud p\u00fablica son una preocupaci\u00f3n para muchos de los colaboradores de este libro, incluidos Shoshana Zuboff y Evgeny Morozov, as\u00ed como las oportunidades que presenta la crisis para la explotaci\u00f3n por parte de financieros, tecn\u00f3cratas y la extrema derecha.En contra del retorno a la normalidad y, de hecho, a la noci\u00f3n que nunca hab\u00eda tal cosa, estas conversaciones insisten en que hay un cambio sist\u00e9mico urgente para hacer frente no s\u00f3lo a las pandemias derivadas de la destrucci\u00f3n humana de la naturaleza, sino tambi\u00e9n a las incesantes debilidades de capitalismo global contempor\u00e1neo.<br \/>Es una recopilaci\u00f3n, urgente, de di\u00e1logos cuyo tema abarca el amplio espectro de transformaciones sociales y pol\u00edticas mundiales que afirman que son necesarias para evitar la extinci\u00f3n humana en un futuro pr\u00f3ximo. Nada puede ser mucho m\u00e1s urgente que eso. JOHN HAWKINS, OpEdNews.comEl libro re\u00fane pensadores progresistas para reflexionar sobre el mundo que se ha fracturado ra\u00edz del coronavirus. Cada pensador aborda un tema, desde el amor y la tecnolog\u00eda hasta el internacionalismo y la creaci\u00f3n de dinero y deudas, con el mensaje de organizar el mundo de una manera que beneficie a todos por igual y acabe con la explotaci\u00f3n los pobres por los ricos. India Today<\/p>\n","protected":false},"excerpt":{"rendered":"<p>\u00c1VILA RENATA \/ HORVAT SR\u00c9CKO<\/p>\n","protected":false},"featured_media":64916,"template":"","meta":{"_acf_changed":false,"om_disable_all_campaigns":false,"rs_blank_template":"","rs_page_bg_color":"","slide_template_v7":"","inline_featured_image":false,"_monsterinsights_skip_tracking":false,"_monsterinsights_sitenote_active":false,"_monsterinsights_sitenote_note":"","_monsterinsights_sitenote_category":0},"product_brand":[],"product_cat":[90,120],"product_tag":[],"class_list":{"0":"post-16888","1":"product","2":"type-product","3":"status-publish","4":"has-post-thumbnail","6":"product_cat-altres","7":"product_cat-politica","9":"first","10":"instock","11":"taxable","12":"shipping-taxable","13":"purchasable","14":"product-type-simple"},"acf":{"autor":"\u00c1VILA RENATA \/ HORVAT SR\u00c9CKO","codart":"841792559","libros-coleccion":"Ciclog\u00e9nesis","ediciones":"1","encuadernacion":"Carpeta","fecha_de_publicacion":"01\/03\/2021","novedad":"1","paginas":"300","subtitulo":"EL MUNDO DESPU\u00c9S DE LA COVID-19","orden":"0","portada":"0","idioma":"spa","editorial":[{"ID":148732,"post_author":"3","post_date":"2022-10-14 12:00:33","post_date_gmt":"2022-10-14 10:00:33","post_content":"","post_title":"RAYO VERDE EDITORIAL","post_excerpt":"","post_status":"publish","comment_status":"closed","ping_status":"closed","post_password":"","post_name":"rayo-verde-editorial","to_ping":"","pinged":"","post_modified":"2022-10-14 12:00:33","post_modified_gmt":"2022-10-14 10:00:33","post_content_filtered":"","post_parent":0,"guid":"http:\/\/dev.claret.cat\/editorial\/rayo-verde-editorial\/","menu_order":0,"post_type":"editorial","post_mime_type":"","comment_count":"0","filter":"raw"}],"autores-libros":[{"ID":151276,"post_author":"3","post_date":"2022-10-14 14:39:36","post_date_gmt":"2022-10-14 12:39:36","post_content":"","post_title":"\u00c1VILA RENATA","post_excerpt":"","post_status":"publish","comment_status":"closed","ping_status":"closed","post_password":"","post_name":"avila-renata","to_ping":"","pinged":"","post_modified":"2022-10-14 14:39:36","post_modified_gmt":"2022-10-14 12:39:36","post_content_filtered":"","post_parent":0,"guid":"http:\/\/dev.claret.cat\/autor\/avila-renata\/","menu_order":0,"post_type":"autor","post_mime_type":"","comment_count":"0","filter":"raw"},{"ID":157652,"post_author":"3","post_date":"2022-10-14 15:30:32","post_date_gmt":"2022-10-14 13:30:32","post_content":"","post_title":"HORVAT SR\u00c9CKO","post_excerpt":"","post_status":"publish","comment_status":"closed","ping_status":"closed","post_password":"","post_name":"horvat-srecko","to_ping":"","pinged":"","post_modified":"2022-10-14 15:30:32","post_modified_gmt":"2022-10-14 13:30:32","post_content_filtered":"","post_parent":0,"guid":"http:\/\/dev.claret.cat\/autor\/horvat-srecko\/","menu_order":0,"post_type":"autor","post_mime_type":"","comment_count":"0","filter":"raw"}]},"aioseo_notices":[],"_links":{"self":[{"href":"https:\/\/www.claret.cat\/es\/wp-json\/wp\/v2\/product\/16888","targetHints":{"allow":["GET"]}}],"collection":[{"href":"https:\/\/www.claret.cat\/es\/wp-json\/wp\/v2\/product"}],"about":[{"href":"https:\/\/www.claret.cat\/es\/wp-json\/wp\/v2\/types\/product"}],"wp:featuredmedia":[{"embeddable":true,"href":"https:\/\/www.claret.cat\/es\/wp-json\/wp\/v2\/media\/64916"}],"wp:attachment":[{"href":"https:\/\/www.claret.cat\/es\/wp-json\/wp\/v2\/media?parent=16888"}],"wp:term":[{"taxonomy":"product_brand","embeddable":true,"href":"https:\/\/www.claret.cat\/es\/wp-json\/wp\/v2\/product_brand?post=16888"},{"taxonomy":"product_cat","embeddable":true,"href":"https:\/\/www.claret.cat\/es\/wp-json\/wp\/v2\/product_cat?post=16888"},{"taxonomy":"product_tag","embeddable":true,"href":"https:\/\/www.claret.cat\/es\/wp-json\/wp\/v2\/product_tag?post=16888"}],"curies":[{"name":"wp","href":"https:\/\/api.w.org\/{rel}","templated":true}]}}