{"id":16915,"date":"2022-10-01T23:23:17","date_gmt":"2022-10-01T21:23:17","guid":{"rendered":"http:\/\/dev.claret.cat\/producte\/la-caiguda\/"},"modified":"2024-02-19T12:55:59","modified_gmt":"2024-02-19T11:55:59","slug":"la-caiguda-9788417925802","status":"publish","type":"product","link":"https:\/\/www.claret.cat\/es\/libro\/la-caiguda-9788417925802\/","title":{"rendered":"LA CAIGUDA"},"content":{"rendered":"<p>Jean-Baptiste Clamence \u00e9s un complet egoista. Un home enamorat d&#8217;ell mateix. Fins que un esdeveniment capgira la seva vida: un vespre, tornant a casa, Jean-Baptiste passa per un pont des d&#8217;on presencia com una noia es llan\u00e7a a l&#8217;aigua. Ell no fa res per ajudar-la. Des d&#8217;aquest moment, la sensaci\u00f3 de culpa augmenta fins a convertir-se en una obsessi\u00f3. L&#8217;incident l&#8217;ha abocat a plantejar-se tota la seva exist\u00e8ncia, que ara jutja com a in\u00fatil i pretenciosa. Ja no aguanta m\u00e9s. Una nit, confessa la seva hist\u00f2ria en un bar d&#8217;Amsterdam\u2026<\/p>\n","protected":false},"excerpt":{"rendered":"<p>CAMUS, ALBERT<\/p>\n","protected":false},"featured_media":61072,"template":"","meta":{"_acf_changed":false,"om_disable_all_campaigns":false,"rs_blank_template":"","rs_page_bg_color":"","slide_template_v7":"","inline_featured_image":false,"_monsterinsights_skip_tracking":false,"_monsterinsights_sitenote_active":false,"_monsterinsights_sitenote_note":"","_monsterinsights_sitenote_category":0},"product_brand":[],"product_cat":[354,123],"product_tag":[],"class_list":{"0":"post-16915","1":"product","2":"type-product","3":"status-publish","4":"has-post-thumbnail","6":"product_cat-clasica","7":"product_cat-classica","9":"first","10":"instock","11":"taxable","12":"shipping-taxable","13":"purchasable","14":"product-type-simple"},"acf":{"autor":"CAMUS, ALBERT","codart":"841792580","libros-coleccion":"RAIGS GLOBULARS","ediciones":"1","encuadernacion":"R\u00fastica","fecha_de_publicacion":"01\/01\/2022","novedad":"1","paginas":"126","subtitulo":"","orden":"0","portada":"0","idioma":"cat","editorial":[{"ID":148732,"post_author":"3","post_date":"2022-10-14 12:00:33","post_date_gmt":"2022-10-14 10:00:33","post_content":"","post_title":"RAYO VERDE EDITORIAL","post_excerpt":"","post_status":"publish","comment_status":"closed","ping_status":"closed","post_password":"","post_name":"rayo-verde-editorial","to_ping":"","pinged":"","post_modified":"2022-10-14 12:00:33","post_modified_gmt":"2022-10-14 10:00:33","post_content_filtered":"","post_parent":0,"guid":"http:\/\/dev.claret.cat\/editorial\/rayo-verde-editorial\/","menu_order":0,"post_type":"editorial","post_mime_type":"","comment_count":"0","filter":"raw"}],"autores-libros":[{"ID":149405,"post_author":"3","post_date":"2022-10-14 14:24:35","post_date_gmt":"2022-10-14 12:24:35","post_content":"","post_title":"ALBERT CAMUS","post_excerpt":"","post_status":"publish","comment_status":"closed","ping_status":"closed","post_password":"","post_name":"albert-camus","to_ping":"","pinged":"","post_modified":"2022-10-14 14:24:35","post_modified_gmt":"2022-10-14 12:24:35","post_content_filtered":"","post_parent":0,"guid":"http:\/\/dev.claret.cat\/autor\/albert-camus\/","menu_order":0,"post_type":"autor","post_mime_type":"","comment_count":"0","filter":"raw"}]},"aioseo_notices":[],"_links":{"self":[{"href":"https:\/\/www.claret.cat\/es\/wp-json\/wp\/v2\/product\/16915","targetHints":{"allow":["GET"]}}],"collection":[{"href":"https:\/\/www.claret.cat\/es\/wp-json\/wp\/v2\/product"}],"about":[{"href":"https:\/\/www.claret.cat\/es\/wp-json\/wp\/v2\/types\/product"}],"wp:featuredmedia":[{"embeddable":true,"href":"https:\/\/www.claret.cat\/es\/wp-json\/wp\/v2\/media\/61072"}],"wp:attachment":[{"href":"https:\/\/www.claret.cat\/es\/wp-json\/wp\/v2\/media?parent=16915"}],"wp:term":[{"taxonomy":"product_brand","embeddable":true,"href":"https:\/\/www.claret.cat\/es\/wp-json\/wp\/v2\/product_brand?post=16915"},{"taxonomy":"product_cat","embeddable":true,"href":"https:\/\/www.claret.cat\/es\/wp-json\/wp\/v2\/product_cat?post=16915"},{"taxonomy":"product_tag","embeddable":true,"href":"https:\/\/www.claret.cat\/es\/wp-json\/wp\/v2\/product_tag?post=16915"}],"curies":[{"name":"wp","href":"https:\/\/api.w.org\/{rel}","templated":true}]}}