{"id":16945,"date":"2022-10-01T23:23:42","date_gmt":"2022-10-01T21:23:42","guid":{"rendered":"http:\/\/dev.claret.cat\/producte\/el-modelo-toyota-para-la-mejora-continua\/"},"modified":"2023-01-28T20:53:37","modified_gmt":"2023-01-28T19:53:37","slug":"el-modelo-toyota-para-la-mejora-continua-9788417942212","status":"publish","type":"product","link":"https:\/\/www.claret.cat\/es\/libro\/el-modelo-toyota-para-la-mejora-continua-9788417942212\/","title":{"rendered":"EL MODELO TOYOTA PARA LA MEJORA CONTINUA"},"content":{"rendered":"<p>La autoridad mundial en los procesos Toyota, Jeffrey K. Liker, ha descrito c\u00f3mo y por qu\u00e9 los procesos de producci\u00f3n de la compa\u00f1\u00eda dan como resultado una calidad en todos los \u00e1mbitos. Ahora, en colaboraci\u00f3n con el ex ingeniero de producci\u00f3n de Toyota James Franz, nos muestra c\u00f3mo dentro de nuestra organizaci\u00f3n se pueden construir procesos igualmente efectivos.<\/p>\n<p> EL MODELO TOYOTA PARA LA MEJORA CONTINUA proporciona todo lo necesario para crear un sistema de mejora continua que proporciona una s\u00f3lida sostenibilidad a largo plazo.<\/p>\n","protected":false},"excerpt":{"rendered":"<p>LIKER, JEFFREY K. \/ FRANZ, JAMES K.<\/p>\n","protected":false},"featured_media":318165,"template":"","meta":{"_acf_changed":false,"om_disable_all_campaigns":false,"rs_blank_template":"","rs_page_bg_color":"","slide_template_v7":"","inline_featured_image":false,"_monsterinsights_skip_tracking":false,"_monsterinsights_sitenote_active":false,"_monsterinsights_sitenote_note":"","_monsterinsights_sitenote_category":0},"product_brand":[],"product_cat":[90,540],"product_tag":[],"class_list":{"0":"post-16945","1":"product","2":"type-product","3":"status-publish","4":"has-post-thumbnail","6":"product_cat-altres","7":"product_cat-otros","9":"first","10":"instock","11":"taxable","12":"shipping-taxable","13":"purchasable","14":"product-type-simple"},"acf":{"autor":"LIKER, JEFFREY K. \/ FRANZ, JAMES K.","codart":"841794221","libros-coleccion":"","ediciones":"1","encuadernacion":"R\u00fastica","fecha_de_publicacion":"01\/02\/2020","novedad":"0","paginas":"456","subtitulo":"CONECTANDO LA ESTRATEGIA Y LA EXCELENCIA OPERACIONAL PARA CONSEGUIR UN RENDIMIEN","orden":"0","portada":"0","idioma":"spa","editorial":[{"ID":148698,"post_author":"3","post_date":"2022-10-14 12:00:17","post_date_gmt":"2022-10-14 10:00:17","post_content":"","post_title":"PROFIT EDITORIAL","post_excerpt":"","post_status":"publish","comment_status":"closed","ping_status":"closed","post_password":"","post_name":"profit-editorial","to_ping":"","pinged":"","post_modified":"2022-10-14 12:00:17","post_modified_gmt":"2022-10-14 10:00:17","post_content_filtered":"","post_parent":0,"guid":"http:\/\/dev.claret.cat\/editorial\/profit-editorial\/","menu_order":0,"post_type":"editorial","post_mime_type":"","comment_count":"0","filter":"raw"}],"autores-libros":[{"ID":158956,"post_author":"3","post_date":"2022-10-14 15:40:56","post_date_gmt":"2022-10-14 13:40:56","post_content":"","post_title":"JEFFREY K. LIKER","post_excerpt":"","post_status":"publish","comment_status":"closed","ping_status":"closed","post_password":"","post_name":"jeffrey-k-liker","to_ping":"","pinged":"","post_modified":"2022-10-14 15:40:56","post_modified_gmt":"2022-10-14 13:40:56","post_content_filtered":"","post_parent":0,"guid":"http:\/\/dev.claret.cat\/autor\/jeffrey-k-liker\/","menu_order":0,"post_type":"autor","post_mime_type":"","comment_count":"0","filter":"raw"},{"ID":158421,"post_author":"3","post_date":"2022-10-14 15:36:43","post_date_gmt":"2022-10-14 13:36:43","post_content":"","post_title":"JAMES K. FRANZ","post_excerpt":"","post_status":"publish","comment_status":"closed","ping_status":"closed","post_password":"","post_name":"james-k-franz","to_ping":"","pinged":"","post_modified":"2022-10-14 15:36:43","post_modified_gmt":"2022-10-14 13:36:43","post_content_filtered":"","post_parent":0,"guid":"http:\/\/dev.claret.cat\/autor\/james-k-franz\/","menu_order":0,"post_type":"autor","post_mime_type":"","comment_count":"0","filter":"raw"}]},"aioseo_notices":[],"_links":{"self":[{"href":"https:\/\/www.claret.cat\/es\/wp-json\/wp\/v2\/product\/16945","targetHints":{"allow":["GET"]}}],"collection":[{"href":"https:\/\/www.claret.cat\/es\/wp-json\/wp\/v2\/product"}],"about":[{"href":"https:\/\/www.claret.cat\/es\/wp-json\/wp\/v2\/types\/product"}],"wp:featuredmedia":[{"embeddable":true,"href":"https:\/\/www.claret.cat\/es\/wp-json\/wp\/v2\/media\/318165"}],"wp:attachment":[{"href":"https:\/\/www.claret.cat\/es\/wp-json\/wp\/v2\/media?parent=16945"}],"wp:term":[{"taxonomy":"product_brand","embeddable":true,"href":"https:\/\/www.claret.cat\/es\/wp-json\/wp\/v2\/product_brand?post=16945"},{"taxonomy":"product_cat","embeddable":true,"href":"https:\/\/www.claret.cat\/es\/wp-json\/wp\/v2\/product_cat?post=16945"},{"taxonomy":"product_tag","embeddable":true,"href":"https:\/\/www.claret.cat\/es\/wp-json\/wp\/v2\/product_tag?post=16945"}],"curies":[{"name":"wp","href":"https:\/\/api.w.org\/{rel}","templated":true}]}}