{"id":1699,"date":"2022-07-27T20:55:52","date_gmt":"2022-07-27T18:55:52","guid":{"rendered":"http:\/\/dev.claret.cat\/producto\/prente-temps-ii-8472631923\/"},"modified":"2025-02-14T16:39:16","modified_gmt":"2025-02-14T15:39:16","slug":"prente-temps-ii-9788472631922","status":"publish","type":"product","link":"https:\/\/www.claret.cat\/es\/libro\/prente-temps-ii-9788472631922\/","title":{"rendered":"PREN-TE TEMPS. II"},"content":{"rendered":"<p>Preg\u00e0ries agrupades en diferents tem\u00e0tiques per a facilitar la utilitzaci\u00f3 dels textos del llibre anterior. Recull de preg\u00e0ries, vol ser un company de cam\u00ed per a monitors i nanos per ajudar-los a obrir-se a D\u00e9u i als altres.<\/p>\n","protected":false},"excerpt":{"rendered":"<p>CASANOVA, JOAN<\/p>\n","protected":false},"featured_media":1005378,"template":"","meta":{"_acf_changed":false,"om_disable_all_campaigns":false,"rs_blank_template":"","rs_page_bg_color":"","slide_template_v7":"","inline_featured_image":false,"_monsterinsights_skip_tracking":false,"_monsterinsights_sitenote_active":false,"_monsterinsights_sitenote_note":"","_monsterinsights_sitenote_category":0},"product_brand":[],"product_cat":[406,268,390,229,581,478,219,405,267,479,220],"product_tag":[],"class_list":{"0":"post-1699","1":"product","2":"type-product","3":"status-publish","4":"has-post-thumbnail","6":"product_cat-adolescentes","7":"product_cat-adolescents","8":"product_cat-convivencias-y-colonias","9":"product_cat-convivencies-i-colonies","10":"product_cat-editorial-claret","11":"product_cat-infantil-catequesis-1_espiritualidad","12":"product_cat-infantil-catequesi","13":"product_cat-infantil-pastoral-1_espiritualidad","14":"product_cat-infantil-pastoral","15":"product_cat-juvenil-catequesis-1_espiritualidad","16":"product_cat-juvenil-catequesi","18":"first","19":"instock","20":"taxable","21":"shipping-taxable","22":"purchasable","23":"product-type-simple"},"acf":{"autor":"CASANOVA, JOAN","codart":"847263192","ediciones":"6","encuadernacion":"R\u00fastica","fecha_de_publicacion":"01\/04\/1998","novedad":"0","paginas":"128","subtitulo":"PREG\u00c0RIES. MATERIAL DE PREG\u00c0RIA I REFLEXI\u00d3 PER A INFANTS, ADOLESCENTS I JOVES","orden":"999","portada":"0","idioma":"cat","libros-coleccion":"ELS DAUS","autores-libros":[{"ID":5337,"post_author":"3","post_date":"2022-07-28 17:21:49","post_date_gmt":"2022-07-28 15:21:49","post_content":"","post_title":"CASALS I CLUBS D\u00b4ESPLAI] [COORDINACI\u00d3 CATALANA DE COL\u00d2NIES","post_excerpt":"","post_status":"publish","comment_status":"closed","ping_status":"closed","post_password":"","post_name":"casals-i-clubs-desplai-coordinacio-catalana-de-colonies","to_ping":"","pinged":"","post_modified":"2022-07-28 17:21:49","post_modified_gmt":"2022-07-28 15:21:49","post_content_filtered":"","post_parent":0,"guid":"http:\/\/dev.claret.cat\/autor\/casals-i-clubs-desplai-coordinacio-catalana-de-colonies\/","menu_order":0,"post_type":"autor","post_mime_type":"","comment_count":"0","filter":"raw"}],"editorial":[{"ID":6158,"post_author":"3","post_date":"2022-07-28 17:46:08","post_date_gmt":"2022-07-28 15:46:08","post_content":"","post_title":"CLARET","post_excerpt":"","post_status":"publish","comment_status":"closed","ping_status":"closed","post_password":"","post_name":"claret","to_ping":"","pinged":"","post_modified":"2022-07-28 17:46:08","post_modified_gmt":"2022-07-28 15:46:08","post_content_filtered":"","post_parent":0,"guid":"http:\/\/dev.claret.cat\/editorial\/claret\/","menu_order":0,"post_type":"editorial","post_mime_type":"","comment_count":"0","filter":"raw"}]},"aioseo_notices":[],"_links":{"self":[{"href":"https:\/\/www.claret.cat\/es\/wp-json\/wp\/v2\/product\/1699","targetHints":{"allow":["GET"]}}],"collection":[{"href":"https:\/\/www.claret.cat\/es\/wp-json\/wp\/v2\/product"}],"about":[{"href":"https:\/\/www.claret.cat\/es\/wp-json\/wp\/v2\/types\/product"}],"wp:featuredmedia":[{"embeddable":true,"href":"https:\/\/www.claret.cat\/es\/wp-json\/wp\/v2\/media\/1005378"}],"wp:attachment":[{"href":"https:\/\/www.claret.cat\/es\/wp-json\/wp\/v2\/media?parent=1699"}],"wp:term":[{"taxonomy":"product_brand","embeddable":true,"href":"https:\/\/www.claret.cat\/es\/wp-json\/wp\/v2\/product_brand?post=1699"},{"taxonomy":"product_cat","embeddable":true,"href":"https:\/\/www.claret.cat\/es\/wp-json\/wp\/v2\/product_cat?post=1699"},{"taxonomy":"product_tag","embeddable":true,"href":"https:\/\/www.claret.cat\/es\/wp-json\/wp\/v2\/product_tag?post=1699"}],"curies":[{"name":"wp","href":"https:\/\/api.w.org\/{rel}","templated":true}]}}