{"id":17011,"date":"2022-10-01T23:24:37","date_gmt":"2022-10-01T21:24:37","guid":{"rendered":"http:\/\/dev.claret.cat\/producte\/elogio-de-la-hospitalidad\/"},"modified":"2026-02-26T17:36:09","modified_gmt":"2026-02-26T16:36:09","slug":"elogio-de-la-hospitalidad-9788417951061","status":"publish","type":"product","link":"https:\/\/www.claret.cat\/es\/libro\/elogio-de-la-hospitalidad-9788417951061\/","title":{"rendered":"ELOGIO DE LA HOSPITALIDAD"},"content":{"rendered":"<p>Una meditaci\u00f3n singular sobre la \u00edntima conexi\u00f3n entre el cuidado de los dem\u00e1s y el de uno mismo, sobre el valor profundo de la hospitalidad. Priya Basil explora c\u00f3mo la comida, y ofrecer comida a los dem\u00e1s, pueden servir para expresar amor y apoyo. La autora arroja una luz distinta sobre lo que significa ser anfitri\u00f3n y ser invitado. En un mundo donde se construyen y se cierran fronteras, Elogio de la hospitalidad es un llamamiento, tan delicado como convincente, en favor de un mundo m\u00e1s amable y acogedor donde en definitiva todos nos sintamos en todo lugar como en casa.<\/p>\n","protected":false},"excerpt":{"rendered":"<p>BASIL, PRIYA<\/p>\n","protected":false},"featured_media":1086803,"template":"","meta":{"_acf_changed":false,"om_disable_all_campaigns":false,"rs_blank_template":"","rs_page_bg_color":"","slide_template_v7":"","inline_featured_image":false,"_monsterinsights_skip_tracking":false,"_monsterinsights_sitenote_active":false,"_monsterinsights_sitenote_note":"","_monsterinsights_sitenote_category":0},"product_brand":[],"product_cat":[373,166],"product_tag":[],"class_list":{"0":"post-17011","1":"product","2":"type-product","3":"status-publish","4":"has-post-thumbnail","6":"product_cat-autores","7":"product_cat-autors-filosofia","9":"first","10":"instock","11":"taxable","12":"shipping-taxable","13":"purchasable","14":"product-type-simple"},"acf":{"autor":"BASIL, PRIYA","codart":"841795106","libros-coleccion":"ALFABETO","ediciones":"1","encuadernacion":"R\u00fastica","fecha_de_publicacion":"01\/06\/2020","novedad":"1","paginas":"133","subtitulo":"SOBRE LA COMIDA Y EL SENTIDO DE LA GENEROSIDAD","orden":"0","portada":"0","idioma":"spa","editorial":[{"ID":147391,"post_author":"3","post_date":"2022-10-14 11:50:13","post_date_gmt":"2022-10-14 09:50:13","post_content":"","post_title":"Alfabeto Editorial SL","post_excerpt":"","post_status":"publish","comment_status":"closed","ping_status":"closed","post_password":"","post_name":"alfabeto-editorial-sl","to_ping":"","pinged":"","post_modified":"2022-10-14 11:50:13","post_modified_gmt":"2022-10-14 09:50:13","post_content_filtered":"","post_parent":0,"guid":"http:\/\/dev.claret.cat\/editorial\/alfabeto-editorial-sl\/","menu_order":0,"post_type":"editorial","post_mime_type":"","comment_count":"0","filter":"raw"}],"autores-libros":[{"ID":167422,"post_author":"3","post_date":"2022-10-14 18:11:04","post_date_gmt":"2022-10-14 16:11:04","post_content":"","post_title":"PRIYA BASIL","post_excerpt":"","post_status":"publish","comment_status":"closed","ping_status":"closed","post_password":"","post_name":"priya-basil","to_ping":"","pinged":"","post_modified":"2022-10-14 18:11:04","post_modified_gmt":"2022-10-14 16:11:04","post_content_filtered":"","post_parent":0,"guid":"http:\/\/dev.claret.cat\/autor\/priya-basil\/","menu_order":0,"post_type":"autor","post_mime_type":"","comment_count":"0","filter":"raw"}],"booktrailer":"","resenas":""},"aioseo_notices":[],"_links":{"self":[{"href":"https:\/\/www.claret.cat\/es\/wp-json\/wp\/v2\/product\/17011","targetHints":{"allow":["GET"]}}],"collection":[{"href":"https:\/\/www.claret.cat\/es\/wp-json\/wp\/v2\/product"}],"about":[{"href":"https:\/\/www.claret.cat\/es\/wp-json\/wp\/v2\/types\/product"}],"wp:featuredmedia":[{"embeddable":true,"href":"https:\/\/www.claret.cat\/es\/wp-json\/wp\/v2\/media\/1086803"}],"wp:attachment":[{"href":"https:\/\/www.claret.cat\/es\/wp-json\/wp\/v2\/media?parent=17011"}],"wp:term":[{"taxonomy":"product_brand","embeddable":true,"href":"https:\/\/www.claret.cat\/es\/wp-json\/wp\/v2\/product_brand?post=17011"},{"taxonomy":"product_cat","embeddable":true,"href":"https:\/\/www.claret.cat\/es\/wp-json\/wp\/v2\/product_cat?post=17011"},{"taxonomy":"product_tag","embeddable":true,"href":"https:\/\/www.claret.cat\/es\/wp-json\/wp\/v2\/product_tag?post=17011"}],"curies":[{"name":"wp","href":"https:\/\/api.w.org\/{rel}","templated":true}]}}