{"id":17038,"date":"2022-10-01T23:25:02","date_gmt":"2022-10-01T21:25:02","guid":{"rendered":"http:\/\/dev.claret.cat\/producte\/meditaciones-para-nuestro-tiempo\/"},"modified":"2023-10-06T10:19:56","modified_gmt":"2023-10-06T08:19:56","slug":"meditaciones-para-nuestro-tiempo-9788417951245","status":"publish","type":"product","link":"https:\/\/www.claret.cat\/es\/libro\/meditaciones-para-nuestro-tiempo-9788417951245\/","title":{"rendered":"MEDITACIONES PARA NUESTRO TIEMPO"},"content":{"rendered":"<p>Las Meditaciones son consideradas la gran obra de Marco Aurelio, emperador del Imperio romano y una de las figuras m\u00e1s representativas de la filosof\u00eda estoica. Su obra constituye una compilaci\u00f3n de ideas y sentencias breves que reflexionan sobre temas filos\u00f3ficos y la vida interior del emperador. La presente edici\u00f3n se trata de una nueva traducci\u00f3n y selecci\u00f3n de la gran obra de Marco Aurelio, una compilaci\u00f3n de ideas que reflexionan sobre la vida y el mundo.<\/p>\n","protected":false},"excerpt":{"rendered":"<p>MARCO AURELIO<\/p>\n","protected":false},"featured_media":56231,"template":"","meta":{"_acf_changed":false,"om_disable_all_campaigns":false,"rs_blank_template":"","rs_page_bg_color":"","slide_template_v7":"","inline_featured_image":false,"_monsterinsights_skip_tracking":false,"_monsterinsights_sitenote_active":false,"_monsterinsights_sitenote_note":"","_monsterinsights_sitenote_category":0},"product_brand":[],"product_cat":[373],"product_tag":[],"class_list":{"0":"post-17038","1":"product","2":"type-product","3":"status-publish","4":"has-post-thumbnail","6":"product_cat-autores","8":"first","9":"instock","10":"taxable","11":"shipping-taxable","12":"purchasable","13":"product-type-simple"},"acf":{"autor":"MARCO AURELIO","codart":"841795124","libros-coleccion":"","ediciones":"1","encuadernacion":"R\u00fastica","fecha_de_publicacion":"01\/03\/2022","novedad":"1","paginas":"143","subtitulo":"","orden":"0","portada":"0","idioma":"spa","editorial":[{"ID":147391,"post_author":"3","post_date":"2022-10-14 11:50:13","post_date_gmt":"2022-10-14 09:50:13","post_content":"","post_title":"Alfabeto Editorial SL","post_excerpt":"","post_status":"publish","comment_status":"closed","ping_status":"closed","post_password":"","post_name":"alfabeto-editorial-sl","to_ping":"","pinged":"","post_modified":"2022-10-14 11:50:13","post_modified_gmt":"2022-10-14 09:50:13","post_content_filtered":"","post_parent":0,"guid":"http:\/\/dev.claret.cat\/editorial\/alfabeto-editorial-sl\/","menu_order":0,"post_type":"editorial","post_mime_type":"","comment_count":"0","filter":"raw"}],"autores-libros":[{"ID":163405,"post_author":"3","post_date":"2022-10-14 17:38:46","post_date_gmt":"2022-10-14 15:38:46","post_content":"","post_title":"MARCO AURELIO","post_excerpt":"","post_status":"publish","comment_status":"closed","ping_status":"closed","post_password":"","post_name":"marco-aurelio-2","to_ping":"","pinged":"","post_modified":"2022-10-14 17:38:46","post_modified_gmt":"2022-10-14 15:38:46","post_content_filtered":"","post_parent":0,"guid":"http:\/\/dev.claret.cat\/autor\/marco-aurelio-2\/","menu_order":0,"post_type":"autor","post_mime_type":"","comment_count":"0","filter":"raw"}]},"aioseo_notices":[],"_links":{"self":[{"href":"https:\/\/www.claret.cat\/es\/wp-json\/wp\/v2\/product\/17038","targetHints":{"allow":["GET"]}}],"collection":[{"href":"https:\/\/www.claret.cat\/es\/wp-json\/wp\/v2\/product"}],"about":[{"href":"https:\/\/www.claret.cat\/es\/wp-json\/wp\/v2\/types\/product"}],"wp:featuredmedia":[{"embeddable":true,"href":"https:\/\/www.claret.cat\/es\/wp-json\/wp\/v2\/media\/56231"}],"wp:attachment":[{"href":"https:\/\/www.claret.cat\/es\/wp-json\/wp\/v2\/media?parent=17038"}],"wp:term":[{"taxonomy":"product_brand","embeddable":true,"href":"https:\/\/www.claret.cat\/es\/wp-json\/wp\/v2\/product_brand?post=17038"},{"taxonomy":"product_cat","embeddable":true,"href":"https:\/\/www.claret.cat\/es\/wp-json\/wp\/v2\/product_cat?post=17038"},{"taxonomy":"product_tag","embeddable":true,"href":"https:\/\/www.claret.cat\/es\/wp-json\/wp\/v2\/product_tag?post=17038"}],"curies":[{"name":"wp","href":"https:\/\/api.w.org\/{rel}","templated":true}]}}