{"id":1707,"date":"2022-07-27T20:56:04","date_gmt":"2022-07-27T18:56:04","guid":{"rendered":"http:\/\/dev.claret.cat\/producto\/suma-contra-los-gentiles-i-libros-1o-y-2o-8479148934\/"},"modified":"2026-02-04T18:46:01","modified_gmt":"2026-02-04T17:46:01","slug":"suma-contra-los-gentiles-i-libros-1o-y-2o-9788479148935","status":"publish","type":"product","link":"https:\/\/www.claret.cat\/es\/libro\/suma-contra-los-gentiles-i-libros-1o-y-2o-9788479148935\/","title":{"rendered":"SUMA CONTRA LOS GENTILES I. LIBROS 1\u00ba Y 2\u00ba"},"content":{"rendered":"<p>Edici\u00f3n biling\u00fce dirigida por: Laureano Robles Carcedo y Adolfo Robles Sierra. Introducciones por Eudaldo Forment Giralt.  <br \/>La \u00abSuma contra los gentiles\u00bb pertenece al conjunto de \u00absumas\u00bb \u2014como g\u00e9nero literario\u2014 que pretende ofrecer una ense\u00f1anza de conjunto organizada. Por su contenido es filos\u00f3fica, porque utiliza argumentos racionales, aunque por su intenci\u00f3n es apolog\u00e9tica. <br \/>La redacci\u00f3n de los cuatro libros que componen la obra, en los que Santo Tom\u00e1s emple\u00f3 unos cinco a\u00f1os (1259-1264), fue debida a la petici\u00f3n de San Raimundo de Pe\u00f1afort, para que sirviesen como manual de apolog\u00e9tica a los frailes que se dedicaban en Espa\u00f1a a la evangelizaci\u00f3n de los infieles musulmanes y de los jud\u00edos de las tierras reconquistadas. <br \/>Es una de las pocas obras del Aquinate de las que se conserva gran parte del texto del original escrito por \u00e9l (Libro I, cap. 13 hasta el III, cap. 120), guardado en el Archivo Vaticano. <br \/>Esta primera \u00abSuma\u00bb de Santo Tom\u00e1s es una obra filos\u00f3fica, pero en pleno acuerdo con la fe cristiana. Es un tratado filos\u00f3fico o racional, en sentido amplio, sobre Dios. De Dios en s\u00ed mismo, de Dios en cuanto creador y de c\u00f3mo Dios es fin de todo se ocupan los tres primeros libros de la obra. El cuarto y \u00faltimo es teol\u00f3gico, porque se basa en la revelaci\u00f3n divina. Se vuelven a tratar las tres grandes cuestiones \u2014Dios en s\u00ed, como principio y como fin de todos los seres\u2014, pero por la v\u00eda sobrenatural.<\/p>\n","protected":false},"excerpt":{"rendered":"<p>TOM\u00c1S DE AQUINO, SANTO<\/p>\n","protected":false},"featured_media":1081120,"template":"","meta":{"_acf_changed":false,"om_disable_all_campaigns":false,"rs_blank_template":"","rs_page_bg_color":"","slide_template_v7":"","inline_featured_image":false,"_monsterinsights_skip_tracking":false,"_monsterinsights_sitenote_active":false,"_monsterinsights_sitenote_note":"","_monsterinsights_sitenote_category":0},"product_brand":[],"product_cat":[416,281,275,413,374,167,278,508],"product_tag":[],"class_list":{"0":"post-1707","1":"product","2":"type-product","3":"status-publish","4":"has-post-thumbnail","6":"product_cat-escatologia-teologia-1_espiritualidad","7":"product_cat-escatologia","8":"product_cat-fonamental","9":"product_cat-fundamental","10":"product_cat-metafisica-filosofia-2_humanidades","11":"product_cat-metafisica","12":"product_cat-misteri-de-deu","13":"product_cat-misterio-de-dios","15":"first","16":"instock","17":"taxable","18":"shipping-taxable","19":"purchasable","20":"product-type-simple"},"acf":{"autor":"TOM\u00c1S DE AQUINO, SANTO","codart":"847914893","ediciones":"1","encuadernacion":"Tela","fecha_de_publicacion":"05\/10\/2007","novedad":"0","paginas":"728","subtitulo":"DIOS. SU EXISTENCIA, SU NATURALEZA. LA CREACI\u00d3N Y LAS CRIATURAS","orden":"999","portada":"0","idioma":"spa","libros-coleccion":"BAC Normal","autores-libros":[{"ID":6020,"post_author":"3","post_date":"2022-07-28 17:36:27","post_date_gmt":"2022-07-28 15:36:27","post_content":"","post_title":"SANTO TOMAS DE AQUINO","post_excerpt":"","post_status":"publish","comment_status":"closed","ping_status":"closed","post_password":"","post_name":"santo-tomas-de-aquino","to_ping":"","pinged":"","post_modified":"2022-07-28 17:36:27","post_modified_gmt":"2022-07-28 15:36:27","post_content_filtered":"","post_parent":0,"guid":"http:\/\/dev.claret.cat\/autor\/santo-tomas-de-aquino\/","menu_order":0,"post_type":"autor","post_mime_type":"","comment_count":"0","filter":"raw"}],"editorial":[{"ID":6139,"post_author":"3","post_date":"2022-07-28 17:45:43","post_date_gmt":"2022-07-28 15:45:43","post_content":"","post_title":"BAC","post_excerpt":"","post_status":"publish","comment_status":"closed","ping_status":"closed","post_password":"","post_name":"bac","to_ping":"","pinged":"","post_modified":"2022-07-28 17:45:43","post_modified_gmt":"2022-07-28 15:45:43","post_content_filtered":"","post_parent":0,"guid":"http:\/\/dev.claret.cat\/editorial\/bac\/","menu_order":0,"post_type":"editorial","post_mime_type":"","comment_count":"0","filter":"raw"}],"booktrailer":"","resenas":""},"aioseo_notices":[],"_links":{"self":[{"href":"https:\/\/www.claret.cat\/es\/wp-json\/wp\/v2\/product\/1707","targetHints":{"allow":["GET"]}}],"collection":[{"href":"https:\/\/www.claret.cat\/es\/wp-json\/wp\/v2\/product"}],"about":[{"href":"https:\/\/www.claret.cat\/es\/wp-json\/wp\/v2\/types\/product"}],"wp:featuredmedia":[{"embeddable":true,"href":"https:\/\/www.claret.cat\/es\/wp-json\/wp\/v2\/media\/1081120"}],"wp:attachment":[{"href":"https:\/\/www.claret.cat\/es\/wp-json\/wp\/v2\/media?parent=1707"}],"wp:term":[{"taxonomy":"product_brand","embeddable":true,"href":"https:\/\/www.claret.cat\/es\/wp-json\/wp\/v2\/product_brand?post=1707"},{"taxonomy":"product_cat","embeddable":true,"href":"https:\/\/www.claret.cat\/es\/wp-json\/wp\/v2\/product_cat?post=1707"},{"taxonomy":"product_tag","embeddable":true,"href":"https:\/\/www.claret.cat\/es\/wp-json\/wp\/v2\/product_tag?post=1707"}],"curies":[{"name":"wp","href":"https:\/\/api.w.org\/{rel}","templated":true}]}}