{"id":1709,"date":"2022-07-27T20:56:07","date_gmt":"2022-07-27T18:56:07","guid":{"rendered":"http:\/\/dev.claret.cat\/producto\/arqueologia-biblia-historia-cb-131-8481693480\/"},"modified":"2024-05-23T13:11:10","modified_gmt":"2024-05-23T11:11:10","slug":"arqueologia-biblia-historia-cb-131-9788481693485","status":"publish","type":"product","link":"https:\/\/www.claret.cat\/es\/libro\/arqueologia-biblia-historia-cb-131-9788481693485\/","title":{"rendered":"ARQUEOLOG\u00cdA, BIBLIA, HISTORIA (CB 131)"},"content":{"rendered":"<p>Como sabemos, la \u201cverdad\u201d de un relato no siempre es sin\u00f3nimo de \u201chistoricidad\u201d. Hoy ya no se pide a la arqueolog\u00eda que \u201cpruebe\u201d el relato sagrado, y \u00e9ste ya no se entiende como un libro de historia. Queda por comprender las relaciones que mantienen entre s\u00ed. Un arque\u00f3logo, un exegeta y un historiador exponen aqu\u00ed sus puntos de vista. Los ejemplos que ponen est\u00e1n tomados en su mayor parte de los libros hist\u00f3ricos, que contienen hechos situados en los mal conocidos per\u00edodos llamados de la \u201cconquista\u201d y la \u201cmonarqu\u00eda\u201d (entre 1000 y 587 a. C.). A lo largo de estas p\u00e1ginas, las figuras de Josu\u00e9, Sans\u00f3n, David o Jos\u00edas, la constituci\u00f3n de las leyes, la conquista de la ciudad de Hebr\u00f3n o el asedio de Jerusal\u00e9n por Senaquerib adquieren un nuevo relieve.<\/p>\n","protected":false},"excerpt":{"rendered":"<p>BRIEND, JACQUES; ARTUS, O<\/p>\n","protected":false},"featured_media":371797,"template":"","meta":{"_acf_changed":false,"om_disable_all_campaigns":false,"rs_blank_template":"","rs_page_bg_color":"","slide_template_v7":"","inline_featured_image":false,"_monsterinsights_skip_tracking":false,"_monsterinsights_sitenote_active":false,"_monsterinsights_sitenote_note":"","_monsterinsights_sitenote_category":0},"product_brand":[],"product_cat":[341,75,412,274,460,197],"product_tag":[],"class_list":{"0":"post-1709","1":"product","2":"type-product","3":"status-publish","4":"has-post-thumbnail","6":"product_cat-biblia-es","7":"product_cat-biblia","8":"product_cat-estudios-sagrada-escritura","9":"product_cat-estudis-sagrada-escriptura","10":"product_cat-libros-historicos","11":"product_cat-llibres-historics","13":"first","14":"instock","15":"taxable","16":"shipping-taxable","17":"purchasable","18":"product-type-simple"},"acf":{"autor":"BRIEND, JACQUES; ARTUS, O","codart":"848169348","ediciones":"1","encuadernacion":"R\u00fastica","fecha_de_publicacion":"29\/09\/2006","novedad":"0","paginas":"60","subtitulo":"","orden":"999","portada":"0","idioma":"spa","libros-coleccion":"CUADERNOS BIBLICOS","autores-libros":[{"ID":5563,"post_author":"3","post_date":"2022-07-28 17:26:40","post_date_gmt":"2022-07-28 15:26:40","post_content":"","post_title":"JACQUES BRIEND","post_excerpt":"","post_status":"publish","comment_status":"closed","ping_status":"closed","post_password":"","post_name":"jacques-briend","to_ping":"","pinged":"","post_modified":"2022-07-28 17:26:40","post_modified_gmt":"2022-07-28 15:26:40","post_content_filtered":"","post_parent":0,"guid":"http:\/\/dev.claret.cat\/autor\/jacques-briend\/","menu_order":0,"post_type":"autor","post_mime_type":"","comment_count":"0","filter":"raw"},{"ID":5371,"post_author":"3","post_date":"2022-07-28 17:22:32","post_date_gmt":"2022-07-28 15:22:32","post_content":"","post_title":"DAMIEN NOEL","post_excerpt":"","post_status":"publish","comment_status":"closed","ping_status":"closed","post_password":"","post_name":"damien-noel","to_ping":"","pinged":"","post_modified":"2022-07-28 17:22:32","post_modified_gmt":"2022-07-28 15:22:32","post_content_filtered":"","post_parent":0,"guid":"http:\/\/dev.claret.cat\/autor\/damien-noel\/","menu_order":0,"post_type":"autor","post_mime_type":"","comment_count":"0","filter":"raw"},{"ID":5899,"post_author":"3","post_date":"2022-07-28 17:33:53","post_date_gmt":"2022-07-28 15:33:53","post_content":"","post_title":"OLIVIER ARTUS","post_excerpt":"","post_status":"publish","comment_status":"closed","ping_status":"closed","post_password":"","post_name":"olivier-artus","to_ping":"","pinged":"","post_modified":"2022-07-28 17:33:53","post_modified_gmt":"2022-07-28 15:33:53","post_content_filtered":"","post_parent":0,"guid":"http:\/\/dev.claret.cat\/autor\/olivier-artus\/","menu_order":0,"post_type":"autor","post_mime_type":"","comment_count":"0","filter":"raw"}],"editorial":[{"ID":6390,"post_author":"3","post_date":"2022-07-28 17:51:08","post_date_gmt":"2022-07-28 15:51:08","post_content":"","post_title":"VERBO DIVINO","post_excerpt":"","post_status":"publish","comment_status":"closed","ping_status":"closed","post_password":"","post_name":"verbo-divino","to_ping":"","pinged":"","post_modified":"2022-07-28 17:51:08","post_modified_gmt":"2022-07-28 15:51:08","post_content_filtered":"","post_parent":0,"guid":"http:\/\/dev.claret.cat\/editorial\/verbo-divino\/","menu_order":0,"post_type":"editorial","post_mime_type":"","comment_count":"0","filter":"raw"}]},"aioseo_notices":[],"_links":{"self":[{"href":"https:\/\/www.claret.cat\/es\/wp-json\/wp\/v2\/product\/1709","targetHints":{"allow":["GET"]}}],"collection":[{"href":"https:\/\/www.claret.cat\/es\/wp-json\/wp\/v2\/product"}],"about":[{"href":"https:\/\/www.claret.cat\/es\/wp-json\/wp\/v2\/types\/product"}],"wp:featuredmedia":[{"embeddable":true,"href":"https:\/\/www.claret.cat\/es\/wp-json\/wp\/v2\/media\/371797"}],"wp:attachment":[{"href":"https:\/\/www.claret.cat\/es\/wp-json\/wp\/v2\/media?parent=1709"}],"wp:term":[{"taxonomy":"product_brand","embeddable":true,"href":"https:\/\/www.claret.cat\/es\/wp-json\/wp\/v2\/product_brand?post=1709"},{"taxonomy":"product_cat","embeddable":true,"href":"https:\/\/www.claret.cat\/es\/wp-json\/wp\/v2\/product_cat?post=1709"},{"taxonomy":"product_tag","embeddable":true,"href":"https:\/\/www.claret.cat\/es\/wp-json\/wp\/v2\/product_tag?post=1709"}],"curies":[{"name":"wp","href":"https:\/\/api.w.org\/{rel}","templated":true}]}}