{"id":1714,"date":"2022-07-27T20:56:15","date_gmt":"2022-07-27T18:56:15","guid":{"rendered":"http:\/\/dev.claret.cat\/producto\/lesglesia-i-els-sagraments-cami-catecumenal-universitari-2-848297033x\/"},"modified":"2024-05-23T12:08:09","modified_gmt":"2024-05-23T10:08:09","slug":"lesglesia-i-els-sagraments-cami-catecumenal-universitari-2-9788482970332","status":"publish","type":"product","link":"https:\/\/www.claret.cat\/es\/libro\/lesglesia-i-els-sagraments-cami-catecumenal-universitari-2-9788482970332\/","title":{"rendered":"L&#8217;ESGL\u00c9SIA I ELS SAGRAMENTS. CAM\u00cd CATECUMENAL UNIVERSITARI 2"},"content":{"rendered":"<p>Tema del llibre: Jesucrist en la hist\u00f2ria. Quin \u00e9s, per tant, el sentit de l&#8217;Esgl\u00e9sia i de les seves celebracions de fe cristiana, els sagraments.<\/p>\n","protected":false},"excerpt":{"rendered":"<p>EQUIP DE CONCILIARIS<\/p>\n","protected":false},"featured_media":354918,"template":"","meta":{"_acf_changed":false,"om_disable_all_campaigns":false,"rs_blank_template":"","rs_page_bg_color":"","slide_template_v7":"","inline_featured_image":false,"_monsterinsights_skip_tracking":false,"_monsterinsights_sitenote_active":false,"_monsterinsights_sitenote_note":"","_monsterinsights_sitenote_category":0},"product_brand":[],"product_cat":[581,269,220,407,479,522,298,404,265],"product_tag":[],"class_list":{"0":"post-1714","1":"product","2":"type-product","3":"status-publish","4":"has-post-thumbnail","6":"product_cat-editorial-claret","7":"product_cat-juvenil-pastoral","8":"product_cat-juvenil-catequesi","9":"product_cat-juvenil-pastoral-1_espiritualidad","10":"product_cat-juvenil-catequesis-1_espiritualidad","11":"product_cat-sacramental-pastoral-1_espiritualidad","12":"product_cat-sacramental","13":"product_cat-universitaria-pastoral-1_espiritualidad","14":"product_cat-universitaria","16":"first","17":"instock","18":"taxable","19":"shipping-taxable","20":"purchasable","21":"product-type-simple"},"acf":{"autor":"EQUIP DE CONCILIARIS","codart":"848297033","ediciones":"1","encuadernacion":"R\u00fastica","fecha_de_publicacion":"01\/07\/1996","novedad":"0","paginas":"176","subtitulo":"CAM\u00cd CATECUMENAL UNIVERSITARI 2","orden":"999","portada":"0","idioma":"cat","libros-coleccion":"HORITZONS","autores-libros":[{"ID":5457,"post_author":"3","post_date":"2022-07-28 17:24:22","post_date_gmt":"2022-07-28 15:24:22","post_content":"","post_title":"EQUIP DE CONSILIARIS C.V.X. BERCHMANS","post_excerpt":"","post_status":"publish","comment_status":"closed","ping_status":"closed","post_password":"","post_name":"equip-de-consiliaris-c-v-x-berchmans","to_ping":"","pinged":"","post_modified":"2022-07-28 17:24:22","post_modified_gmt":"2022-07-28 15:24:22","post_content_filtered":"","post_parent":0,"guid":"http:\/\/dev.claret.cat\/autor\/equip-de-consiliaris-c-v-x-berchmans\/","menu_order":0,"post_type":"autor","post_mime_type":"","comment_count":"0","filter":"raw"}],"editorial":[{"ID":6158,"post_author":"3","post_date":"2022-07-28 17:46:08","post_date_gmt":"2022-07-28 15:46:08","post_content":"","post_title":"CLARET","post_excerpt":"","post_status":"publish","comment_status":"closed","ping_status":"closed","post_password":"","post_name":"claret","to_ping":"","pinged":"","post_modified":"2022-07-28 17:46:08","post_modified_gmt":"2022-07-28 15:46:08","post_content_filtered":"","post_parent":0,"guid":"http:\/\/dev.claret.cat\/editorial\/claret\/","menu_order":0,"post_type":"editorial","post_mime_type":"","comment_count":"0","filter":"raw"}]},"aioseo_notices":[],"_links":{"self":[{"href":"https:\/\/www.claret.cat\/es\/wp-json\/wp\/v2\/product\/1714","targetHints":{"allow":["GET"]}}],"collection":[{"href":"https:\/\/www.claret.cat\/es\/wp-json\/wp\/v2\/product"}],"about":[{"href":"https:\/\/www.claret.cat\/es\/wp-json\/wp\/v2\/types\/product"}],"wp:featuredmedia":[{"embeddable":true,"href":"https:\/\/www.claret.cat\/es\/wp-json\/wp\/v2\/media\/354918"}],"wp:attachment":[{"href":"https:\/\/www.claret.cat\/es\/wp-json\/wp\/v2\/media?parent=1714"}],"wp:term":[{"taxonomy":"product_brand","embeddable":true,"href":"https:\/\/www.claret.cat\/es\/wp-json\/wp\/v2\/product_brand?post=1714"},{"taxonomy":"product_cat","embeddable":true,"href":"https:\/\/www.claret.cat\/es\/wp-json\/wp\/v2\/product_cat?post=1714"},{"taxonomy":"product_tag","embeddable":true,"href":"https:\/\/www.claret.cat\/es\/wp-json\/wp\/v2\/product_tag?post=1714"}],"curies":[{"name":"wp","href":"https:\/\/api.w.org\/{rel}","templated":true}]}}