{"id":171739,"date":"2022-10-20T00:34:50","date_gmt":"2022-10-19T22:34:50","guid":{"rendered":"http:\/\/dev.claret.cat\/producte\/a-los-pies-de-los-discipulos\/"},"modified":"2024-05-02T05:22:38","modified_gmt":"2024-05-02T03:22:38","slug":"a-los-pies-de-los-discipulos-9788428839266","status":"publish","type":"product","link":"https:\/\/www.claret.cat\/es\/libro\/a-los-pies-de-los-discipulos-9788428839266\/","title":{"rendered":"A LOS PIES DE LOS DISC\u00cdPULOS"},"content":{"rendered":"<p>El libro\u00a0ofrece\u00a0una meditaci\u00f3n sobre el sentido y el valor que supone desempe\u00f1ar una tarea al servicio del pueblo de Dios y c\u00f3mo entender la autoridad en la Iglesia. La obra, cuyos destinatarios preferentes son los cl\u00e9rigos, va tambi\u00e9n dirigida a quienes realizan alguna tarea y desempe\u00f1an un cargo en la comunidad cristiana (catequistas, agentes de pastoral&#8230;), y quiere ser tambi\u00e9n una humilde contribuci\u00f3n a la reflexi\u00f3n eclesial sobre la sinodalidad.<\/p>\n","protected":false},"excerpt":{"rendered":"<p>ECHEVARR\u00cdA SERRANO, FRANCISCO<\/p>\n","protected":false},"featured_media":454384,"template":"","meta":{"_acf_changed":false,"om_disable_all_campaigns":false,"rs_blank_template":"","rs_page_bg_color":"","slide_template_v7":"","inline_featured_image":false,"_monsterinsights_skip_tracking":false,"_monsterinsights_sitenote_active":false,"_monsterinsights_sitenote_note":"","_monsterinsights_sitenote_category":0},"product_brand":[],"product_cat":[513,287],"product_tag":[],"class_list":{"0":"post-171739","1":"product","2":"type-product","3":"status-publish","4":"has-post-thumbnail","6":"product_cat-ministerios-ordenados","7":"product_cat-ministeris-ordenats","9":"first","10":"instock","11":"taxable","12":"shipping-taxable","13":"purchasable","14":"product-type-simple"},"acf":{"autor":"ECHEVARR\u00cdA SERRANO, FRANCISCO","codart":"842883926","libros-coleccion":"PASTORAL","ediciones":"1","encuadernacion":"R\u00fastica","fecha_de_publicacion":"19\/10\/2022","novedad":"1","paginas":"144","subtitulo":"MEDITACI\u00d3N SOBRE EL EJERCICIO DE LA AUTORIDAD EN LA IGLESIA","orden":"0","portada":"0","idioma":"spa","editorial":[{"ID":6335,"post_author":"3","post_date":"2022-07-28 17:49:59","post_date_gmt":"2022-07-28 15:49:59","post_content":"","post_title":"PPC altres","post_excerpt":"","post_status":"publish","comment_status":"closed","ping_status":"closed","post_password":"","post_name":"ppc-altres","to_ping":"","pinged":"","post_modified":"2022-07-28 17:49:59","post_modified_gmt":"2022-07-28 15:49:59","post_content_filtered":"","post_parent":0,"guid":"http:\/\/dev.claret.cat\/editorial\/ppc-altres\/","menu_order":0,"post_type":"editorial","post_mime_type":"","comment_count":"0","filter":"raw"}],"autores-libros":[{"ID":156237,"post_author":"3","post_date":"2022-10-14 15:19:12","post_date_gmt":"2022-10-14 13:19:12","post_content":"","post_title":"FRANCISCO ECHEVARR\u00cdA SERRANO","post_excerpt":"","post_status":"publish","comment_status":"closed","ping_status":"closed","post_password":"","post_name":"francisco-echevarria-serrano","to_ping":"","pinged":"","post_modified":"2022-10-14 15:19:12","post_modified_gmt":"2022-10-14 13:19:12","post_content_filtered":"","post_parent":0,"guid":"http:\/\/dev.claret.cat\/autor\/francisco-echevarria-serrano\/","menu_order":0,"post_type":"autor","post_mime_type":"","comment_count":"0","filter":"raw"}]},"aioseo_notices":[],"_links":{"self":[{"href":"https:\/\/www.claret.cat\/es\/wp-json\/wp\/v2\/product\/171739","targetHints":{"allow":["GET"]}}],"collection":[{"href":"https:\/\/www.claret.cat\/es\/wp-json\/wp\/v2\/product"}],"about":[{"href":"https:\/\/www.claret.cat\/es\/wp-json\/wp\/v2\/types\/product"}],"wp:featuredmedia":[{"embeddable":true,"href":"https:\/\/www.claret.cat\/es\/wp-json\/wp\/v2\/media\/454384"}],"wp:attachment":[{"href":"https:\/\/www.claret.cat\/es\/wp-json\/wp\/v2\/media?parent=171739"}],"wp:term":[{"taxonomy":"product_brand","embeddable":true,"href":"https:\/\/www.claret.cat\/es\/wp-json\/wp\/v2\/product_brand?post=171739"},{"taxonomy":"product_cat","embeddable":true,"href":"https:\/\/www.claret.cat\/es\/wp-json\/wp\/v2\/product_cat?post=171739"},{"taxonomy":"product_tag","embeddable":true,"href":"https:\/\/www.claret.cat\/es\/wp-json\/wp\/v2\/product_tag?post=171739"}],"curies":[{"name":"wp","href":"https:\/\/api.w.org\/{rel}","templated":true}]}}