{"id":171742,"date":"2022-10-20T00:34:54","date_gmt":"2022-10-19T22:34:54","guid":{"rendered":"http:\/\/dev.claret.cat\/producte\/hijos-y-herederos-3-guia-del-animador\/"},"modified":"2024-05-02T05:26:10","modified_gmt":"2024-05-02T03:26:10","slug":"hijos-y-herederos-3-guia-del-animador-9788428838948","status":"publish","type":"product","link":"https:\/\/www.claret.cat\/es\/libro\/hijos-y-herederos-3-guia-del-animador-9788428838948\/","title":{"rendered":"HIJOS Y HEREDEROS &#8211; 3 &#8211; GU\u00cdA DEL ANIMADOR"},"content":{"rendered":"<p>Siguiendo las indicaciones del papa Francisco, que nos invita a \u00abuna nueva etapa evangelizadora marcada por la alegr\u00eda\u00bb (Evangelii gaudium\u00a01), se presenta el proyecto de evangelizaci\u00f3n de los alejados &#8221;En las periferias&#8221;. Este proyecto, avalado por la Vicar\u00eda para la Transmisi\u00f3n de la Fe de la Di\u00f3cesis de Huelva, quiere ser un instrumento al servicio de los evangelizadores que les permita constituir, sobre todo en la parroquia, un \u00abestado permanente de misi\u00f3n\u00bb (EG\u00a025).Con este proyecto pretendemos acercar la persona de Jesucristo y la comunidad de sus disc\u00edpulos a quienes, por diversas razones, nunca han tenido la oportunidad de conocerlo como se nos muestra en los evangelios. Nuestro deseo es ayudarles a conocer al Hijo de Dios y a encontrarse con \u00e9l. En resumen: este material est\u00e1 pensado para ayudar a personas inquietas que quieran recorrer juntas un camino de fe.En este tercer libro iniciamos una etapa destinada a profundizar en los sacramentos de la Iniciaci\u00f3ncristiana, que titulamos &#8216;Hijos y herederos&#8217;. El recorrido que vamos a hacer nos\u00a0va a permitir profundizar en el acto de fe y en los tres sacramentos que la integran. Si hemos recibido los tres -el Bautismo, la Confirmaci\u00f3n y la Comuni\u00f3n-, estos encuentros nos\u00a0van a ayudar a redescubrir el sentido y el valor de los mismos para nuestra\u00a0vida de fe.La Gu\u00eda\u00a0del animador contiene todas las indicaciones necesarias para el desarrollo de los encuentros adem\u00e1s de abundante material para la formaci\u00f3n personal sobre\u00a0cada uno de los temas. La presentaci\u00f3n del texto permite tenerlo delante y que sea f\u00e1cil consultarlo durante la exposici\u00f3n.<\/p>\n","protected":false},"excerpt":{"rendered":"<p>ECHEVARR\u00cdA SERRANO, FRANCISCO<\/p>\n","protected":false},"featured_media":338463,"template":"","meta":{"_acf_changed":false,"om_disable_all_campaigns":false,"rs_blank_template":"","rs_page_bg_color":"","slide_template_v7":"","inline_featured_image":false,"_monsterinsights_skip_tracking":false,"_monsterinsights_sitenote_active":false,"_monsterinsights_sitenote_note":"","_monsterinsights_sitenote_category":0},"product_brand":[],"product_cat":[390,229,230,391],"product_tag":[],"class_list":{"0":"post-171742","1":"product","2":"type-product","3":"status-publish","4":"has-post-thumbnail","6":"product_cat-convivencias-y-colonias","7":"product_cat-convivencies-i-colonies","8":"product_cat-jocs-cancons-i-dances","9":"product_cat-juegos-canciones-y-danzas","11":"first","12":"instock","13":"taxable","14":"shipping-taxable","15":"purchasable","16":"product-type-simple"},"acf":{"autor":"ECHEVARR\u00cdA SERRANO, FRANCISCO","codart":"842883894","libros-coleccion":"FORA DE COL.LECCI\u00d3","ediciones":"1","encuadernacion":"R\u00fastica","fecha_de_publicacion":"19\/10\/2022","novedad":"1","paginas":"160","subtitulo":"GU\u00cdA DEL ANIMADOR - LOS SACRAMENTOS DE LA INICIACI\u00d3N CRISTIANA - 3 - ","orden":"0","portada":"0","idioma":"spa","editorial":[{"ID":6335,"post_author":"3","post_date":"2022-07-28 17:49:59","post_date_gmt":"2022-07-28 15:49:59","post_content":"","post_title":"PPC altres","post_excerpt":"","post_status":"publish","comment_status":"closed","ping_status":"closed","post_password":"","post_name":"ppc-altres","to_ping":"","pinged":"","post_modified":"2022-07-28 17:49:59","post_modified_gmt":"2022-07-28 15:49:59","post_content_filtered":"","post_parent":0,"guid":"http:\/\/dev.claret.cat\/editorial\/ppc-altres\/","menu_order":0,"post_type":"editorial","post_mime_type":"","comment_count":"0","filter":"raw"}],"autores-libros":[{"ID":156237,"post_author":"3","post_date":"2022-10-14 15:19:12","post_date_gmt":"2022-10-14 13:19:12","post_content":"","post_title":"FRANCISCO ECHEVARR\u00cdA SERRANO","post_excerpt":"","post_status":"publish","comment_status":"closed","ping_status":"closed","post_password":"","post_name":"francisco-echevarria-serrano","to_ping":"","pinged":"","post_modified":"2022-10-14 15:19:12","post_modified_gmt":"2022-10-14 13:19:12","post_content_filtered":"","post_parent":0,"guid":"http:\/\/dev.claret.cat\/autor\/francisco-echevarria-serrano\/","menu_order":0,"post_type":"autor","post_mime_type":"","comment_count":"0","filter":"raw"}]},"aioseo_notices":[],"_links":{"self":[{"href":"https:\/\/www.claret.cat\/es\/wp-json\/wp\/v2\/product\/171742","targetHints":{"allow":["GET"]}}],"collection":[{"href":"https:\/\/www.claret.cat\/es\/wp-json\/wp\/v2\/product"}],"about":[{"href":"https:\/\/www.claret.cat\/es\/wp-json\/wp\/v2\/types\/product"}],"wp:featuredmedia":[{"embeddable":true,"href":"https:\/\/www.claret.cat\/es\/wp-json\/wp\/v2\/media\/338463"}],"wp:attachment":[{"href":"https:\/\/www.claret.cat\/es\/wp-json\/wp\/v2\/media?parent=171742"}],"wp:term":[{"taxonomy":"product_brand","embeddable":true,"href":"https:\/\/www.claret.cat\/es\/wp-json\/wp\/v2\/product_brand?post=171742"},{"taxonomy":"product_cat","embeddable":true,"href":"https:\/\/www.claret.cat\/es\/wp-json\/wp\/v2\/product_cat?post=171742"},{"taxonomy":"product_tag","embeddable":true,"href":"https:\/\/www.claret.cat\/es\/wp-json\/wp\/v2\/product_tag?post=171742"}],"curies":[{"name":"wp","href":"https:\/\/api.w.org\/{rel}","templated":true}]}}