{"id":171775,"date":"2022-10-20T00:35:31","date_gmt":"2022-10-19T22:35:31","guid":{"rendered":"http:\/\/dev.claret.cat\/producte\/la-voz-en-el-silencio-inspirado-en-el-genesis\/"},"modified":"2026-02-19T13:15:38","modified_gmt":"2026-02-19T12:15:38","slug":"la-voz-en-el-silencio-inspirado-en-el-genesis-9788419307361","status":"publish","type":"product","link":"https:\/\/www.claret.cat\/es\/libro\/la-voz-en-el-silencio-inspirado-en-el-genesis-9788419307361\/","title":{"rendered":"LA VOZ EN EL SILENCIO. INSPIRADO EN EL G\u00c9NESIS"},"content":{"rendered":"<p>El silencio siempre ha acompa\u00f1ado a la palabra de Dios, sobre todo al que es LA PALABRA DE DIOS (con may\u00fascula), su Hijo Jesucristo que se ha hecho carne y ha resumido cuanto Dios nos ha dicho y hecho a lo largo de su historia de amor y salvaci\u00f3n desde el principio del G\u00e9nesis y ha dado su plenitud.<\/p>\n<p>Ximo, de nuevo, con esta obra, canta con las criaturas la obra de Dios, y con los hombres, en salza a su Dios y proclama las maravillas que Dios hace en favor nuestro.<\/p>\n<p>Es canto, silencio, proclamaci\u00f3n, que deja a Dios ser Dios, y que se abre a Dios y a su don por todo.<\/p>\n","protected":false},"excerpt":{"rendered":"<p>ALBINYANA, XIMO<\/p>\n","protected":false},"featured_media":1084930,"template":"","meta":{"_acf_changed":false,"om_disable_all_campaigns":false,"rs_blank_template":"","rs_page_bg_color":"","slide_template_v7":"","inline_featured_image":false,"_monsterinsights_skip_tracking":false,"_monsterinsights_sitenote_active":false,"_monsterinsights_sitenote_note":"","_monsterinsights_sitenote_category":0},"product_brand":[],"product_cat":[485,232],"product_tag":[],"class_list":{"0":"post-171775","1":"product","2":"type-product","3":"status-publish","4":"has-post-thumbnail","6":"product_cat-autores-espiritualidad-1_espiritualidad","7":"product_cat-autors-espiritualitat","9":"first","10":"instock","11":"taxable","12":"shipping-taxable","13":"purchasable","14":"product-type-simple"},"acf":{"autor":"ALBINYANA, XIMO","codart":"841930736","libros-coleccion":"","ediciones":"1","encuadernacion":"R\u00fastica","fecha_de_publicacion":"10\/10\/2022","novedad":"1","paginas":"182","subtitulo":"INSPIRADO EN EL G\u00c9NESIS","orden":"0","portada":"0","idioma":"spa","editorial":[{"ID":6309,"post_author":"3","post_date":"2022-07-28 17:49:25","post_date_gmt":"2022-07-28 15:49:25","post_content":"","post_title":"Monte Carmelo","post_excerpt":"","post_status":"publish","comment_status":"closed","ping_status":"closed","post_password":"","post_name":"monte-carmelo","to_ping":"","pinged":"","post_modified":"2022-07-28 17:49:25","post_modified_gmt":"2022-07-28 15:49:25","post_content_filtered":"","post_parent":0,"guid":"http:\/\/dev.claret.cat\/editorial\/monte-carmelo\/","menu_order":0,"post_type":"editorial","post_mime_type":"","comment_count":"0","filter":"raw"}],"autores-libros":[{"ID":171518,"post_author":"3","post_date":"2022-10-14 22:44:03","post_date_gmt":"2022-10-14 20:44:03","post_content":"","post_title":"XIMO ALBINYANA","post_excerpt":"","post_status":"publish","comment_status":"closed","ping_status":"closed","post_password":"","post_name":"ximo-albinyana","to_ping":"","pinged":"","post_modified":"2022-10-14 22:44:03","post_modified_gmt":"2022-10-14 20:44:03","post_content_filtered":"","post_parent":0,"guid":"http:\/\/dev.claret.cat\/autor\/ximo-albinyana\/","menu_order":0,"post_type":"autor","post_mime_type":"","comment_count":"0","filter":"raw"}],"booktrailer":"","resenas":""},"aioseo_notices":[],"_links":{"self":[{"href":"https:\/\/www.claret.cat\/es\/wp-json\/wp\/v2\/product\/171775","targetHints":{"allow":["GET"]}}],"collection":[{"href":"https:\/\/www.claret.cat\/es\/wp-json\/wp\/v2\/product"}],"about":[{"href":"https:\/\/www.claret.cat\/es\/wp-json\/wp\/v2\/types\/product"}],"wp:featuredmedia":[{"embeddable":true,"href":"https:\/\/www.claret.cat\/es\/wp-json\/wp\/v2\/media\/1084930"}],"wp:attachment":[{"href":"https:\/\/www.claret.cat\/es\/wp-json\/wp\/v2\/media?parent=171775"}],"wp:term":[{"taxonomy":"product_brand","embeddable":true,"href":"https:\/\/www.claret.cat\/es\/wp-json\/wp\/v2\/product_brand?post=171775"},{"taxonomy":"product_cat","embeddable":true,"href":"https:\/\/www.claret.cat\/es\/wp-json\/wp\/v2\/product_cat?post=171775"},{"taxonomy":"product_tag","embeddable":true,"href":"https:\/\/www.claret.cat\/es\/wp-json\/wp\/v2\/product_tag?post=171775"}],"curies":[{"name":"wp","href":"https:\/\/api.w.org\/{rel}","templated":true}]}}