{"id":171793,"date":"2022-10-20T00:35:52","date_gmt":"2022-10-19T22:35:52","guid":{"rendered":"http:\/\/dev.claret.cat\/producte\/unicornia-1-un-embolic-amb-brilli-brilli\/"},"modified":"2026-03-10T16:25:24","modified_gmt":"2026-03-10T15:25:24","slug":"unicornia-1-un-embolic-amb-brillibrilli-9788419421159","status":"publish","type":"product","link":"https:\/\/www.claret.cat\/es\/libro\/unicornia-1-un-embolic-amb-brillibrilli-9788419421159\/","title":{"rendered":"UNIC\u00d2RNIA 1 &#8211; UN EMBOLIC AMB BRILLI-BRILLI"},"content":{"rendered":"<p>UNIC\u00d2RNIA, AVENTURES AMB BRILLI-BRILLI Hola!<br \/>Soc la Cl\u00e0udia i acabo de mudar-me a Unic\u00f2rnia. \u00c9s el lloc m\u00e9s m\u00e0gic de l&#8221;univers!<br \/>Aqu\u00ed els unicorns volen i a l&#8221;escola fem classe de pocions&#8230; res de  matem\u00e0tiques!<br \/>S\u00ed, Unic\u00f2rnia \u00e9s genial, per\u00f2 no \u00e9s perfecta: a l&#8221;Escola de M\u00e0gia  Superior tamb\u00e9 hi ha ex\u00e0mens, i just en dos dies tinc l&#8221;examen de  vol d&#8221;unicorn! Podr\u00e9 aprendre a volar en un temps r\u00e8cord? __________________ Escola, amistat i unicorns en una s\u00e8rie de primeres lectures plena de m\u00e0gia:<br \/>-Precioses i divertides il\u00b7lustracions que acompanyen la hist\u00f2ria a cada  p\u00e0gina.<br \/>-Text senzill i entretingut, f\u00e0cil de llegir i d&#8221;entendre.<br \/>-Amb purpurina (s\u00ed, brilli-brilli!) a la coberta.<br \/>-Per als joves lectors a qui els agradin els unicorns o vulguin florar  entre n\u00favols de sucre.<br \/>-De l&#8221;autora bestseller Ana Punset, que tamb\u00e9 somia en volar amb unicorns. Benvinguts a Unic\u00f2rnia!<\/p>\n","protected":false},"excerpt":{"rendered":"<p>PUNSET, ANA<\/p>\n","protected":false},"featured_media":946774,"template":"","meta":{"_acf_changed":false,"om_disable_all_campaigns":false,"rs_blank_template":"","rs_page_bg_color":"","slide_template_v7":"","inline_featured_image":false,"_monsterinsights_skip_tracking":false,"_monsterinsights_sitenote_active":false,"_monsterinsights_sitenote_note":"","_monsterinsights_sitenote_category":0},"product_brand":[],"product_cat":[132,362],"product_tag":[],"class_list":{"0":"post-171793","1":"product","2":"type-product","3":"status-publish","4":"has-post-thumbnail","6":"product_cat-lectures-per-preadolescents-6-12-anys","7":"product_cat-libros-preadolescentes-6-12-anos","9":"first","10":"instock","11":"taxable","12":"shipping-taxable","13":"purchasable","14":"product-type-simple"},"acf":{"autor":"PUNSET, ANA","codart":"841942115","libros-coleccion":"FORA DE COL.LECCI\u00d3","ediciones":"1","encuadernacion":"R\u00fastica","fecha_de_publicacion":"01\/10\/2022","novedad":"1","paginas":"121","subtitulo":"(7-9 ANYS)","orden":"0","portada":"0","idioma":"cat","editorial":[{"ID":6310,"post_author":"3","post_date":"2022-07-28 17:49:26","post_date_gmt":"2022-07-28 15:49:26","post_content":"","post_title":"MONTENA","post_excerpt":"","post_status":"publish","comment_status":"closed","ping_status":"closed","post_password":"","post_name":"montena","to_ping":"","pinged":"","post_modified":"2022-07-28 17:49:26","post_modified_gmt":"2022-07-28 15:49:26","post_content_filtered":"","post_parent":0,"guid":"http:\/\/dev.claret.cat\/editorial\/montena\/","menu_order":0,"post_type":"editorial","post_mime_type":"","comment_count":"0","filter":"raw"}],"autores-libros":[{"ID":5236,"post_author":"3","post_date":"2022-07-28 17:19:45","post_date_gmt":"2022-07-28 15:19:45","post_content":"","post_title":"ANA PUNSET","post_excerpt":"","post_status":"publish","comment_status":"closed","ping_status":"closed","post_password":"","post_name":"ana-punset","to_ping":"","pinged":"","post_modified":"2022-07-28 17:19:45","post_modified_gmt":"2022-07-28 15:19:45","post_content_filtered":"","post_parent":0,"guid":"http:\/\/dev.claret.cat\/autor\/ana-punset\/","menu_order":0,"post_type":"autor","post_mime_type":"","comment_count":"0","filter":"raw"}],"booktrailer":"","resenas":""},"aioseo_notices":[],"_links":{"self":[{"href":"https:\/\/www.claret.cat\/es\/wp-json\/wp\/v2\/product\/171793","targetHints":{"allow":["GET"]}}],"collection":[{"href":"https:\/\/www.claret.cat\/es\/wp-json\/wp\/v2\/product"}],"about":[{"href":"https:\/\/www.claret.cat\/es\/wp-json\/wp\/v2\/types\/product"}],"wp:featuredmedia":[{"embeddable":true,"href":"https:\/\/www.claret.cat\/es\/wp-json\/wp\/v2\/media\/946774"}],"wp:attachment":[{"href":"https:\/\/www.claret.cat\/es\/wp-json\/wp\/v2\/media?parent=171793"}],"wp:term":[{"taxonomy":"product_brand","embeddable":true,"href":"https:\/\/www.claret.cat\/es\/wp-json\/wp\/v2\/product_brand?post=171793"},{"taxonomy":"product_cat","embeddable":true,"href":"https:\/\/www.claret.cat\/es\/wp-json\/wp\/v2\/product_cat?post=171793"},{"taxonomy":"product_tag","embeddable":true,"href":"https:\/\/www.claret.cat\/es\/wp-json\/wp\/v2\/product_tag?post=171793"}],"curies":[{"name":"wp","href":"https:\/\/api.w.org\/{rel}","templated":true}]}}